{"id":2850,"date":"2024-04-28T09:05:26","date_gmt":"2024-04-28T16:05:26","guid":{"rendered":"https:\/\/pocencoffee.com\/?post_type=product&#038;p=2850"},"modified":"2024-04-28T09:08:34","modified_gmt":"2024-04-28T16:08:34","slug":"anneau-recepteur-de-poudre-de-cafe-en-metal","status":"publish","type":"product","link":"https:\/\/pocencoffee.com\/fr\/product\/anneau-recepteur-de-poudre-de-cafe-en-metal\/","title":{"rendered":"Anneau m\u00e9tallique pour r\u00e9cepteur de poudre de caf\u00e9"},"content":{"rendered":"<p><strong>Anneau m\u00e9tallique pour r\u00e9cepteur de poudre de caf\u00e9<\/strong><\/p>\n<p>Il peut aider \u00e0 recevoir le marc de caf\u00e9 du moulin \u00e0 caf\u00e9, afin d'assurer le d\u00e9bordement du marc de caf\u00e9.<\/p>\n<p>Il y a 5-6 points magn\u00e9tiques, ce qui lui permet de se connecter facilement au portafiltre.<\/p>\n<p><img fetchpriority=\"high\" decoding=\"async\" class=\"alignnone size-medium wp-image-2851\" src=\"https:\/\/pocencoffee.com\/wp-content\/uploads\/2024\/04\/PBA-magnetic-doing-ring-300x300.jpg\" alt=\"\" width=\"300\" height=\"300\" title=\"\" srcset=\"https:\/\/pocencoffee.com\/wp-content\/uploads\/2024\/04\/PBA-magnetic-doing-ring-300x300.jpg 300w, https:\/\/pocencoffee.com\/wp-content\/uploads\/2024\/04\/PBA-magnetic-doing-ring-150x150.jpg 150w, https:\/\/pocencoffee.com\/wp-content\/uploads\/2024\/04\/PBA-magnetic-doing-ring-100x100.jpg 100w, https:\/\/pocencoffee.com\/wp-content\/uploads\/2024\/04\/PBA-magnetic-doing-ring.jpg 600w\" sizes=\"(max-width: 300px) 100vw, 300px\" \/><\/p>","protected":false},"excerpt":{"rendered":"<p><strong>anneau r\u00e9cepteur de poudre de caf\u00e9<\/strong><\/p>\n<p>Mat\u00e9riau : alliage d'aluminium.<\/p>\n<p>Taille : 51mm , 53mm , 58mm<\/p>\n<p>Couleur : argent\u00e9, noir ou personnalis\u00e9.<\/p>\n<p>Logo : par laser<\/p>","protected":false},"featured_media":2852,"template":"","meta":[],"product_brand":[],"product_cat":[28],"product_tag":[],"class_list":{"0":"post-2850","1":"product","2":"type-product","3":"status-publish","4":"has-post-thumbnail","6":"product_cat-more-tools","8":"first","9":"instock","10":"shipping-taxable","11":"product-type-simple"},"_links":{"self":[{"href":"https:\/\/pocencoffee.com\/fr\/wp-json\/wp\/v2\/product\/2850","targetHints":{"allow":["GET"]}}],"collection":[{"href":"https:\/\/pocencoffee.com\/fr\/wp-json\/wp\/v2\/product"}],"about":[{"href":"https:\/\/pocencoffee.com\/fr\/wp-json\/wp\/v2\/types\/product"}],"version-history":[{"count":1,"href":"https:\/\/pocencoffee.com\/fr\/wp-json\/wp\/v2\/product\/2850\/revisions"}],"predecessor-version":[{"id":2854,"href":"https:\/\/pocencoffee.com\/fr\/wp-json\/wp\/v2\/product\/2850\/revisions\/2854"}],"wp:featuredmedia":[{"embeddable":true,"href":"https:\/\/pocencoffee.com\/fr\/wp-json\/wp\/v2\/media\/2852"}],"wp:attachment":[{"href":"https:\/\/pocencoffee.com\/fr\/wp-json\/wp\/v2\/media?parent=2850"}],"wp:term":[{"taxonomy":"product_brand","embeddable":true,"href":"https:\/\/pocencoffee.com\/fr\/wp-json\/wp\/v2\/product_brand?post=2850"},{"taxonomy":"product_cat","embeddable":true,"href":"https:\/\/pocencoffee.com\/fr\/wp-json\/wp\/v2\/product_cat?post=2850"},{"taxonomy":"product_tag","embeddable":true,"href":"https:\/\/pocencoffee.com\/fr\/wp-json\/wp\/v2\/product_tag?post=2850"}],"curies":[{"name":"wp","href":"https:\/\/api.w.org\/{rel}","templated":true}]}}