{"id":3015,"date":"2024-06-19T04:12:10","date_gmt":"2024-06-19T11:12:10","guid":{"rendered":"https:\/\/pocencoffee.com\/?post_type=product&#038;p=3015"},"modified":"2024-06-19T04:12:10","modified_gmt":"2024-06-19T11:12:10","slug":"bouteilles-isothermes-en-acier-inoxydable","status":"publish","type":"product","link":"https:\/\/pocencoffee.com\/fr\/product\/bouteilles-isothermes-en-acier-inoxydable\/","title":{"rendered":"Bouteilles isothermes en acier inoxydable"},"content":{"rendered":"<p><strong>Bouteilles isothermes en acier inoxydable<\/strong><\/p>\n<p>Les bouteilles isothermes et les mugs isothermes font tous deux partie de la cat\u00e9gorie des accessoires pour le caf\u00e9.<\/p>\n<p>Nous fournissons des bouteilles isothermes (thermos) et des tasses isothermes conformes aux normes alimentaires.<\/p>\n<p>La qualit\u00e9 est strictement conforme aux normes LFGB, FDA, sans BPA et EN12546-1.<\/p>\n<p>Contactez-nous pour une v\u00e9rification claire des rapports.<\/p>\n<p><img fetchpriority=\"high\" decoding=\"async\" class=\"alignnone size-medium wp-image-3016\" src=\"https:\/\/pocencoffee.com\/wp-content\/uploads\/2024\/06\/BPA-Free-200x300.jpg\" alt=\"\" width=\"200\" height=\"300\" title=\"\" srcset=\"https:\/\/pocencoffee.com\/wp-content\/uploads\/2024\/06\/BPA-Free-200x300.jpg 200w, https:\/\/pocencoffee.com\/wp-content\/uploads\/2024\/06\/BPA-Free.jpg 400w\" sizes=\"(max-width: 200px) 100vw, 200px\" \/> <img decoding=\"async\" class=\"alignnone size-medium wp-image-3017\" src=\"https:\/\/pocencoffee.com\/wp-content\/uploads\/2024\/06\/FDA-200x300.jpg\" alt=\"\" width=\"200\" height=\"300\" title=\"\" srcset=\"https:\/\/pocencoffee.com\/wp-content\/uploads\/2024\/06\/FDA-200x300.jpg 200w, https:\/\/pocencoffee.com\/wp-content\/uploads\/2024\/06\/FDA.jpg 400w\" sizes=\"(max-width: 200px) 100vw, 200px\" \/> <img decoding=\"async\" class=\"alignnone size-medium wp-image-3018\" src=\"https:\/\/pocencoffee.com\/wp-content\/uploads\/2024\/06\/LFGB-200x300.jpg\" alt=\"\" width=\"200\" height=\"300\" title=\"\" srcset=\"https:\/\/pocencoffee.com\/wp-content\/uploads\/2024\/06\/LFGB-200x300.jpg 200w, https:\/\/pocencoffee.com\/wp-content\/uploads\/2024\/06\/LFGB.jpg 400w\" sizes=\"(max-width: 200px) 100vw, 200px\" \/><\/p>\n<div class=\"mceTemp\"><\/div>\n<p><img loading=\"lazy\" decoding=\"async\" class=\"alignnone size-medium wp-image-3023\" src=\"https:\/\/pocencoffee.com\/wp-content\/uploads\/2024\/06\/SFC-vacuum-insulated-bottles-300x300.jpg\" alt=\"\" width=\"300\" height=\"300\" title=\"\" srcset=\"https:\/\/pocencoffee.com\/wp-content\/uploads\/2024\/06\/SFC-vacuum-insulated-bottles-300x300.jpg 300w, https:\/\/pocencoffee.com\/wp-content\/uploads\/2024\/06\/SFC-vacuum-insulated-bottles-150x150.jpg 150w, https:\/\/pocencoffee.com\/wp-content\/uploads\/2024\/06\/SFC-vacuum-insulated-bottles-600x600.jpg 600w, https:\/\/pocencoffee.com\/wp-content\/uploads\/2024\/06\/SFC-vacuum-insulated-bottles-100x100.jpg 100w, https:\/\/pocencoffee.com\/wp-content\/uploads\/2024\/06\/SFC-vacuum-insulated-bottles.jpg 750w\" sizes=\"(max-width: 300px) 100vw, 300px\" \/><\/p>","protected":false},"excerpt":{"rendered":"<p>Mat\u00e9riau : int\u00e9rieur en acier inoxydable 304, ext\u00e9rieur en acier inoxydable 201.<\/p>\n<p>Couleur : personnalis\u00e9e.<\/p>\n<p>Logo : personnalis\u00e9.<\/p>\n<p>Capacit\u00e9 : 12 oz, 18 oz, 22 oz, 25 oz, 32 oz, 40 oz.<\/p>","protected":false},"featured_media":3020,"template":"","meta":[],"product_brand":[],"product_cat":[28],"product_tag":[],"class_list":{"0":"post-3015","1":"product","2":"type-product","3":"status-publish","4":"has-post-thumbnail","6":"product_cat-more-tools","8":"first","9":"instock","10":"shipping-taxable","11":"product-type-simple"},"_links":{"self":[{"href":"https:\/\/pocencoffee.com\/fr\/wp-json\/wp\/v2\/product\/3015","targetHints":{"allow":["GET"]}}],"collection":[{"href":"https:\/\/pocencoffee.com\/fr\/wp-json\/wp\/v2\/product"}],"about":[{"href":"https:\/\/pocencoffee.com\/fr\/wp-json\/wp\/v2\/types\/product"}],"version-history":[{"count":1,"href":"https:\/\/pocencoffee.com\/fr\/wp-json\/wp\/v2\/product\/3015\/revisions"}],"predecessor-version":[{"id":3024,"href":"https:\/\/pocencoffee.com\/fr\/wp-json\/wp\/v2\/product\/3015\/revisions\/3024"}],"wp:featuredmedia":[{"embeddable":true,"href":"https:\/\/pocencoffee.com\/fr\/wp-json\/wp\/v2\/media\/3020"}],"wp:attachment":[{"href":"https:\/\/pocencoffee.com\/fr\/wp-json\/wp\/v2\/media?parent=3015"}],"wp:term":[{"taxonomy":"product_brand","embeddable":true,"href":"https:\/\/pocencoffee.com\/fr\/wp-json\/wp\/v2\/product_brand?post=3015"},{"taxonomy":"product_cat","embeddable":true,"href":"https:\/\/pocencoffee.com\/fr\/wp-json\/wp\/v2\/product_cat?post=3015"},{"taxonomy":"product_tag","embeddable":true,"href":"https:\/\/pocencoffee.com\/fr\/wp-json\/wp\/v2\/product_tag?post=3015"}],"curies":[{"name":"wp","href":"https:\/\/api.w.org\/{rel}","templated":true}]}}