{"id":2921,"date":"2024-05-20T01:59:38","date_gmt":"2024-05-20T08:59:38","guid":{"rendered":"https:\/\/pocencoffee.com\/?page_id=2921"},"modified":"2025-11-25T04:10:09","modified_gmt":"2025-11-25T12:10:09","slug":"conoscenza-del-prodotto","status":"publish","type":"page","link":"https:\/\/pocencoffee.com\/it\/conoscenza-del-prodotto\/","title":{"rendered":"Conoscenza del prodotto"},"content":{"rendered":"<div data-elementor-type=\"wp-page\" data-elementor-id=\"2921\" class=\"elementor elementor-2921\" data-elementor-post-type=\"page\">\n\t\t\t\t<div class=\"elementor-element elementor-element-8d0532a e-flex e-con-boxed e-con e-parent\" data-id=\"8d0532a\" data-element_type=\"container\" data-settings=\"{&quot;background_background&quot;:&quot;classic&quot;}\">\n\t\t\t\t\t<div class=\"e-con-inner\">\n\t\t\t\t<div class=\"elementor-element elementor-element-7353d63 elementor-widget__width-initial elementor-widget elementor-widget-heading\" data-id=\"7353d63\" data-element_type=\"widget\" data-widget_type=\"heading.default\">\n\t\t\t\t<div class=\"elementor-widget-container\">\n\t\t\t\t\t<h1 class=\"elementor-heading-title elementor-size-default\">Conoscenza del prodotto<\/h1>\t\t\t\t<\/div>\n\t\t\t\t<\/div>\n\t\t\t\t<div class=\"elementor-element elementor-element-9091e34 elementor-widget elementor-widget-text-editor\" data-id=\"9091e34\" data-element_type=\"widget\" data-widget_type=\"text-editor.default\">\n\t\t\t\t<div class=\"elementor-widget-container\">\n\t\t\t\t\t\t\t\t\t<p>Scopri di pi\u00f9 su di noi. Scopri di pi\u00f9 sugli strumenti per il caff\u00e8<\/p>\t\t\t\t\t\t\t\t<\/div>\n\t\t\t\t<\/div>\n\t\t\t\t\t<\/div>\n\t\t\t\t<\/div>\n\t\t<div class=\"elementor-element elementor-element-84d9491 e-flex e-con-boxed e-con e-parent\" data-id=\"84d9491\" data-element_type=\"container\">\n\t\t\t\t\t<div class=\"e-con-inner\">\n\t\t\t\t<div class=\"elementor-element elementor-element-33ac69e elementor-widget elementor-widget-global elementor-global-3591 elementor-widget-shortcode\" data-id=\"33ac69e\" data-element_type=\"widget\" data-widget_type=\"shortcode.default\">\n\t\t\t\t<div class=\"elementor-widget-container\">\n\t\t\t\t\t\t\t<div class=\"elementor-shortcode\"><nav aria-label=\"breadcrumb\" class=\"rank-math-breadcrumb\"><p><span class=\"last\">Home<\/span><\/p><\/nav><\/div>\n\t\t\t\t\t\t<\/div>\n\t\t\t\t<\/div>\n\t\t\t\t<div class=\"elementor-element elementor-element-55d717a elementor-grid-3 elementor-grid-tablet-2 elementor-grid-mobile-1 elementor-posts--thumbnail-top elementor-posts--show-avatar elementor-card-shadow-yes elementor-posts__hover-gradient elementor-widget elementor-widget-posts\" data-id=\"55d717a\" data-element_type=\"widget\" data-settings=\"{&quot;cards_columns&quot;:&quot;3&quot;,&quot;cards_columns_tablet&quot;:&quot;2&quot;,&quot;cards_columns_mobile&quot;:&quot;1&quot;,&quot;cards_row_gap&quot;:{&quot;unit&quot;:&quot;px&quot;,&quot;size&quot;:35,&quot;sizes&quot;:[]},&quot;cards_row_gap_tablet&quot;:{&quot;unit&quot;:&quot;px&quot;,&quot;size&quot;:&quot;&quot;,&quot;sizes&quot;:[]},&quot;cards_row_gap_mobile&quot;:{&quot;unit&quot;:&quot;px&quot;,&quot;size&quot;:&quot;&quot;,&quot;sizes&quot;:[]}}\" data-widget_type=\"posts.cards\">\n\t\t\t\t<div class=\"elementor-widget-container\">\n\t\t\t\t\t\t\t<div class=\"elementor-posts-container elementor-posts elementor-posts--skin-cards elementor-grid\" role=\"list\">\n\t\t\t\t<article class=\"elementor-post elementor-grid-item post-3312 post type-post status-publish format-standard hentry category-blog\" role=\"listitem\">\n\t\t\t<div class=\"elementor-post__card\">\n\t\t\t\t<div class=\"elementor-post__text\">\n\t\t\t\t<h3 class=\"elementor-post__title\">\n\t\t\t<a href=\"https:\/\/pocencoffee.com\/it\/buona-vendita-di-prodotti-per-il-caffe\/\" >\n\t\t\t\tBuoni sconti sui prodotti a base di caff\u00e8.\t\t\t<\/a>\n\t\t<\/h3>\n\t\t\t\t<div class=\"elementor-post__excerpt\">\n\t\t\t<p>Buoni affari sui prodotti per il caff\u00e8. Per preparare una tazza gustosa con strumenti manuali, proponiamo un set regalo che include un macinino, un dripper ,<\/p>\n\t\t<\/div>\n\t\t\n\t\t<a class=\"elementor-post__read-more\" href=\"https:\/\/pocencoffee.com\/it\/buona-vendita-di-prodotti-per-il-caffe\/\" aria-label=\"Leggi tutto Good sale on coffee products.\" tabindex=\"-1\" >\n\t\t\tLeggi di pi\u00f9 \u00bb\t\t<\/a>\n\n\t\t\t\t<\/div>\n\t\t\t\t<div class=\"elementor-post__meta-data\">\n\t\t\t\t\t<span class=\"elementor-post-date\">\n\t\t\t22 ottobre 2025\t\t<\/span>\n\t\t\t\t<\/div>\n\t\t\t\t\t<\/div>\n\t\t<\/article>\n\t\t\t\t<article class=\"elementor-post elementor-grid-item post-3158 post type-post status-publish format-standard hentry category-blog\" role=\"listitem\">\n\t\t\t<div class=\"elementor-post__card\">\n\t\t\t\t<div class=\"elementor-post__text\">\n\t\t\t\t<h3 class=\"elementor-post__title\">\n\t\t\t<a href=\"https:\/\/pocencoffee.com\/it\/pressini-per-caffe\/\" >\n\t\t\t\tProduzione di un pressino per caff\u00e8 di buona qualit\u00e0\t\t\t<\/a>\n\t\t<\/h3>\n\t\t\t\t<div class=\"elementor-post__excerpt\">\n\t\t\t<p>Produzione di pressini per caff\u00e8 Il pressino per caff\u00e8 \u00e8 uno strumento indispensabile per il barista durante la preparazione di una tazza di caff\u00e8. Serve a pressare il caff\u00e8.<\/p>\n\t\t<\/div>\n\t\t\n\t\t<a class=\"elementor-post__read-more\" href=\"https:\/\/pocencoffee.com\/it\/pressini-per-caffe\/\" aria-label=\"Leggi tutto Producing a good quality Coffee tamper\" tabindex=\"-1\" >\n\t\t\tLeggi di pi\u00f9 \u00bb\t\t<\/a>\n\n\t\t\t\t<\/div>\n\t\t\t\t<div class=\"elementor-post__meta-data\">\n\t\t\t\t\t<span class=\"elementor-post-date\">\n\t\t\t5 dicembre 2024\t\t<\/span>\n\t\t\t\t<\/div>\n\t\t\t\t\t<\/div>\n\t\t<\/article>\n\t\t\t\t<article class=\"elementor-post elementor-grid-item post-2997 post type-post status-publish format-standard hentry category-blog\" role=\"listitem\">\n\t\t\t<div class=\"elementor-post__card\">\n\t\t\t\t<div class=\"elementor-post__text\">\n\t\t\t\t<h3 class=\"elementor-post__title\">\n\t\t\t<a href=\"https:\/\/pocencoffee.com\/it\/che-tipo-di-brocca-in-acciaio-inossidabile-e-adatta-per-montare-il-latte\/\" >\n\t\t\t\tChe tipo di brocca in acciaio inossidabile per montare il latte \u00e8 adatta all'uso?\t\t\t<\/a>\n\t\t<\/h3>\n\t\t\t\t<div class=\"elementor-post__excerpt\">\n\t\t\t<p>\u00a0 \u00a0 \u00a0 In realt\u00e0, l'acciaio inossidabile 18\/8 (chiamato anche acciaio inossidabile 304) \u00e8 sufficientemente buono per l'uso quotidiano. Qual \u00e8 il significato di 18\/8? Significa 18Cr.<\/p>\n\t\t<\/div>\n\t\t\n\t\t<a class=\"elementor-post__read-more\" href=\"https:\/\/pocencoffee.com\/it\/che-tipo-di-brocca-in-acciaio-inossidabile-e-adatta-per-montare-il-latte\/\" aria-label=\"Leggi tutto What kind of stainless-steel milk frothing pitcher is okay for use?\" tabindex=\"-1\" >\n\t\t\tLeggi di pi\u00f9 \u00bb\t\t<\/a>\n\n\t\t\t\t<\/div>\n\t\t\t\t<div class=\"elementor-post__meta-data\">\n\t\t\t\t\t<span class=\"elementor-post-date\">\n\t\t\t4 giugno 2024\t\t<\/span>\n\t\t\t\t<\/div>\n\t\t\t\t\t<\/div>\n\t\t<\/article>\n\t\t\t\t<article class=\"elementor-post elementor-grid-item post-2986 post type-post status-publish format-standard hentry category-blog\" role=\"listitem\">\n\t\t\t<div class=\"elementor-post__card\">\n\t\t\t\t<div class=\"elementor-post__text\">\n\t\t\t\t<h3 class=\"elementor-post__title\">\n\t\t\t<a href=\"https:\/\/pocencoffee.com\/it\/che-tipo-di-logo-non-sbiadisce\/\" >\n\t\t\t\tChe tipo di logo non sbiadisce?\t\t\t<\/a>\n\t\t<\/h3>\n\t\t\t\t<div class=\"elementor-post__excerpt\">\n\t\t\t<p>\u00a0 \u00a0 \u00a0 \u00a0 \u00a0 \u00a0 Se stai cercando un logo senza sfumature per una lattiera, un logo laser \u00e8 la soluzione ideale.<\/p>\n\t\t<\/div>\n\t\t\n\t\t<a class=\"elementor-post__read-more\" href=\"https:\/\/pocencoffee.com\/it\/che-tipo-di-logo-non-sbiadisce\/\" aria-label=\"Leggi tutto What kind of logo doesn&#8217;t color fades?\" tabindex=\"-1\" >\n\t\t\tLeggi di pi\u00f9 \u00bb\t\t<\/a>\n\n\t\t\t\t<\/div>\n\t\t\t\t<div class=\"elementor-post__meta-data\">\n\t\t\t\t\t<span class=\"elementor-post-date\">\n\t\t\t20 maggio 2024\t\t<\/span>\n\t\t\t\t<\/div>\n\t\t\t\t\t<\/div>\n\t\t<\/article>\n\t\t\t\t<article class=\"elementor-post elementor-grid-item post-2977 post type-post status-publish format-standard hentry category-blog\" role=\"listitem\">\n\t\t\t<div class=\"elementor-post__card\">\n\t\t\t\t<div class=\"elementor-post__text\">\n\t\t\t\t<h3 class=\"elementor-post__title\">\n\t\t\t<a href=\"https:\/\/pocencoffee.com\/it\/su-quali-macchine-vengono-prodotti-i-pressini-per-caffe-e-gli-strumenti-per-la-distribuzione-del-caffe\/\" >\n\t\t\t\tFase di produzione degli strumenti per la distribuzione del caff\u00e8\t\t\t<\/a>\n\t\t<\/h3>\n\t\t\t\t<div class=\"elementor-post__excerpt\">\n\t\t\t<p>\u00a0 \u00a0 \u00a0 \u00a0 \u00a0 I pressini per caff\u00e8 e gli strumenti per la distribuzione del caff\u00e8 sono entrambi realizzati con macchine CNC. Cos\u00ec come la testa del portafiltro.<\/p>\n\t\t<\/div>\n\t\t\n\t\t<a class=\"elementor-post__read-more\" href=\"https:\/\/pocencoffee.com\/it\/su-quali-macchine-vengono-prodotti-i-pressini-per-caffe-e-gli-strumenti-per-la-distribuzione-del-caffe\/\" aria-label=\"Leggi tutto Production step of the Coffee distribution tools\" tabindex=\"-1\" >\n\t\t\tLeggi di pi\u00f9 \u00bb\t\t<\/a>\n\n\t\t\t\t<\/div>\n\t\t\t\t<div class=\"elementor-post__meta-data\">\n\t\t\t\t\t<span class=\"elementor-post-date\">\n\t\t\t20 maggio 2024\t\t<\/span>\n\t\t\t\t<\/div>\n\t\t\t\t\t<\/div>\n\t\t<\/article>\n\t\t\t\t<article class=\"elementor-post elementor-grid-item post-2969 post type-post status-publish format-standard hentry category-blog\" role=\"listitem\">\n\t\t\t<div class=\"elementor-post__card\">\n\t\t\t\t<div class=\"elementor-post__text\">\n\t\t\t\t<h3 class=\"elementor-post__title\">\n\t\t\t<a href=\"https:\/\/pocencoffee.com\/it\/quante-sono-le-fasi-di-produzione-di-una-caraffa-per-schiumare-il-latte\/\" >\n\t\t\t\tFasi di produzione della brocca per schiumare il latte\t\t\t<\/a>\n\t\t<\/h3>\n\t\t\t\t<div class=\"elementor-post__excerpt\">\n\t\t\t<p>\u00a0 \u00a0 \u00a0 \u00a0 \u00a0 La produzione di una brocca per il latte prevede molte fasi. Ecco alcune delle fasi principali: taglio, rinforzo, saldatura, lucidatura, pulizia, assemblaggio, pulizia, rivestimento colorato, logo laser, imballaggio.<\/p>\n\t\t<\/div>\n\t\t\n\t\t<a class=\"elementor-post__read-more\" href=\"https:\/\/pocencoffee.com\/it\/quante-sono-le-fasi-di-produzione-di-una-caraffa-per-schiumare-il-latte\/\" aria-label=\"Leggi tutto Production steps of the milk frothing pitcher\" tabindex=\"-1\" >\n\t\t\tLeggi di pi\u00f9 \u00bb\t\t<\/a>\n\n\t\t\t\t<\/div>\n\t\t\t\t<div class=\"elementor-post__meta-data\">\n\t\t\t\t\t<span class=\"elementor-post-date\">\n\t\t\t20 maggio 2024\t\t<\/span>\n\t\t\t\t<\/div>\n\t\t\t\t\t<\/div>\n\t\t<\/article>\n\t\t\t\t<\/div>\n\t\t\n\t\t\t\t\t\t<\/div>\n\t\t\t\t<\/div>\n\t\t\t\t\t<\/div>\n\t\t\t\t<\/div>\n\t\t\t\t<\/div>","protected":false},"excerpt":{"rendered":"<p>Product Knowledge Know more about us. Know more about coffee tools<\/p>","protected":false},"author":1,"featured_media":0,"parent":0,"menu_order":0,"comment_status":"closed","ping_status":"closed","template":"","meta":{"footnotes":""},"class_list":["post-2921","page","type-page","status-publish","hentry"],"_links":{"self":[{"href":"https:\/\/pocencoffee.com\/it\/wp-json\/wp\/v2\/pages\/2921","targetHints":{"allow":["GET"]}}],"collection":[{"href":"https:\/\/pocencoffee.com\/it\/wp-json\/wp\/v2\/pages"}],"about":[{"href":"https:\/\/pocencoffee.com\/it\/wp-json\/wp\/v2\/types\/page"}],"author":[{"embeddable":true,"href":"https:\/\/pocencoffee.com\/it\/wp-json\/wp\/v2\/users\/1"}],"replies":[{"embeddable":true,"href":"https:\/\/pocencoffee.com\/it\/wp-json\/wp\/v2\/comments?post=2921"}],"version-history":[{"count":29,"href":"https:\/\/pocencoffee.com\/it\/wp-json\/wp\/v2\/pages\/2921\/revisions"}],"predecessor-version":[{"id":3602,"href":"https:\/\/pocencoffee.com\/it\/wp-json\/wp\/v2\/pages\/2921\/revisions\/3602"}],"wp:attachment":[{"href":"https:\/\/pocencoffee.com\/it\/wp-json\/wp\/v2\/media?parent=2921"}],"curies":[{"name":"wp","href":"https:\/\/api.w.org\/{rel}","templated":true}]}}