{"id":2295,"date":"2024-03-30T07:56:39","date_gmt":"2024-03-30T14:56:39","guid":{"rendered":"https:\/\/pocencoffee.com\/?post_type=product&#038;p=2295"},"modified":"2024-03-30T07:56:39","modified_gmt":"2024-03-30T14:56:39","slug":"livellatrice-per-caffe-a-mano-piu-venduta","status":"publish","type":"product","link":"https:\/\/pocencoffee.com\/it\/product\/livellatrice-per-caffe-a-mano-piu-venduta\/","title":{"rendered":"Livellatore manuale per caff\u00e8 pi\u00f9 venduto"},"content":{"rendered":"<p><strong>Livellatore manuale per caff\u00e8 pi\u00f9 venduto<\/strong><\/p>\n<p>Materiale: base per caff\u00e8 in acciaio inossidabile massiccio, manico in alluminio.<\/p>\n<p>Dimensioni: 51 mm, 53 mm, 58 mm.<\/p>\n<p>Opzioni di personalizzazione: Colore, LOGO, imballaggio.<\/p>\n<p>Design di base: piatto, filetto e personalizzazione.<\/p>\n<p>&nbsp;<\/p>","protected":false},"excerpt":{"rendered":"<p>Questo prodotto vince ogni anno il titolo di best-seller. Contattateci per i vostri ordini personalizzati.<\/p>","protected":false},"featured_media":2296,"template":"","meta":[],"product_brand":[],"product_cat":[23],"product_tag":[],"class_list":{"0":"post-2295","1":"product","2":"type-product","3":"status-publish","4":"has-post-thumbnail","6":"product_cat-coffee-tamperscoffee-coffee-leveler","8":"first","9":"instock","10":"shipping-taxable","11":"product-type-simple"},"_links":{"self":[{"href":"https:\/\/pocencoffee.com\/it\/wp-json\/wp\/v2\/product\/2295","targetHints":{"allow":["GET"]}}],"collection":[{"href":"https:\/\/pocencoffee.com\/it\/wp-json\/wp\/v2\/product"}],"about":[{"href":"https:\/\/pocencoffee.com\/it\/wp-json\/wp\/v2\/types\/product"}],"version-history":[{"count":1,"href":"https:\/\/pocencoffee.com\/it\/wp-json\/wp\/v2\/product\/2295\/revisions"}],"predecessor-version":[{"id":2300,"href":"https:\/\/pocencoffee.com\/it\/wp-json\/wp\/v2\/product\/2295\/revisions\/2300"}],"wp:featuredmedia":[{"embeddable":true,"href":"https:\/\/pocencoffee.com\/it\/wp-json\/wp\/v2\/media\/2296"}],"wp:attachment":[{"href":"https:\/\/pocencoffee.com\/it\/wp-json\/wp\/v2\/media?parent=2295"}],"wp:term":[{"taxonomy":"product_brand","embeddable":true,"href":"https:\/\/pocencoffee.com\/it\/wp-json\/wp\/v2\/product_brand?post=2295"},{"taxonomy":"product_cat","embeddable":true,"href":"https:\/\/pocencoffee.com\/it\/wp-json\/wp\/v2\/product_cat?post=2295"},{"taxonomy":"product_tag","embeddable":true,"href":"https:\/\/pocencoffee.com\/it\/wp-json\/wp\/v2\/product_tag?post=2295"}],"curies":[{"name":"wp","href":"https:\/\/api.w.org\/{rel}","templated":true}]}}