{"id":2323,"date":"2024-03-30T09:01:40","date_gmt":"2024-03-30T16:01:40","guid":{"rendered":"https:\/\/pocencoffee.com\/?post_type=product&#038;p=2323"},"modified":"2024-03-30T09:01:40","modified_gmt":"2024-03-30T16:01:40","slug":"distributore-di-caffe-portafiltro","status":"publish","type":"product","link":"https:\/\/pocencoffee.com\/it\/product\/distributore-di-caffe-portafiltro\/","title":{"rendered":"Distributore di caff\u00e8 portafiltro"},"content":{"rendered":"<p><strong>Compressore per distributore di caff\u00e8 portafiltro<\/strong><\/p>\n<p>Materiale: base per caff\u00e8 in acciaio inossidabile massiccio, manico in alluminio.<\/p>\n<p>Dimensioni: 51 mm, 53 mm, 58 mm<\/p>\n<p>Opzioni di personalizzazione: colore, LOGO, confezione<\/p>\n<p>Base: piatta, filettata e personalizzabile<\/p>","protected":false},"excerpt":{"rendered":"<p>Il design a quattro foglie di questo distributore di caff\u00e8 \u00e8 perfetto per distribuire uniformemente la polvere di caff\u00e8.<\/p>","protected":false},"featured_media":2324,"template":"","meta":[],"product_brand":[],"product_cat":[23],"product_tag":[],"class_list":{"0":"post-2323","1":"product","2":"type-product","3":"status-publish","4":"has-post-thumbnail","6":"product_cat-coffee-tamperscoffee-coffee-leveler","8":"first","9":"instock","10":"shipping-taxable","11":"product-type-simple"},"_links":{"self":[{"href":"https:\/\/pocencoffee.com\/it\/wp-json\/wp\/v2\/product\/2323","targetHints":{"allow":["GET"]}}],"collection":[{"href":"https:\/\/pocencoffee.com\/it\/wp-json\/wp\/v2\/product"}],"about":[{"href":"https:\/\/pocencoffee.com\/it\/wp-json\/wp\/v2\/types\/product"}],"version-history":[{"count":1,"href":"https:\/\/pocencoffee.com\/it\/wp-json\/wp\/v2\/product\/2323\/revisions"}],"predecessor-version":[{"id":2326,"href":"https:\/\/pocencoffee.com\/it\/wp-json\/wp\/v2\/product\/2323\/revisions\/2326"}],"wp:featuredmedia":[{"embeddable":true,"href":"https:\/\/pocencoffee.com\/it\/wp-json\/wp\/v2\/media\/2324"}],"wp:attachment":[{"href":"https:\/\/pocencoffee.com\/it\/wp-json\/wp\/v2\/media?parent=2323"}],"wp:term":[{"taxonomy":"product_brand","embeddable":true,"href":"https:\/\/pocencoffee.com\/it\/wp-json\/wp\/v2\/product_brand?post=2323"},{"taxonomy":"product_cat","embeddable":true,"href":"https:\/\/pocencoffee.com\/it\/wp-json\/wp\/v2\/product_cat?post=2323"},{"taxonomy":"product_tag","embeddable":true,"href":"https:\/\/pocencoffee.com\/it\/wp-json\/wp\/v2\/product_tag?post=2323"}],"curies":[{"name":"wp","href":"https:\/\/api.w.org\/{rel}","templated":true}]}}