{"id":2351,"date":"2024-03-31T00:54:21","date_gmt":"2024-03-31T07:54:21","guid":{"rendered":"https:\/\/pocencoffee.com\/?post_type=product&#038;p=2351"},"modified":"2024-03-31T00:54:22","modified_gmt":"2024-03-31T07:54:22","slug":"utensili-per-caffe-espresso-tamper-per-caffe","status":"publish","type":"product","link":"https:\/\/pocencoffee.com\/it\/product\/utensili-per-caffe-espresso-tamper-per-caffe\/","title":{"rendered":"Attrezzi per caff\u00e8 espresso pressino per caff\u00e8"},"content":{"rendered":"<p><strong>Attrezzi per caff\u00e8 espresso pressino per caff\u00e8<\/strong><\/p>\n<p>Materiale: base per caff\u00e8 in acciaio inossidabile massiccio, manico in alluminio.<\/p>\n<p>Dimensioni: 51 mm, 53 mm, 58 mm<\/p>\n<p>Opzioni di personalizzazione: colore, LOGO, confezione<\/p>\n<p>Base: piatta, filettata e personalizzabile<\/p>","protected":false},"excerpt":{"rendered":"<p>Il design della mano superiore \u00e8 molto bello. Quando si rincalza la polvere di caff\u00e8, la mano superiore liscia \u00e8 un ottimo punto di appoggio.<\/p>","protected":false},"featured_media":2352,"template":"","meta":[],"product_brand":[],"product_cat":[23],"product_tag":[],"class_list":{"0":"post-2351","1":"product","2":"type-product","3":"status-publish","4":"has-post-thumbnail","6":"product_cat-coffee-tamperscoffee-coffee-leveler","8":"first","9":"instock","10":"shipping-taxable","11":"product-type-simple"},"_links":{"self":[{"href":"https:\/\/pocencoffee.com\/it\/wp-json\/wp\/v2\/product\/2351","targetHints":{"allow":["GET"]}}],"collection":[{"href":"https:\/\/pocencoffee.com\/it\/wp-json\/wp\/v2\/product"}],"about":[{"href":"https:\/\/pocencoffee.com\/it\/wp-json\/wp\/v2\/types\/product"}],"version-history":[{"count":1,"href":"https:\/\/pocencoffee.com\/it\/wp-json\/wp\/v2\/product\/2351\/revisions"}],"predecessor-version":[{"id":2354,"href":"https:\/\/pocencoffee.com\/it\/wp-json\/wp\/v2\/product\/2351\/revisions\/2354"}],"wp:featuredmedia":[{"embeddable":true,"href":"https:\/\/pocencoffee.com\/it\/wp-json\/wp\/v2\/media\/2352"}],"wp:attachment":[{"href":"https:\/\/pocencoffee.com\/it\/wp-json\/wp\/v2\/media?parent=2351"}],"wp:term":[{"taxonomy":"product_brand","embeddable":true,"href":"https:\/\/pocencoffee.com\/it\/wp-json\/wp\/v2\/product_brand?post=2351"},{"taxonomy":"product_cat","embeddable":true,"href":"https:\/\/pocencoffee.com\/it\/wp-json\/wp\/v2\/product_cat?post=2351"},{"taxonomy":"product_tag","embeddable":true,"href":"https:\/\/pocencoffee.com\/it\/wp-json\/wp\/v2\/product_tag?post=2351"}],"curies":[{"name":"wp","href":"https:\/\/api.w.org\/{rel}","templated":true}]}}