{"id":2361,"date":"2024-03-31T01:09:17","date_gmt":"2024-03-31T08:09:17","guid":{"rendered":"https:\/\/pocencoffee.com\/?post_type=product&#038;p=2361"},"modified":"2024-03-31T01:09:17","modified_gmt":"2024-03-31T08:09:17","slug":"29-pezzi-di-strumenti-per-la-distribuzione-del-caffe-con-aghi-spessi","status":"publish","type":"product","link":"https:\/\/pocencoffee.com\/it\/product\/29-pezzi-di-strumenti-per-la-distribuzione-del-caffe-con-aghi-spessi\/","title":{"rendered":"29 pezzi di strumenti per la distribuzione del caff\u00e8 con aghi spessi"},"content":{"rendered":"<p><strong>29 pezzi di strumenti per la distribuzione del caff\u00e8 con aghi spessi<\/strong><\/p>\n<p>Materiale: ago in acciaio inox, manico e supporto in alluminio.<\/p>\n<p>Misura: 8 aghi, o 29 aghi.<\/p>\n<p>Opzioni di personalizzazione: colore, LOGO, confezione<\/p>\n<p><img fetchpriority=\"high\" decoding=\"async\" class=\"alignnone size-medium wp-image-2364\" src=\"https:\/\/pocencoffee.com\/wp-content\/uploads\/2024\/03\/TPW-sizes-300x167.jpg\" alt=\"\" width=\"300\" height=\"167\" title=\"\" srcset=\"https:\/\/pocencoffee.com\/wp-content\/uploads\/2024\/03\/TPW-sizes-300x167.jpg 300w, https:\/\/pocencoffee.com\/wp-content\/uploads\/2024\/03\/TPW-sizes.jpg 436w\" sizes=\"(max-width: 300px) 100vw, 300px\" \/><\/p>","protected":false},"excerpt":{"rendered":"<p>Questo strumento per la distribuzione del caff\u00e8 \u00e8 dotato di un ago spesso ma non tagliente. La quantit\u00e0 di aghi pu\u00f2 essere personalizzata.<\/p>","protected":false},"featured_media":2362,"template":"","meta":[],"product_brand":[],"product_cat":[23],"product_tag":[],"class_list":{"0":"post-2361","1":"product","2":"type-product","3":"status-publish","4":"has-post-thumbnail","6":"product_cat-coffee-tamperscoffee-coffee-leveler","8":"first","9":"instock","10":"shipping-taxable","11":"product-type-simple"},"_links":{"self":[{"href":"https:\/\/pocencoffee.com\/it\/wp-json\/wp\/v2\/product\/2361","targetHints":{"allow":["GET"]}}],"collection":[{"href":"https:\/\/pocencoffee.com\/it\/wp-json\/wp\/v2\/product"}],"about":[{"href":"https:\/\/pocencoffee.com\/it\/wp-json\/wp\/v2\/types\/product"}],"version-history":[{"count":1,"href":"https:\/\/pocencoffee.com\/it\/wp-json\/wp\/v2\/product\/2361\/revisions"}],"predecessor-version":[{"id":2365,"href":"https:\/\/pocencoffee.com\/it\/wp-json\/wp\/v2\/product\/2361\/revisions\/2365"}],"wp:featuredmedia":[{"embeddable":true,"href":"https:\/\/pocencoffee.com\/it\/wp-json\/wp\/v2\/media\/2362"}],"wp:attachment":[{"href":"https:\/\/pocencoffee.com\/it\/wp-json\/wp\/v2\/media?parent=2361"}],"wp:term":[{"taxonomy":"product_brand","embeddable":true,"href":"https:\/\/pocencoffee.com\/it\/wp-json\/wp\/v2\/product_brand?post=2361"},{"taxonomy":"product_cat","embeddable":true,"href":"https:\/\/pocencoffee.com\/it\/wp-json\/wp\/v2\/product_cat?post=2361"},{"taxonomy":"product_tag","embeddable":true,"href":"https:\/\/pocencoffee.com\/it\/wp-json\/wp\/v2\/product_tag?post=2361"}],"curies":[{"name":"wp","href":"https:\/\/api.w.org\/{rel}","templated":true}]}}