{"id":2459,"date":"2024-04-09T06:53:31","date_gmt":"2024-04-09T13:53:31","guid":{"rendered":"https:\/\/pocencoffee.com\/?post_type=product&#038;p=2459"},"modified":"2024-04-09T07:00:11","modified_gmt":"2024-04-09T14:00:11","slug":"fabbrica-di-tappetini-per-caffe-morbido","status":"publish","type":"product","link":"https:\/\/pocencoffee.com\/it\/product\/fabbrica-di-tappetini-per-caffe-morbido\/","title":{"rendered":"Fabbrica di tappetini morbidi per pressare il caff\u00e8"},"content":{"rendered":"<p><strong>Fabbrica di tappetini morbidi per pressare il caff\u00e8<\/strong><\/p>\n<p>\u00c8 realizzato in morbido silicone con il design pi\u00f9 classico: nessun bordo del tavolo. Si pu\u00f2 mettere ovunque.<\/p>\n<p>Il diametro della base \u00e8 di 60 mm e fornisce un supporto morbido per tutti i tipi di pressino, livellatore e portafiltro.<\/p>\n<p>Siamo un produttore che offre servizi di personalizzazione di logo, colori e confezioni.  Contattaci per i tuoi ordini.<\/p>","protected":false},"excerpt":{"rendered":"<p><strong>Tappetino morbido per il caff\u00e8<\/strong><\/p>\n<p>Materiale: gomma siliconica<\/p>\n<p>Dimensioni: 20cm x 15cm<\/p>\n<p>Opzioni di personalizzazione: LOGO, confezione<\/p>\n<p>Base: il diametro della base \u00e8 di 60 mm. .<\/p>","protected":false},"featured_media":2460,"template":"","meta":[],"product_brand":[],"product_cat":[26],"product_tag":[],"class_list":{"0":"post-2459","1":"product","2":"type-product","3":"status-publish","4":"has-post-thumbnail","6":"product_cat-coffee-corner-mat","8":"first","9":"instock","10":"shipping-taxable","11":"product-type-simple"},"_links":{"self":[{"href":"https:\/\/pocencoffee.com\/it\/wp-json\/wp\/v2\/product\/2459","targetHints":{"allow":["GET"]}}],"collection":[{"href":"https:\/\/pocencoffee.com\/it\/wp-json\/wp\/v2\/product"}],"about":[{"href":"https:\/\/pocencoffee.com\/it\/wp-json\/wp\/v2\/types\/product"}],"version-history":[{"count":1,"href":"https:\/\/pocencoffee.com\/it\/wp-json\/wp\/v2\/product\/2459\/revisions"}],"predecessor-version":[{"id":2462,"href":"https:\/\/pocencoffee.com\/it\/wp-json\/wp\/v2\/product\/2459\/revisions\/2462"}],"wp:featuredmedia":[{"embeddable":true,"href":"https:\/\/pocencoffee.com\/it\/wp-json\/wp\/v2\/media\/2460"}],"wp:attachment":[{"href":"https:\/\/pocencoffee.com\/it\/wp-json\/wp\/v2\/media?parent=2459"}],"wp:term":[{"taxonomy":"product_brand","embeddable":true,"href":"https:\/\/pocencoffee.com\/it\/wp-json\/wp\/v2\/product_brand?post=2459"},{"taxonomy":"product_cat","embeddable":true,"href":"https:\/\/pocencoffee.com\/it\/wp-json\/wp\/v2\/product_cat?post=2459"},{"taxonomy":"product_tag","embeddable":true,"href":"https:\/\/pocencoffee.com\/it\/wp-json\/wp\/v2\/product_tag?post=2459"}],"curies":[{"name":"wp","href":"https:\/\/api.w.org\/{rel}","templated":true}]}}