{"id":2514,"date":"2024-04-10T02:45:41","date_gmt":"2024-04-10T09:45:41","guid":{"rendered":"https:\/\/pocencoffee.com\/?post_type=product&#038;p=2514"},"modified":"2024-04-10T02:53:33","modified_gmt":"2024-04-10T09:53:33","slug":"prezzo-allingrosso-s-s-coffee-knock-box","status":"publish","type":"product","link":"https:\/\/pocencoffee.com\/it\/product\/prezzo-allingrosso-s-s-coffee-knock-box\/","title":{"rendered":"Prezzo all'ingrosso S\/S contenitore per fondi di caff\u00e8"},"content":{"rendered":"<p><strong>Prezzo all'ingrosso Scatola di caff\u00e8 a bussare in acciaio inox<\/strong><\/p>\n<p>Questa cassetta per bussare \u00e8 realizzata in acciaio inossidabile, con i bordi superiore e inferiore ricoperti di gomma siliconica per evitare lo scivolamento. Cos\u00ec come l'asta di battuta morbida.<\/p>\n<p>Il battente \u00e8 rivestito da un materiale spesso e morbido.  \u00c8 abbastanza resistente da sopportare ogni colpo, ma emette un suono leggero.<\/p>\n<p>La capacit\u00e0 di 1800 ml offre una buona quantit\u00e0 di spazio per raccogliere i fondi di caff\u00e8.<\/p>\n<p>Contattaci per ottenere un preventivo per il tuo ordine.<\/p>","protected":false},"excerpt":{"rendered":"<p>Commercio all'ingrosso di scatole per bussare<\/p>\n<p>Materiale: acciaio inox 201, asta morbida.<\/p>\n<p>Dimensioni: 17 x 17 x 16 cm (interno 14,5 cm)<\/p>\n<p>Colore: come nell'immagine, o colore nero.<\/p>\n<p>Requisiti personalizzati: logo, imballaggio<\/p>","protected":false},"featured_media":2515,"template":"","meta":[],"product_brand":[],"product_cat":[25],"product_tag":[],"class_list":{"0":"post-2514","1":"product","2":"type-product","3":"status-publish","4":"has-post-thumbnail","6":"product_cat-knock-box","8":"first","9":"instock","10":"shipping-taxable","11":"product-type-simple"},"_links":{"self":[{"href":"https:\/\/pocencoffee.com\/it\/wp-json\/wp\/v2\/product\/2514","targetHints":{"allow":["GET"]}}],"collection":[{"href":"https:\/\/pocencoffee.com\/it\/wp-json\/wp\/v2\/product"}],"about":[{"href":"https:\/\/pocencoffee.com\/it\/wp-json\/wp\/v2\/types\/product"}],"version-history":[{"count":1,"href":"https:\/\/pocencoffee.com\/it\/wp-json\/wp\/v2\/product\/2514\/revisions"}],"predecessor-version":[{"id":2519,"href":"https:\/\/pocencoffee.com\/it\/wp-json\/wp\/v2\/product\/2514\/revisions\/2519"}],"wp:featuredmedia":[{"embeddable":true,"href":"https:\/\/pocencoffee.com\/it\/wp-json\/wp\/v2\/media\/2515"}],"wp:attachment":[{"href":"https:\/\/pocencoffee.com\/it\/wp-json\/wp\/v2\/media?parent=2514"}],"wp:term":[{"taxonomy":"product_brand","embeddable":true,"href":"https:\/\/pocencoffee.com\/it\/wp-json\/wp\/v2\/product_brand?post=2514"},{"taxonomy":"product_cat","embeddable":true,"href":"https:\/\/pocencoffee.com\/it\/wp-json\/wp\/v2\/product_cat?post=2514"},{"taxonomy":"product_tag","embeddable":true,"href":"https:\/\/pocencoffee.com\/it\/wp-json\/wp\/v2\/product_tag?post=2514"}],"curies":[{"name":"wp","href":"https:\/\/api.w.org\/{rel}","templated":true}]}}