{"id":2609,"date":"2024-04-25T01:36:37","date_gmt":"2024-04-25T08:36:37","guid":{"rendered":"https:\/\/pocencoffee.com\/?post_type=product&#038;p=2609"},"modified":"2024-04-25T01:59:17","modified_gmt":"2024-04-25T08:59:17","slug":"bollitore-per-caffe-filtro-da-250-ml-e-350-ml","status":"publish","type":"product","link":"https:\/\/pocencoffee.com\/it\/product\/bollitore-per-caffe-filtro-da-250-ml-e-350-ml\/","title":{"rendered":"Bollitore per caff\u00e8 filtro da 250 ml e 350 ml"},"content":{"rendered":"<p><strong>Bollitore per caff\u00e8 filtro da 250 ml e 350 ml\u00a0<\/strong><\/p>\n<p>Questo bollitore ha un design perfetto per il beccuccio e la maniglia di versamento.<\/p>\n<p>Il collo lungo e l'angolo perfetto dell'ugello di versamento garantiscono un buon controllo del flusso d'acqua.<\/p>\n<p>Il manico si adatta alla presa della mano e regola l'azione di versamento.<\/p>\n<p>I coperchi possono essere in bamb\u00f9 o in legno; dipende dalle vostre esigenze.<\/p>","protected":false},"excerpt":{"rendered":"<p>\u00c8 un bollitore con capacit\u00e0 di 1 tazza di caff\u00e8.<\/p>\n<p>Norme: LFGB, FDA. .<\/p>\n<p>Materiale: acciaio inox 304<\/p>\n<p>Capacit\u00e0: 250 ml; 350 ml.<\/p>\n<p>Colore: colore della natura S\/S, nero o personalizzazione.<\/p>\n<p>Personalizzazione: colore, dimensione, imballaggio, logo.<\/p>","protected":false},"featured_media":2610,"template":"","meta":[],"product_brand":[],"product_cat":[24],"product_tag":[],"class_list":{"0":"post-2609","1":"product","2":"type-product","3":"status-publish","4":"has-post-thumbnail","6":"product_cat-pour-over-kettle","8":"first","9":"instock","10":"shipping-taxable","11":"product-type-simple"},"_links":{"self":[{"href":"https:\/\/pocencoffee.com\/it\/wp-json\/wp\/v2\/product\/2609","targetHints":{"allow":["GET"]}}],"collection":[{"href":"https:\/\/pocencoffee.com\/it\/wp-json\/wp\/v2\/product"}],"about":[{"href":"https:\/\/pocencoffee.com\/it\/wp-json\/wp\/v2\/types\/product"}],"version-history":[{"count":1,"href":"https:\/\/pocencoffee.com\/it\/wp-json\/wp\/v2\/product\/2609\/revisions"}],"predecessor-version":[{"id":2618,"href":"https:\/\/pocencoffee.com\/it\/wp-json\/wp\/v2\/product\/2609\/revisions\/2618"}],"wp:featuredmedia":[{"embeddable":true,"href":"https:\/\/pocencoffee.com\/it\/wp-json\/wp\/v2\/media\/2610"}],"wp:attachment":[{"href":"https:\/\/pocencoffee.com\/it\/wp-json\/wp\/v2\/media?parent=2609"}],"wp:term":[{"taxonomy":"product_brand","embeddable":true,"href":"https:\/\/pocencoffee.com\/it\/wp-json\/wp\/v2\/product_brand?post=2609"},{"taxonomy":"product_cat","embeddable":true,"href":"https:\/\/pocencoffee.com\/it\/wp-json\/wp\/v2\/product_cat?post=2609"},{"taxonomy":"product_tag","embeddable":true,"href":"https:\/\/pocencoffee.com\/it\/wp-json\/wp\/v2\/product_tag?post=2609"}],"curies":[{"name":"wp","href":"https:\/\/api.w.org\/{rel}","templated":true}]}}