{"id":2640,"date":"2024-04-25T02:37:45","date_gmt":"2024-04-25T09:37:45","guid":{"rendered":"https:\/\/pocencoffee.com\/?post_type=product&#038;p=2640"},"modified":"2024-04-25T02:55:43","modified_gmt":"2024-04-25T09:55:43","slug":"caffettiera-a-scelta-premium-per-caffe-preparato-a-mano","status":"publish","type":"product","link":"https:\/\/pocencoffee.com\/it\/product\/caffettiera-a-scelta-premium-per-caffe-preparato-a-mano\/","title":{"rendered":"Caffettiera per caff\u00e8 preparato a mano di prima qualit\u00e0"},"content":{"rendered":"<p><strong>Caffettiera per caff\u00e8 preparato a mano di prima qualit\u00e0<\/strong><\/p>\n<p>Questo bollitore ha un design perfetto per il beccuccio e la maniglia di versamento.<\/p>\n<p>Il collo lungo e l'angolo perfetto di 90\u00b0 dell'ugello di versamento e il diametro di 4 mm dell'ugello garantiscono un buon controllo del flusso d'acqua.<\/p>\n<p>Il manico si adatta alla presa della mano e regola l'azione di versamento.<\/p>\n<p>&nbsp;<\/p>","protected":false},"excerpt":{"rendered":"<p>Caffettiera con design a manico libero<\/p>\n<p>Norme: LFGB, FDA. .<\/p>\n<p>Materiale: acciaio inox 304.<\/p>\n<p>Capacit\u00e0: 250 ml, 350 ml.<\/p>\n<p>Colore: personalizzato.<\/p>\n<p>Personalizzazione: colore, dimensione, imballaggio, logo.<\/p>","protected":false},"featured_media":2641,"template":"","meta":[],"product_brand":[],"product_cat":[24],"product_tag":[],"class_list":{"0":"post-2640","1":"product","2":"type-product","3":"status-publish","4":"has-post-thumbnail","6":"product_cat-pour-over-kettle","8":"first","9":"instock","10":"shipping-taxable","11":"product-type-simple"},"_links":{"self":[{"href":"https:\/\/pocencoffee.com\/it\/wp-json\/wp\/v2\/product\/2640","targetHints":{"allow":["GET"]}}],"collection":[{"href":"https:\/\/pocencoffee.com\/it\/wp-json\/wp\/v2\/product"}],"about":[{"href":"https:\/\/pocencoffee.com\/it\/wp-json\/wp\/v2\/types\/product"}],"version-history":[{"count":2,"href":"https:\/\/pocencoffee.com\/it\/wp-json\/wp\/v2\/product\/2640\/revisions"}],"predecessor-version":[{"id":2647,"href":"https:\/\/pocencoffee.com\/it\/wp-json\/wp\/v2\/product\/2640\/revisions\/2647"}],"wp:featuredmedia":[{"embeddable":true,"href":"https:\/\/pocencoffee.com\/it\/wp-json\/wp\/v2\/media\/2641"}],"wp:attachment":[{"href":"https:\/\/pocencoffee.com\/it\/wp-json\/wp\/v2\/media?parent=2640"}],"wp:term":[{"taxonomy":"product_brand","embeddable":true,"href":"https:\/\/pocencoffee.com\/it\/wp-json\/wp\/v2\/product_brand?post=2640"},{"taxonomy":"product_cat","embeddable":true,"href":"https:\/\/pocencoffee.com\/it\/wp-json\/wp\/v2\/product_cat?post=2640"},{"taxonomy":"product_tag","embeddable":true,"href":"https:\/\/pocencoffee.com\/it\/wp-json\/wp\/v2\/product_tag?post=2640"}],"curies":[{"name":"wp","href":"https:\/\/api.w.org\/{rel}","templated":true}]}}