{"id":2690,"date":"2024-04-26T07:12:17","date_gmt":"2024-04-26T14:12:17","guid":{"rendered":"https:\/\/pocencoffee.com\/?post_type=product&#038;p=2690"},"modified":"2024-04-26T07:19:55","modified_gmt":"2024-04-26T14:19:55","slug":"mulino-da-caffe-manuale-di-qualita-premiun","status":"publish","type":"product","link":"https:\/\/pocencoffee.com\/it\/product\/mulino-da-caffe-manuale-di-qualita-premiun\/","title":{"rendered":"Macinacaff\u00e8 manuale di alta qualit\u00e0"},"content":{"rendered":"<p><strong>Macinacaff\u00e8 manuale di alta qualit\u00e0<\/strong><\/p>\n<p>Il macinacaff\u00e8 si regola regolando la vite per macinare il caff\u00e8 da grossolano a fine.<\/p>\n<p>Ci sono 12 punti di regolazione.<\/p>\n<p>La rettifica del nucleo \u00e8 in acciaio inox 420 a controllo numerico, con una produzione di alto valore. Inoltre, la buona durezza garantisce la durata di utilizzo dell'anima.<\/p>\n<p><img fetchpriority=\"high\" decoding=\"async\" class=\"alignnone size-medium wp-image-2687\" src=\"https:\/\/pocencoffee.com\/wp-content\/uploads\/2024\/04\/567stars-grinder-300x229.jpg\" alt=\"\" width=\"300\" height=\"229\" title=\"\" srcset=\"https:\/\/pocencoffee.com\/wp-content\/uploads\/2024\/04\/567stars-grinder-300x229.jpg 300w, https:\/\/pocencoffee.com\/wp-content\/uploads\/2024\/04\/567stars-grinder-768x586.jpg 768w, https:\/\/pocencoffee.com\/wp-content\/uploads\/2024\/04\/567stars-grinder-600x458.jpg 600w, https:\/\/pocencoffee.com\/wp-content\/uploads\/2024\/04\/567stars-grinder.jpg 800w\" sizes=\"(max-width: 300px) 100vw, 300px\" \/><\/p>","protected":false},"excerpt":{"rendered":"<p><strong>macinacaff\u00e8 manuale<\/strong><\/p>\n<p>Materiale: lega di alluminio, macina in acciaio inox 420; pomello in legno.<\/p>\n<p>Capacit\u00e0: Max. 25 g di caff\u00e8 in grani.<\/p>\n<p>Colore: nero, verde, argentato.<\/p>\n<p>Personalizzazione: logo, colore, imballaggio.<\/p>","protected":false},"featured_media":2694,"template":"","meta":[],"product_brand":[],"product_cat":[27],"product_tag":[],"class_list":{"0":"post-2690","1":"product","2":"type-product","3":"status-publish","4":"has-post-thumbnail","6":"product_cat-manual-coffee-grinder","8":"first","9":"instock","10":"shipping-taxable","11":"product-type-simple"},"_links":{"self":[{"href":"https:\/\/pocencoffee.com\/it\/wp-json\/wp\/v2\/product\/2690","targetHints":{"allow":["GET"]}}],"collection":[{"href":"https:\/\/pocencoffee.com\/it\/wp-json\/wp\/v2\/product"}],"about":[{"href":"https:\/\/pocencoffee.com\/it\/wp-json\/wp\/v2\/types\/product"}],"version-history":[{"count":1,"href":"https:\/\/pocencoffee.com\/it\/wp-json\/wp\/v2\/product\/2690\/revisions"}],"predecessor-version":[{"id":2695,"href":"https:\/\/pocencoffee.com\/it\/wp-json\/wp\/v2\/product\/2690\/revisions\/2695"}],"wp:featuredmedia":[{"embeddable":true,"href":"https:\/\/pocencoffee.com\/it\/wp-json\/wp\/v2\/media\/2694"}],"wp:attachment":[{"href":"https:\/\/pocencoffee.com\/it\/wp-json\/wp\/v2\/media?parent=2690"}],"wp:term":[{"taxonomy":"product_brand","embeddable":true,"href":"https:\/\/pocencoffee.com\/it\/wp-json\/wp\/v2\/product_brand?post=2690"},{"taxonomy":"product_cat","embeddable":true,"href":"https:\/\/pocencoffee.com\/it\/wp-json\/wp\/v2\/product_cat?post=2690"},{"taxonomy":"product_tag","embeddable":true,"href":"https:\/\/pocencoffee.com\/it\/wp-json\/wp\/v2\/product_tag?post=2690"}],"curies":[{"name":"wp","href":"https:\/\/api.w.org\/{rel}","templated":true}]}}