{"id":2828,"date":"2024-04-28T08:26:30","date_gmt":"2024-04-28T15:26:30","guid":{"rendered":"https:\/\/pocencoffee.com\/?post_type=product&#038;p=2828"},"modified":"2024-04-28T08:29:07","modified_gmt":"2024-04-28T15:29:07","slug":"anello-di-dosaggio-del-caffe-magnetico-in-lega-di-zinco","status":"publish","type":"product","link":"https:\/\/pocencoffee.com\/it\/product\/anello-di-dosaggio-del-caffe-magnetico-in-lega-di-zinco\/","title":{"rendered":"Anello dosatore magnetico per caff\u00e8 in lega di zinco"},"content":{"rendered":"<p><strong>Anello dosatore magnetico per caff\u00e8 in lega di zinco<\/strong><\/p>\n<p>Pu\u00f2 essere utile per ricevere i fondi di caff\u00e8 dal macinacaff\u00e8, per garantire che i fondi di caff\u00e8 trabocchino.<\/p>\n<p><img fetchpriority=\"high\" decoding=\"async\" class=\"alignnone size-medium wp-image-2829\" src=\"https:\/\/pocencoffee.com\/wp-content\/uploads\/2024\/04\/PBE-006-300x300.jpg\" alt=\"\" width=\"300\" height=\"300\" title=\"\" srcset=\"https:\/\/pocencoffee.com\/wp-content\/uploads\/2024\/04\/PBE-006-300x300.jpg 300w, https:\/\/pocencoffee.com\/wp-content\/uploads\/2024\/04\/PBE-006-150x150.jpg 150w, https:\/\/pocencoffee.com\/wp-content\/uploads\/2024\/04\/PBE-006-100x100.jpg 100w, https:\/\/pocencoffee.com\/wp-content\/uploads\/2024\/04\/PBE-006.jpg 600w\" sizes=\"(max-width: 300px) 100vw, 300px\" \/><\/p>","protected":false},"excerpt":{"rendered":"<p><strong>Anello magnetico per il dosaggio del caff\u00e8<\/strong><\/p>\n<p>Materiale: lega di alluminio.<\/p>\n<p>Dimensioni: 51 mm, 53 mm, 58 mm<\/p>\n<p>Colore: nero, slivery o personalizzato.<\/p>\n<p>Logo : al laser<\/p>","protected":false},"featured_media":2830,"template":"","meta":[],"product_brand":[],"product_cat":[28],"product_tag":[],"class_list":{"0":"post-2828","1":"product","2":"type-product","3":"status-publish","4":"has-post-thumbnail","6":"product_cat-more-tools","8":"first","9":"instock","10":"shipping-taxable","11":"product-type-simple"},"_links":{"self":[{"href":"https:\/\/pocencoffee.com\/it\/wp-json\/wp\/v2\/product\/2828","targetHints":{"allow":["GET"]}}],"collection":[{"href":"https:\/\/pocencoffee.com\/it\/wp-json\/wp\/v2\/product"}],"about":[{"href":"https:\/\/pocencoffee.com\/it\/wp-json\/wp\/v2\/types\/product"}],"version-history":[{"count":1,"href":"https:\/\/pocencoffee.com\/it\/wp-json\/wp\/v2\/product\/2828\/revisions"}],"predecessor-version":[{"id":2834,"href":"https:\/\/pocencoffee.com\/it\/wp-json\/wp\/v2\/product\/2828\/revisions\/2834"}],"wp:featuredmedia":[{"embeddable":true,"href":"https:\/\/pocencoffee.com\/it\/wp-json\/wp\/v2\/media\/2830"}],"wp:attachment":[{"href":"https:\/\/pocencoffee.com\/it\/wp-json\/wp\/v2\/media?parent=2828"}],"wp:term":[{"taxonomy":"product_brand","embeddable":true,"href":"https:\/\/pocencoffee.com\/it\/wp-json\/wp\/v2\/product_brand?post=2828"},{"taxonomy":"product_cat","embeddable":true,"href":"https:\/\/pocencoffee.com\/it\/wp-json\/wp\/v2\/product_cat?post=2828"},{"taxonomy":"product_tag","embeddable":true,"href":"https:\/\/pocencoffee.com\/it\/wp-json\/wp\/v2\/product_tag?post=2828"}],"curies":[{"name":"wp","href":"https:\/\/api.w.org\/{rel}","templated":true}]}}