{"id":2850,"date":"2024-04-28T09:05:26","date_gmt":"2024-04-28T16:05:26","guid":{"rendered":"https:\/\/pocencoffee.com\/?post_type=product&#038;p=2850"},"modified":"2024-04-28T09:08:34","modified_gmt":"2024-04-28T16:08:34","slug":"anello-ricevitore-di-polvere-di-caffe-in-metallo","status":"publish","type":"product","link":"https:\/\/pocencoffee.com\/it\/product\/anello-ricevitore-di-polvere-di-caffe-in-metallo\/","title":{"rendered":"Anello metallico per la raccolta della polvere di caff\u00e8"},"content":{"rendered":"<p><strong>Anello metallico per la raccolta della polvere di caff\u00e8<\/strong><\/p>\n<p>Pu\u00f2 essere utile per ricevere i fondi di caff\u00e8 dal macinacaff\u00e8, per garantire che i fondi di caff\u00e8 trabocchino.<\/p>\n<p>Con 5-6 punti magnetici, pu\u00f2 essere collegato facilmente al portafiltro.<\/p>\n<p><img fetchpriority=\"high\" decoding=\"async\" class=\"alignnone size-medium wp-image-2851\" src=\"https:\/\/pocencoffee.com\/wp-content\/uploads\/2024\/04\/PBA-magnetic-doing-ring-300x300.jpg\" alt=\"\" width=\"300\" height=\"300\" title=\"\" srcset=\"https:\/\/pocencoffee.com\/wp-content\/uploads\/2024\/04\/PBA-magnetic-doing-ring-300x300.jpg 300w, https:\/\/pocencoffee.com\/wp-content\/uploads\/2024\/04\/PBA-magnetic-doing-ring-150x150.jpg 150w, https:\/\/pocencoffee.com\/wp-content\/uploads\/2024\/04\/PBA-magnetic-doing-ring-100x100.jpg 100w, https:\/\/pocencoffee.com\/wp-content\/uploads\/2024\/04\/PBA-magnetic-doing-ring.jpg 600w\" sizes=\"(max-width: 300px) 100vw, 300px\" \/><\/p>","protected":false},"excerpt":{"rendered":"<p><strong>anello ricevitore per polvere di caff\u00e8<\/strong><\/p>\n<p>Materiale: lega di alluminio.<\/p>\n<p>Dimensioni: 51 mm, 53 mm, 58 mm<\/p>\n<p>Colore: nero, slivery o personalizzato.<\/p>\n<p>Logo : al laser<\/p>","protected":false},"featured_media":2852,"template":"","meta":[],"product_brand":[],"product_cat":[28],"product_tag":[],"class_list":{"0":"post-2850","1":"product","2":"type-product","3":"status-publish","4":"has-post-thumbnail","6":"product_cat-more-tools","8":"first","9":"instock","10":"shipping-taxable","11":"product-type-simple"},"_links":{"self":[{"href":"https:\/\/pocencoffee.com\/it\/wp-json\/wp\/v2\/product\/2850","targetHints":{"allow":["GET"]}}],"collection":[{"href":"https:\/\/pocencoffee.com\/it\/wp-json\/wp\/v2\/product"}],"about":[{"href":"https:\/\/pocencoffee.com\/it\/wp-json\/wp\/v2\/types\/product"}],"version-history":[{"count":1,"href":"https:\/\/pocencoffee.com\/it\/wp-json\/wp\/v2\/product\/2850\/revisions"}],"predecessor-version":[{"id":2854,"href":"https:\/\/pocencoffee.com\/it\/wp-json\/wp\/v2\/product\/2850\/revisions\/2854"}],"wp:featuredmedia":[{"embeddable":true,"href":"https:\/\/pocencoffee.com\/it\/wp-json\/wp\/v2\/media\/2852"}],"wp:attachment":[{"href":"https:\/\/pocencoffee.com\/it\/wp-json\/wp\/v2\/media?parent=2850"}],"wp:term":[{"taxonomy":"product_brand","embeddable":true,"href":"https:\/\/pocencoffee.com\/it\/wp-json\/wp\/v2\/product_brand?post=2850"},{"taxonomy":"product_cat","embeddable":true,"href":"https:\/\/pocencoffee.com\/it\/wp-json\/wp\/v2\/product_cat?post=2850"},{"taxonomy":"product_tag","embeddable":true,"href":"https:\/\/pocencoffee.com\/it\/wp-json\/wp\/v2\/product_tag?post=2850"}],"curies":[{"name":"wp","href":"https:\/\/api.w.org\/{rel}","templated":true}]}}