{"id":3031,"date":"2024-06-19T04:16:49","date_gmt":"2024-06-19T11:16:49","guid":{"rendered":"https:\/\/pocencoffee.com\/?post_type=product&#038;p=3031"},"modified":"2024-06-19T04:19:52","modified_gmt":"2024-06-19T11:19:52","slug":"fiaschetta-da-caffe-per-esterni-di-grande-capacita","status":"publish","type":"product","link":"https:\/\/pocencoffee.com\/it\/product\/fiaschetta-da-caffe-per-esterni-di-grande-capacita\/","title":{"rendered":"Termos per caff\u00e8 da esterno di grande capacit\u00e0"},"content":{"rendered":"<p><strong>Termos per caff\u00e8 da esterno di grande capacit\u00e0<\/strong><\/p>\n<p>Le bottiglie e le tazze sottovuoto fanno entrambe parte della categoria degli accessori per il caff\u00e8.<\/p>\n<p>Forniamo bottiglie (flaconi) e tazze sottovuoto conformi agli standard alimentari.<\/p>\n<p>La qualit\u00e0 \u00e8 rigorosamente conforme alle norme LFGB, FDA, BPA-free, BPA free ed EN12546-1.<\/p>\n<p>Contattateci per un controllo chiaro dei rapporti e per un elenco completo dei prodotti.<\/p>\n<p><img fetchpriority=\"high\" decoding=\"async\" class=\"alignnone size-medium wp-image-3016\" src=\"https:\/\/pocencoffee.com\/wp-content\/uploads\/2024\/06\/BPA-Free-200x300.jpg\" alt=\"\" width=\"200\" height=\"300\" title=\"\" srcset=\"https:\/\/pocencoffee.com\/wp-content\/uploads\/2024\/06\/BPA-Free-200x300.jpg 200w, https:\/\/pocencoffee.com\/wp-content\/uploads\/2024\/06\/BPA-Free.jpg 400w\" sizes=\"(max-width: 200px) 100vw, 200px\" \/> <img decoding=\"async\" class=\"alignnone size-medium wp-image-3017\" src=\"https:\/\/pocencoffee.com\/wp-content\/uploads\/2024\/06\/FDA-200x300.jpg\" alt=\"\" width=\"200\" height=\"300\" title=\"\" srcset=\"https:\/\/pocencoffee.com\/wp-content\/uploads\/2024\/06\/FDA-200x300.jpg 200w, https:\/\/pocencoffee.com\/wp-content\/uploads\/2024\/06\/FDA.jpg 400w\" sizes=\"(max-width: 200px) 100vw, 200px\" \/> <img decoding=\"async\" class=\"alignnone size-medium wp-image-3018\" src=\"https:\/\/pocencoffee.com\/wp-content\/uploads\/2024\/06\/LFGB-200x300.jpg\" alt=\"\" width=\"200\" height=\"300\" title=\"\" srcset=\"https:\/\/pocencoffee.com\/wp-content\/uploads\/2024\/06\/LFGB-200x300.jpg 200w, https:\/\/pocencoffee.com\/wp-content\/uploads\/2024\/06\/LFGB.jpg 400w\" sizes=\"(max-width: 200px) 100vw, 200px\" \/><\/p>\n<div class=\"mceTemp\"><\/div>\n<p>&nbsp;<\/p>","protected":false},"excerpt":{"rendered":"<p>Materiale: 304S\/S all'interno, 201S\/S all'esterno.<\/p>\n<p>Colore: personalizzato.<\/p>\n<p>Logo: personalizzato.<\/p>\n<p>Capacit\u00e0: 1000ml, 1200ml<\/p>","protected":false},"featured_media":3032,"template":"","meta":[],"product_brand":[],"product_cat":[28],"product_tag":[],"class_list":{"0":"post-3031","1":"product","2":"type-product","3":"status-publish","4":"has-post-thumbnail","6":"product_cat-more-tools","8":"first","9":"instock","10":"shipping-taxable","11":"product-type-simple"},"_links":{"self":[{"href":"https:\/\/pocencoffee.com\/it\/wp-json\/wp\/v2\/product\/3031","targetHints":{"allow":["GET"]}}],"collection":[{"href":"https:\/\/pocencoffee.com\/it\/wp-json\/wp\/v2\/product"}],"about":[{"href":"https:\/\/pocencoffee.com\/it\/wp-json\/wp\/v2\/types\/product"}],"version-history":[{"count":1,"href":"https:\/\/pocencoffee.com\/it\/wp-json\/wp\/v2\/product\/3031\/revisions"}],"predecessor-version":[{"id":3035,"href":"https:\/\/pocencoffee.com\/it\/wp-json\/wp\/v2\/product\/3031\/revisions\/3035"}],"wp:featuredmedia":[{"embeddable":true,"href":"https:\/\/pocencoffee.com\/it\/wp-json\/wp\/v2\/media\/3032"}],"wp:attachment":[{"href":"https:\/\/pocencoffee.com\/it\/wp-json\/wp\/v2\/media?parent=3031"}],"wp:term":[{"taxonomy":"product_brand","embeddable":true,"href":"https:\/\/pocencoffee.com\/it\/wp-json\/wp\/v2\/product_brand?post=3031"},{"taxonomy":"product_cat","embeddable":true,"href":"https:\/\/pocencoffee.com\/it\/wp-json\/wp\/v2\/product_cat?post=3031"},{"taxonomy":"product_tag","embeddable":true,"href":"https:\/\/pocencoffee.com\/it\/wp-json\/wp\/v2\/product_tag?post=3031"}],"curies":[{"name":"wp","href":"https:\/\/api.w.org\/{rel}","templated":true}]}}