{"id":1995,"date":"2024-03-27T01:26:28","date_gmt":"2024-03-27T08:26:28","guid":{"rendered":"https:\/\/pocencoffee.com\/?post_type=product&#038;p=1995"},"modified":"2024-03-28T07:55:36","modified_gmt":"2024-03-28T14:55:36","slug":"jarra-de-aco-inoxidavel-para-espuma-de-leite-com-varios-designs-de-barista-latte-art","status":"publish","type":"product","link":"https:\/\/pocencoffee.com\/pt\/produto\/jarra-de-aco-inoxidavel-para-espuma-de-leite-com-varios-designs-de-barista-latte-art\/","title":{"rendered":"Jarro para espumar leite em a\u00e7o inoxid\u00e1vel com v\u00e1rios designs para latte art de barista"},"content":{"rendered":"<p>Material: a\u00e7o inoxid\u00e1vel 304; ;<\/p>\n<p>Espessura: 0,7 mm<\/p>\n<p>Op\u00e7\u00f5es dispon\u00edveis de capacidade: 100 ml, 150 ml, 250 ml, 300 ml, 350 ml, 600 ml, 900 ml, 1500 ml, 2000 ml.<\/p>\n<p>Personaliza\u00e7\u00e3o: voc\u00ea pode personalizar o logotipo, a cor, a embalagem ou desenvolver um novo produto de acordo com seu desenho.<\/p>","protected":false},"excerpt":{"rendered":"<p>Relat\u00f3rio LFGB, relat\u00f3rio FDA, relat\u00f3rio de material 304S\/S.<\/p>\n<p>OEM E ODM.<\/p>","protected":false},"featured_media":1996,"template":"","meta":[],"product_brand":[],"product_cat":[22],"product_tag":[],"class_list":{"0":"post-1995","1":"product","2":"type-product","3":"status-publish","4":"has-post-thumbnail","6":"product_cat-milk-steaming-pitcher","8":"first","9":"instock","10":"shipping-taxable","11":"product-type-simple"},"_links":{"self":[{"href":"https:\/\/pocencoffee.com\/pt\/wp-json\/wp\/v2\/product\/1995","targetHints":{"allow":["GET"]}}],"collection":[{"href":"https:\/\/pocencoffee.com\/pt\/wp-json\/wp\/v2\/product"}],"about":[{"href":"https:\/\/pocencoffee.com\/pt\/wp-json\/wp\/v2\/types\/product"}],"version-history":[{"count":2,"href":"https:\/\/pocencoffee.com\/pt\/wp-json\/wp\/v2\/product\/1995\/revisions"}],"predecessor-version":[{"id":2119,"href":"https:\/\/pocencoffee.com\/pt\/wp-json\/wp\/v2\/product\/1995\/revisions\/2119"}],"wp:featuredmedia":[{"embeddable":true,"href":"https:\/\/pocencoffee.com\/pt\/wp-json\/wp\/v2\/media\/1996"}],"wp:attachment":[{"href":"https:\/\/pocencoffee.com\/pt\/wp-json\/wp\/v2\/media?parent=1995"}],"wp:term":[{"taxonomy":"product_brand","embeddable":true,"href":"https:\/\/pocencoffee.com\/pt\/wp-json\/wp\/v2\/product_brand?post=1995"},{"taxonomy":"product_cat","embeddable":true,"href":"https:\/\/pocencoffee.com\/pt\/wp-json\/wp\/v2\/product_cat?post=1995"},{"taxonomy":"product_tag","embeddable":true,"href":"https:\/\/pocencoffee.com\/pt\/wp-json\/wp\/v2\/product_tag?post=1995"}],"curies":[{"name":"wp","href":"https:\/\/api.w.org\/{rel}","templated":true}]}}