{"id":2074,"date":"2024-03-27T10:34:28","date_gmt":"2024-03-27T17:34:28","guid":{"rendered":"https:\/\/pocencoffee.com\/?post_type=product&#038;p=2074"},"modified":"2024-03-29T07:24:35","modified_gmt":"2024-03-29T14:24:35","slug":"tapete-de-borracha-macia-de-silicone-para-mesa-de-bar-e-canto-de-cafe","status":"publish","type":"product","link":"https:\/\/pocencoffee.com\/pt\/produto\/tapete-de-borracha-macia-de-silicone-para-mesa-de-bar-e-canto-de-cafe\/","title":{"rendered":"Tapete de borracha macia de silicone para mesa de bar e canto de caf\u00e9"},"content":{"rendered":"<p>Material: borracha de silicone<\/p>\n<p>Tamanho: 21 cm<\/p>\n<p>Cor: preto, marrom ou personaliza\u00e7\u00e3o.<\/p>\n<p>Logotipo: por processo de serigrafia.<\/p>\n<p>&nbsp;<\/p>","protected":false},"excerpt":{"rendered":"<p>Estamos fabricando o tapete de compacta\u00e7\u00e3o de caf\u00e9 da melhor qualidade.<\/p>","protected":false},"featured_media":2076,"template":"","meta":[],"product_brand":[],"product_cat":[26],"product_tag":[],"class_list":{"0":"post-2074","1":"product","2":"type-product","3":"status-publish","4":"has-post-thumbnail","6":"product_cat-coffee-corner-mat","8":"first","9":"instock","10":"shipping-taxable","11":"product-type-simple"},"_links":{"self":[{"href":"https:\/\/pocencoffee.com\/pt\/wp-json\/wp\/v2\/product\/2074","targetHints":{"allow":["GET"]}}],"collection":[{"href":"https:\/\/pocencoffee.com\/pt\/wp-json\/wp\/v2\/product"}],"about":[{"href":"https:\/\/pocencoffee.com\/pt\/wp-json\/wp\/v2\/types\/product"}],"version-history":[{"count":1,"href":"https:\/\/pocencoffee.com\/pt\/wp-json\/wp\/v2\/product\/2074\/revisions"}],"predecessor-version":[{"id":2222,"href":"https:\/\/pocencoffee.com\/pt\/wp-json\/wp\/v2\/product\/2074\/revisions\/2222"}],"wp:featuredmedia":[{"embeddable":true,"href":"https:\/\/pocencoffee.com\/pt\/wp-json\/wp\/v2\/media\/2076"}],"wp:attachment":[{"href":"https:\/\/pocencoffee.com\/pt\/wp-json\/wp\/v2\/media?parent=2074"}],"wp:term":[{"taxonomy":"product_brand","embeddable":true,"href":"https:\/\/pocencoffee.com\/pt\/wp-json\/wp\/v2\/product_brand?post=2074"},{"taxonomy":"product_cat","embeddable":true,"href":"https:\/\/pocencoffee.com\/pt\/wp-json\/wp\/v2\/product_cat?post=2074"},{"taxonomy":"product_tag","embeddable":true,"href":"https:\/\/pocencoffee.com\/pt\/wp-json\/wp\/v2\/product_tag?post=2074"}],"curies":[{"name":"wp","href":"https:\/\/api.w.org\/{rel}","templated":true}]}}