{"id":2121,"date":"2024-03-28T08:04:01","date_gmt":"2024-03-28T15:04:01","guid":{"rendered":"https:\/\/pocencoffee.com\/?post_type=product&#038;p=2121"},"modified":"2024-04-02T06:52:05","modified_gmt":"2024-04-02T13:52:05","slug":"batedeira-de-espuma-de-leite-sem-alca-com-manga-de-silicone-da-melhor-qualidade","status":"publish","type":"product","link":"https:\/\/pocencoffee.com\/pt\/produto\/batedeira-de-espuma-de-leite-sem-alca-com-manga-de-silicone-da-melhor-qualidade\/","title":{"rendered":"Jarro para espumar leite sem al\u00e7a com capa de silicone da melhor qualidade"},"content":{"rendered":"<p>Material: 304S\/S; luva de borracha de silicone anti-calor.<\/p>\n<p>Tamanho: 350 ml \/ 600 ml<\/p>\n<p>Op\u00e7\u00e3o de personaliza\u00e7\u00e3o: personalize o logotipo, as medidas, a cor e a embalagem. .<\/p>\n<p>Caracter\u00edsticas : Aprova\u00e7\u00e3o LFGB; boca de vazamento profissional<\/p>","protected":false},"excerpt":{"rendered":"<p>Jarra sem al\u00e7a para derretimento de leite;<\/p>","protected":false},"featured_media":2123,"template":"","meta":[],"product_brand":[],"product_cat":[22],"product_tag":[],"class_list":{"0":"post-2121","1":"product","2":"type-product","3":"status-publish","4":"has-post-thumbnail","6":"product_cat-milk-steaming-pitcher","8":"first","9":"instock","10":"shipping-taxable","11":"product-type-simple"},"_links":{"self":[{"href":"https:\/\/pocencoffee.com\/pt\/wp-json\/wp\/v2\/product\/2121","targetHints":{"allow":["GET"]}}],"collection":[{"href":"https:\/\/pocencoffee.com\/pt\/wp-json\/wp\/v2\/product"}],"about":[{"href":"https:\/\/pocencoffee.com\/pt\/wp-json\/wp\/v2\/types\/product"}],"version-history":[{"count":2,"href":"https:\/\/pocencoffee.com\/pt\/wp-json\/wp\/v2\/product\/2121\/revisions"}],"predecessor-version":[{"id":2437,"href":"https:\/\/pocencoffee.com\/pt\/wp-json\/wp\/v2\/product\/2121\/revisions\/2437"}],"wp:featuredmedia":[{"embeddable":true,"href":"https:\/\/pocencoffee.com\/pt\/wp-json\/wp\/v2\/media\/2123"}],"wp:attachment":[{"href":"https:\/\/pocencoffee.com\/pt\/wp-json\/wp\/v2\/media?parent=2121"}],"wp:term":[{"taxonomy":"product_brand","embeddable":true,"href":"https:\/\/pocencoffee.com\/pt\/wp-json\/wp\/v2\/product_brand?post=2121"},{"taxonomy":"product_cat","embeddable":true,"href":"https:\/\/pocencoffee.com\/pt\/wp-json\/wp\/v2\/product_cat?post=2121"},{"taxonomy":"product_tag","embeddable":true,"href":"https:\/\/pocencoffee.com\/pt\/wp-json\/wp\/v2\/product_tag?post=2121"}],"curies":[{"name":"wp","href":"https:\/\/api.w.org\/{rel}","templated":true}]}}