{"id":2201,"date":"2024-03-29T03:53:41","date_gmt":"2024-03-29T10:53:41","guid":{"rendered":"https:\/\/pocencoffee.com\/?post_type=product&#038;p=2201"},"modified":"2024-03-29T04:00:13","modified_gmt":"2024-03-29T11:00:13","slug":"jarra-de-cafe-e-leite-em-aco-inoxidavel-com-revestimento-antiaderente-preto","status":"publish","type":"product","link":"https:\/\/pocencoffee.com\/pt\/produto\/jarra-de-cafe-e-leite-em-aco-inoxidavel-com-revestimento-antiaderente-preto\/","title":{"rendered":"Jarro de caf\u00e9 e leite em a\u00e7o inoxid\u00e1vel com revestimento antiaderente preto"},"content":{"rendered":"<p>Material: 304S\/S;<\/p>\n<p>Tamanho: 350 ml \/ 600 ml \/ 900 ml<\/p>\n<p>Op\u00e7\u00e3o de personaliza\u00e7\u00e3o: personalize o logotipo, as medidas, a cor e a embalagem. .<\/p>\n<p>Caracter\u00edsticas : Aprova\u00e7\u00e3o LFGB; boca de vazamento profissional<\/p>","protected":false},"excerpt":{"rendered":"<p>Jarra de leite para caf\u00e9 com revestimento antiaderente;<\/p>\n<p>350 ml\/600 ml\/900 ml.<\/p>\n<p>A cor do revestimento antiaderente pode ser personalizada.<\/p>","protected":false},"featured_media":2202,"template":"","meta":[],"product_brand":[],"product_cat":[22],"product_tag":[],"class_list":{"0":"post-2201","1":"product","2":"type-product","3":"status-publish","4":"has-post-thumbnail","6":"product_cat-milk-steaming-pitcher","8":"first","9":"instock","10":"shipping-taxable","11":"product-type-simple"},"_links":{"self":[{"href":"https:\/\/pocencoffee.com\/pt\/wp-json\/wp\/v2\/product\/2201","targetHints":{"allow":["GET"]}}],"collection":[{"href":"https:\/\/pocencoffee.com\/pt\/wp-json\/wp\/v2\/product"}],"about":[{"href":"https:\/\/pocencoffee.com\/pt\/wp-json\/wp\/v2\/types\/product"}],"version-history":[{"count":1,"href":"https:\/\/pocencoffee.com\/pt\/wp-json\/wp\/v2\/product\/2201\/revisions"}],"predecessor-version":[{"id":2206,"href":"https:\/\/pocencoffee.com\/pt\/wp-json\/wp\/v2\/product\/2201\/revisions\/2206"}],"wp:featuredmedia":[{"embeddable":true,"href":"https:\/\/pocencoffee.com\/pt\/wp-json\/wp\/v2\/media\/2202"}],"wp:attachment":[{"href":"https:\/\/pocencoffee.com\/pt\/wp-json\/wp\/v2\/media?parent=2201"}],"wp:term":[{"taxonomy":"product_brand","embeddable":true,"href":"https:\/\/pocencoffee.com\/pt\/wp-json\/wp\/v2\/product_brand?post=2201"},{"taxonomy":"product_cat","embeddable":true,"href":"https:\/\/pocencoffee.com\/pt\/wp-json\/wp\/v2\/product_cat?post=2201"},{"taxonomy":"product_tag","embeddable":true,"href":"https:\/\/pocencoffee.com\/pt\/wp-json\/wp\/v2\/product_tag?post=2201"}],"curies":[{"name":"wp","href":"https:\/\/api.w.org\/{rel}","templated":true}]}}