{"id":2207,"date":"2024-03-29T06:55:59","date_gmt":"2024-03-29T13:55:59","guid":{"rendered":"https:\/\/pocencoffee.com\/?post_type=product&#038;p=2207"},"modified":"2024-03-29T07:01:06","modified_gmt":"2024-03-29T14:01:06","slug":"jarra-de-cafe-com-leite-com-revestimento-de-teflon-nas-cores-branca-e-vermelha","status":"publish","type":"product","link":"https:\/\/pocencoffee.com\/pt\/produto\/jarra-de-cafe-com-leite-com-revestimento-de-teflon-nas-cores-branca-e-vermelha\/","title":{"rendered":"Jarro para latte art com revestimento em Teflon nas cores branco e vermelho"},"content":{"rendered":"<p>Material: 304S\/S;<\/p>\n<p>Tamanho: 350 ml, 600 ml \/ 900 ml<\/p>\n<p>Op\u00e7\u00e3o de personaliza\u00e7\u00e3o: personalize o logotipo, as medidas, a cor e a embalagem. .<\/p>\n<p>Caracter\u00edsticas : Aprova\u00e7\u00e3o LFGB; boca de vazamento profissional<\/p>","protected":false},"excerpt":{"rendered":"<p>Jarra de leite para caf\u00e9 com revestimento antiaderente;<\/p>\n<p>350 ml\/600 ml\/900 ml.<\/p>\n<p>A cor do revestimento antiaderente pode ser personalizada.<\/p>","protected":false},"featured_media":2208,"template":"","meta":[],"product_brand":[],"product_cat":[22],"product_tag":[],"class_list":{"0":"post-2207","1":"product","2":"type-product","3":"status-publish","4":"has-post-thumbnail","6":"product_cat-milk-steaming-pitcher","8":"first","9":"instock","10":"shipping-taxable","11":"product-type-simple"},"_links":{"self":[{"href":"https:\/\/pocencoffee.com\/pt\/wp-json\/wp\/v2\/product\/2207","targetHints":{"allow":["GET"]}}],"collection":[{"href":"https:\/\/pocencoffee.com\/pt\/wp-json\/wp\/v2\/product"}],"about":[{"href":"https:\/\/pocencoffee.com\/pt\/wp-json\/wp\/v2\/types\/product"}],"version-history":[{"count":1,"href":"https:\/\/pocencoffee.com\/pt\/wp-json\/wp\/v2\/product\/2207\/revisions"}],"predecessor-version":[{"id":2211,"href":"https:\/\/pocencoffee.com\/pt\/wp-json\/wp\/v2\/product\/2207\/revisions\/2211"}],"wp:featuredmedia":[{"embeddable":true,"href":"https:\/\/pocencoffee.com\/pt\/wp-json\/wp\/v2\/media\/2208"}],"wp:attachment":[{"href":"https:\/\/pocencoffee.com\/pt\/wp-json\/wp\/v2\/media?parent=2207"}],"wp:term":[{"taxonomy":"product_brand","embeddable":true,"href":"https:\/\/pocencoffee.com\/pt\/wp-json\/wp\/v2\/product_brand?post=2207"},{"taxonomy":"product_cat","embeddable":true,"href":"https:\/\/pocencoffee.com\/pt\/wp-json\/wp\/v2\/product_cat?post=2207"},{"taxonomy":"product_tag","embeddable":true,"href":"https:\/\/pocencoffee.com\/pt\/wp-json\/wp\/v2\/product_tag?post=2207"}],"curies":[{"name":"wp","href":"https:\/\/api.w.org\/{rel}","templated":true}]}}