{"id":2212,"date":"2024-03-29T07:09:08","date_gmt":"2024-03-29T14:09:08","guid":{"rendered":"https:\/\/pocencoffee.com\/?post_type=product&#038;p=2212"},"modified":"2024-03-29T07:09:08","modified_gmt":"2024-03-29T14:09:08","slug":"xicara-de-cafe-latte-art-em-aco-inoxidavel-com-design-chanfrado-para-facilitar-a-operacao","status":"publish","type":"product","link":"https:\/\/pocencoffee.com\/pt\/produto\/xicara-de-cafe-latte-art-em-aco-inoxidavel-com-design-chanfrado-para-facilitar-a-operacao\/","title":{"rendered":"X\u00edcara de caf\u00e9 com arte latte em a\u00e7o inoxid\u00e1vel com design chanfrado para f\u00e1cil manuseio"},"content":{"rendered":"<p>Material: 304S\/S;<\/p>\n<p>Tamanho: 400 ml.<\/p>\n<p>Op\u00e7\u00e3o de personaliza\u00e7\u00e3o: personalize o logotipo, as medidas, a cor e a embalagem. .<\/p>\n<p>Caracter\u00edsticas : Aprova\u00e7\u00e3o LFGB; boca de vazamento profissional<\/p>","protected":false},"excerpt":{"rendered":"<p>Essa jarra de leite tem um design chanfrado muito bom para facilitar a arte do caf\u00e9 com leite.<\/p>","protected":false},"featured_media":2213,"template":"","meta":[],"product_brand":[],"product_cat":[22],"product_tag":[],"class_list":{"0":"post-2212","1":"product","2":"type-product","3":"status-publish","4":"has-post-thumbnail","6":"product_cat-milk-steaming-pitcher","8":"first","9":"instock","10":"shipping-taxable","11":"product-type-simple"},"_links":{"self":[{"href":"https:\/\/pocencoffee.com\/pt\/wp-json\/wp\/v2\/product\/2212","targetHints":{"allow":["GET"]}}],"collection":[{"href":"https:\/\/pocencoffee.com\/pt\/wp-json\/wp\/v2\/product"}],"about":[{"href":"https:\/\/pocencoffee.com\/pt\/wp-json\/wp\/v2\/types\/product"}],"version-history":[{"count":1,"href":"https:\/\/pocencoffee.com\/pt\/wp-json\/wp\/v2\/product\/2212\/revisions"}],"predecessor-version":[{"id":2216,"href":"https:\/\/pocencoffee.com\/pt\/wp-json\/wp\/v2\/product\/2212\/revisions\/2216"}],"wp:featuredmedia":[{"embeddable":true,"href":"https:\/\/pocencoffee.com\/pt\/wp-json\/wp\/v2\/media\/2213"}],"wp:attachment":[{"href":"https:\/\/pocencoffee.com\/pt\/wp-json\/wp\/v2\/media?parent=2212"}],"wp:term":[{"taxonomy":"product_brand","embeddable":true,"href":"https:\/\/pocencoffee.com\/pt\/wp-json\/wp\/v2\/product_brand?post=2212"},{"taxonomy":"product_cat","embeddable":true,"href":"https:\/\/pocencoffee.com\/pt\/wp-json\/wp\/v2\/product_cat?post=2212"},{"taxonomy":"product_tag","embeddable":true,"href":"https:\/\/pocencoffee.com\/pt\/wp-json\/wp\/v2\/product_tag?post=2212"}],"curies":[{"name":"wp","href":"https:\/\/api.w.org\/{rel}","templated":true}]}}