{"id":2217,"date":"2024-03-29T07:22:34","date_gmt":"2024-03-29T14:22:34","guid":{"rendered":"https:\/\/pocencoffee.com\/?post_type=product&#038;p=2217"},"modified":"2024-03-29T07:23:18","modified_gmt":"2024-03-29T14:23:18","slug":"jarro-de-espuma-de-leite-de-aco-inoxidavel-com-sensor-de-temperatura","status":"publish","type":"product","link":"https:\/\/pocencoffee.com\/pt\/produto\/jarro-de-espuma-de-leite-de-aco-inoxidavel-com-sensor-de-temperatura\/","title":{"rendered":"Jarro de a\u00e7o inoxid\u00e1vel com sensor de temperatura para espumar leite"},"content":{"rendered":"<p>Material: 304S\/S;<\/p>\n<p>Tamanho: 350 ml \/ 600 ml; ;<\/p>\n<p>Op\u00e7\u00e3o de personaliza\u00e7\u00e3o: personalize o logotipo, as medidas, a cor e a embalagem. .<\/p>\n<p>Caracter\u00edsticas : Certificados LFGB, FDA e de materiais; boca de despejo profissional.<\/p>","protected":false},"excerpt":{"rendered":"<p>Essa jarra de leite tem um adesivo com sensor de temperatura. \u00c9 uma fun\u00e7\u00e3o muito boa para ajudar o barista a terminar a espuma\u00e7\u00e3o do leite.<\/p>","protected":false},"featured_media":2220,"template":"","meta":[],"product_brand":[],"product_cat":[22],"product_tag":[],"class_list":{"0":"post-2217","1":"product","2":"type-product","3":"status-publish","4":"has-post-thumbnail","6":"product_cat-milk-steaming-pitcher","8":"first","9":"instock","10":"shipping-taxable","11":"product-type-simple"},"_links":{"self":[{"href":"https:\/\/pocencoffee.com\/pt\/wp-json\/wp\/v2\/product\/2217","targetHints":{"allow":["GET"]}}],"collection":[{"href":"https:\/\/pocencoffee.com\/pt\/wp-json\/wp\/v2\/product"}],"about":[{"href":"https:\/\/pocencoffee.com\/pt\/wp-json\/wp\/v2\/types\/product"}],"version-history":[{"count":1,"href":"https:\/\/pocencoffee.com\/pt\/wp-json\/wp\/v2\/product\/2217\/revisions"}],"predecessor-version":[{"id":2221,"href":"https:\/\/pocencoffee.com\/pt\/wp-json\/wp\/v2\/product\/2217\/revisions\/2221"}],"wp:featuredmedia":[{"embeddable":true,"href":"https:\/\/pocencoffee.com\/pt\/wp-json\/wp\/v2\/media\/2220"}],"wp:attachment":[{"href":"https:\/\/pocencoffee.com\/pt\/wp-json\/wp\/v2\/media?parent=2217"}],"wp:term":[{"taxonomy":"product_brand","embeddable":true,"href":"https:\/\/pocencoffee.com\/pt\/wp-json\/wp\/v2\/product_brand?post=2217"},{"taxonomy":"product_cat","embeddable":true,"href":"https:\/\/pocencoffee.com\/pt\/wp-json\/wp\/v2\/product_cat?post=2217"},{"taxonomy":"product_tag","embeddable":true,"href":"https:\/\/pocencoffee.com\/pt\/wp-json\/wp\/v2\/product_tag?post=2217"}],"curies":[{"name":"wp","href":"https:\/\/api.w.org\/{rel}","templated":true}]}}