{"id":2231,"date":"2024-03-29T08:09:41","date_gmt":"2024-03-29T15:09:41","guid":{"rendered":"https:\/\/pocencoffee.com\/?post_type=product&#038;p=2231"},"modified":"2024-03-29T08:09:41","modified_gmt":"2024-03-29T15:09:41","slug":"jarra-para-vaporizacao-de-cappuccino-em-aco-inoxidavel-com-relevo","status":"publish","type":"product","link":"https:\/\/pocencoffee.com\/pt\/produto\/jarra-para-vaporizacao-de-cappuccino-em-aco-inoxidavel-com-relevo\/","title":{"rendered":"Medidas em relevo jarro de a\u00e7o inoxid\u00e1vel para cappuccino"},"content":{"rendered":"<p>Material: 304S\/S;<\/p>\n<p>Tamanho: 350 ml \/ 550 ml \/ 900 ml<\/p>\n<p>Op\u00e7\u00e3o de personaliza\u00e7\u00e3o: personalize o logotipo, as medidas, a cor e a embalagem. .<\/p>\n<p>Caracter\u00edsticas: LFGB, FDA e certificados de teste de materiais; ;<\/p>\n<p><img decoding=\"async\" class=\"alignnone size-medium wp-image-2236\" src=\"https:\/\/pocencoffee.com\/wp-content\/uploads\/2024\/03\/MPG-meansurement-foaming-pitcher-300x155.jpg\" alt=\"\" width=\"300\" height=\"155\" title=\"\" srcset=\"https:\/\/pocencoffee.com\/wp-content\/uploads\/2024\/03\/MPG-meansurement-foaming-pitcher-300x155.jpg 300w, https:\/\/pocencoffee.com\/wp-content\/uploads\/2024\/03\/MPG-meansurement-foaming-pitcher-600x309.jpg 600w, https:\/\/pocencoffee.com\/wp-content\/uploads\/2024\/03\/MPG-meansurement-foaming-pitcher.jpg 640w\" sizes=\"(max-width: 300px) 100vw, 300px\" \/><\/p>","protected":false},"excerpt":{"rendered":"<p>Jarra de leite fumegante com impress\u00e3o em relevo de significados dentro e fora.<\/p>","protected":false},"featured_media":2233,"template":"","meta":[],"product_brand":[],"product_cat":[22],"product_tag":[],"class_list":{"0":"post-2231","1":"product","2":"type-product","3":"status-publish","4":"has-post-thumbnail","6":"product_cat-milk-steaming-pitcher","8":"first","9":"instock","10":"shipping-taxable","11":"product-type-simple"},"_links":{"self":[{"href":"https:\/\/pocencoffee.com\/pt\/wp-json\/wp\/v2\/product\/2231","targetHints":{"allow":["GET"]}}],"collection":[{"href":"https:\/\/pocencoffee.com\/pt\/wp-json\/wp\/v2\/product"}],"about":[{"href":"https:\/\/pocencoffee.com\/pt\/wp-json\/wp\/v2\/types\/product"}],"version-history":[{"count":1,"href":"https:\/\/pocencoffee.com\/pt\/wp-json\/wp\/v2\/product\/2231\/revisions"}],"predecessor-version":[{"id":2237,"href":"https:\/\/pocencoffee.com\/pt\/wp-json\/wp\/v2\/product\/2231\/revisions\/2237"}],"wp:featuredmedia":[{"embeddable":true,"href":"https:\/\/pocencoffee.com\/pt\/wp-json\/wp\/v2\/media\/2233"}],"wp:attachment":[{"href":"https:\/\/pocencoffee.com\/pt\/wp-json\/wp\/v2\/media?parent=2231"}],"wp:term":[{"taxonomy":"product_brand","embeddable":true,"href":"https:\/\/pocencoffee.com\/pt\/wp-json\/wp\/v2\/product_brand?post=2231"},{"taxonomy":"product_cat","embeddable":true,"href":"https:\/\/pocencoffee.com\/pt\/wp-json\/wp\/v2\/product_cat?post=2231"},{"taxonomy":"product_tag","embeddable":true,"href":"https:\/\/pocencoffee.com\/pt\/wp-json\/wp\/v2\/product_tag?post=2231"}],"curies":[{"name":"wp","href":"https:\/\/api.w.org\/{rel}","templated":true}]}}