{"id":2238,"date":"2024-03-29T08:18:51","date_gmt":"2024-03-29T15:18:51","guid":{"rendered":"https:\/\/pocencoffee.com\/?post_type=product&#038;p=2238"},"modified":"2024-03-29T08:18:51","modified_gmt":"2024-03-29T15:18:51","slug":"bocal-de-leite-manual-para-cafe-perfect-home-make","status":"publish","type":"product","link":"https:\/\/pocencoffee.com\/pt\/produto\/bocal-de-leite-manual-para-cafe-perfect-home-make\/","title":{"rendered":"Espumador de leite manual perfeito para fazer caf\u00e9 em casa"},"content":{"rendered":"<p>Material: 304S\/S;<\/p>\n<p>Tamanho: 400 ml, 600 ml.<\/p>\n<p>Op\u00e7\u00e3o de personaliza\u00e7\u00e3o: personalize o logotipo, as medidas, a cor e a embalagem. .<\/p>\n<p>Caracter\u00edsticas: LFGB, FDA e certificados de teste de materiais; ;<\/p>","protected":false},"excerpt":{"rendered":"<p>Espumador de leite manual perfeito, que pode espumar o leite pressionando e puxando o \u00eambolo.<\/p>","protected":false},"featured_media":2240,"template":"","meta":[],"product_brand":[],"product_cat":[22],"product_tag":[],"class_list":{"0":"post-2238","1":"product","2":"type-product","3":"status-publish","4":"has-post-thumbnail","6":"product_cat-milk-steaming-pitcher","8":"first","9":"instock","10":"shipping-taxable","11":"product-type-simple"},"_links":{"self":[{"href":"https:\/\/pocencoffee.com\/pt\/wp-json\/wp\/v2\/product\/2238","targetHints":{"allow":["GET"]}}],"collection":[{"href":"https:\/\/pocencoffee.com\/pt\/wp-json\/wp\/v2\/product"}],"about":[{"href":"https:\/\/pocencoffee.com\/pt\/wp-json\/wp\/v2\/types\/product"}],"version-history":[{"count":1,"href":"https:\/\/pocencoffee.com\/pt\/wp-json\/wp\/v2\/product\/2238\/revisions"}],"predecessor-version":[{"id":2243,"href":"https:\/\/pocencoffee.com\/pt\/wp-json\/wp\/v2\/product\/2238\/revisions\/2243"}],"wp:featuredmedia":[{"embeddable":true,"href":"https:\/\/pocencoffee.com\/pt\/wp-json\/wp\/v2\/media\/2240"}],"wp:attachment":[{"href":"https:\/\/pocencoffee.com\/pt\/wp-json\/wp\/v2\/media?parent=2238"}],"wp:term":[{"taxonomy":"product_brand","embeddable":true,"href":"https:\/\/pocencoffee.com\/pt\/wp-json\/wp\/v2\/product_brand?post=2238"},{"taxonomy":"product_cat","embeddable":true,"href":"https:\/\/pocencoffee.com\/pt\/wp-json\/wp\/v2\/product_cat?post=2238"},{"taxonomy":"product_tag","embeddable":true,"href":"https:\/\/pocencoffee.com\/pt\/wp-json\/wp\/v2\/product_tag?post=2238"}],"curies":[{"name":"wp","href":"https:\/\/api.w.org\/{rel}","templated":true}]}}