{"id":2244,"date":"2024-03-29T08:32:21","date_gmt":"2024-03-29T15:32:21","guid":{"rendered":"https:\/\/pocencoffee.com\/?post_type=product&#038;p=2244"},"modified":"2024-03-29T08:39:53","modified_gmt":"2024-03-29T15:39:53","slug":"jarra-de-leite-fumegante-para-cafe-com-tampa","status":"publish","type":"product","link":"https:\/\/pocencoffee.com\/pt\/produto\/jarra-de-leite-fumegante-para-cafe-com-tampa\/","title":{"rendered":"Jarro para caf\u00e9 com tampa para aquecer leite"},"content":{"rendered":"<p>Material: 304S\/S;<\/p>\n<p>Op\u00e7\u00f5es dispon\u00edveis de capacidade: 350 ml, 600 ml, 900 ml, 1500 ml, 2000 ml.<\/p>\n<p>Op\u00e7\u00e3o de personaliza\u00e7\u00e3o: personalize o logotipo, as medidas, a cor e a embalagem. .<\/p>\n<p>Caracter\u00edsticas: LFGB, FDA e certificados de teste de materiais; ;<\/p>","protected":false},"excerpt":{"rendered":"<p>Esse jarro de leite com tampa \u00e9 bastante adequado para restaurantes e cafeterias.<\/p>","protected":false},"featured_media":2245,"template":"","meta":[],"product_brand":[],"product_cat":[22],"product_tag":[],"class_list":{"0":"post-2244","1":"product","2":"type-product","3":"status-publish","4":"has-post-thumbnail","6":"product_cat-milk-steaming-pitcher","8":"first","9":"instock","10":"shipping-taxable","11":"product-type-simple"},"_links":{"self":[{"href":"https:\/\/pocencoffee.com\/pt\/wp-json\/wp\/v2\/product\/2244","targetHints":{"allow":["GET"]}}],"collection":[{"href":"https:\/\/pocencoffee.com\/pt\/wp-json\/wp\/v2\/product"}],"about":[{"href":"https:\/\/pocencoffee.com\/pt\/wp-json\/wp\/v2\/types\/product"}],"version-history":[{"count":1,"href":"https:\/\/pocencoffee.com\/pt\/wp-json\/wp\/v2\/product\/2244\/revisions"}],"predecessor-version":[{"id":2250,"href":"https:\/\/pocencoffee.com\/pt\/wp-json\/wp\/v2\/product\/2244\/revisions\/2250"}],"wp:featuredmedia":[{"embeddable":true,"href":"https:\/\/pocencoffee.com\/pt\/wp-json\/wp\/v2\/media\/2245"}],"wp:attachment":[{"href":"https:\/\/pocencoffee.com\/pt\/wp-json\/wp\/v2\/media?parent=2244"}],"wp:term":[{"taxonomy":"product_brand","embeddable":true,"href":"https:\/\/pocencoffee.com\/pt\/wp-json\/wp\/v2\/product_brand?post=2244"},{"taxonomy":"product_cat","embeddable":true,"href":"https:\/\/pocencoffee.com\/pt\/wp-json\/wp\/v2\/product_cat?post=2244"},{"taxonomy":"product_tag","embeddable":true,"href":"https:\/\/pocencoffee.com\/pt\/wp-json\/wp\/v2\/product_tag?post=2244"}],"curies":[{"name":"wp","href":"https:\/\/api.w.org\/{rel}","templated":true}]}}