{"id":2251,"date":"2024-03-29T09:00:07","date_gmt":"2024-03-29T16:00:07","guid":{"rendered":"https:\/\/pocencoffee.com\/?post_type=product&#038;p=2251"},"modified":"2024-03-29T09:00:08","modified_gmt":"2024-03-29T16:00:08","slug":"jarro-de-leite-para-cafe-expresso-de-tamanho-pequeno-com-40-ml-e-100-ml","status":"publish","type":"product","link":"https:\/\/pocencoffee.com\/pt\/produto\/jarro-de-leite-para-cafe-expresso-de-tamanho-pequeno-com-40-ml-e-100-ml\/","title":{"rendered":"Jarro de leite para caf\u00e9 expresso de tamanho pequeno, com 40 ml e 100 ml"},"content":{"rendered":"<p>Material: 304S\/S;<\/p>\n<p>Op\u00e7\u00f5es de capacidade dispon\u00edveis: 40 ml, 100 ml.<\/p>\n<p>Op\u00e7\u00e3o de personaliza\u00e7\u00e3o: personalize o logotipo, as medidas, a cor e a embalagem. .<\/p>\n<p>Caracter\u00edsticas: LFGB, FDA e certificados de teste de materiais; ;<\/p>","protected":false},"excerpt":{"rendered":"<p>Este \u00e9 um jarro de leite para caf\u00e9 expresso invulgarmente pequeno.<\/p>","protected":false},"featured_media":2253,"template":"","meta":[],"product_brand":[],"product_cat":[22],"product_tag":[],"class_list":{"0":"post-2251","1":"product","2":"type-product","3":"status-publish","4":"has-post-thumbnail","6":"product_cat-milk-steaming-pitcher","8":"first","9":"instock","10":"shipping-taxable","11":"product-type-simple"},"_links":{"self":[{"href":"https:\/\/pocencoffee.com\/pt\/wp-json\/wp\/v2\/product\/2251","targetHints":{"allow":["GET"]}}],"collection":[{"href":"https:\/\/pocencoffee.com\/pt\/wp-json\/wp\/v2\/product"}],"about":[{"href":"https:\/\/pocencoffee.com\/pt\/wp-json\/wp\/v2\/types\/product"}],"version-history":[{"count":1,"href":"https:\/\/pocencoffee.com\/pt\/wp-json\/wp\/v2\/product\/2251\/revisions"}],"predecessor-version":[{"id":2257,"href":"https:\/\/pocencoffee.com\/pt\/wp-json\/wp\/v2\/product\/2251\/revisions\/2257"}],"wp:featuredmedia":[{"embeddable":true,"href":"https:\/\/pocencoffee.com\/pt\/wp-json\/wp\/v2\/media\/2253"}],"wp:attachment":[{"href":"https:\/\/pocencoffee.com\/pt\/wp-json\/wp\/v2\/media?parent=2251"}],"wp:term":[{"taxonomy":"product_brand","embeddable":true,"href":"https:\/\/pocencoffee.com\/pt\/wp-json\/wp\/v2\/product_brand?post=2251"},{"taxonomy":"product_cat","embeddable":true,"href":"https:\/\/pocencoffee.com\/pt\/wp-json\/wp\/v2\/product_cat?post=2251"},{"taxonomy":"product_tag","embeddable":true,"href":"https:\/\/pocencoffee.com\/pt\/wp-json\/wp\/v2\/product_tag?post=2251"}],"curies":[{"name":"wp","href":"https:\/\/api.w.org\/{rel}","templated":true}]}}