{"id":2263,"date":"2024-03-29T09:17:12","date_gmt":"2024-03-29T16:17:12","guid":{"rendered":"https:\/\/pocencoffee.com\/?post_type=product&#038;p=2263"},"modified":"2024-03-29T09:17:13","modified_gmt":"2024-03-29T16:17:13","slug":"bule-para-cafe-expresso-em-aco-inoxidavel","status":"publish","type":"product","link":"https:\/\/pocencoffee.com\/pt\/produto\/bule-para-cafe-expresso-em-aco-inoxidavel\/","title":{"rendered":"Pote para caf\u00e9 expresso em a\u00e7o inoxid\u00e1vel"},"content":{"rendered":"<p>Material: 304S\/S;<\/p>\n<p>Op\u00e7\u00f5es dispon\u00edveis para a capacidade: 100 ml.<\/p>\n<p>Op\u00e7\u00e3o de personaliza\u00e7\u00e3o: personalize o logotipo, as medidas, a cor e a embalagem. .<\/p>\n<p>Caracter\u00edsticas: LFGB, FDA e certificados de teste de materiais; ;<\/p>","protected":false},"excerpt":{"rendered":"<p>Caf\u00e9 expresso de qualidade superior.<\/p>","protected":false},"featured_media":2264,"template":"","meta":[],"product_brand":[],"product_cat":[22],"product_tag":[],"class_list":{"0":"post-2263","1":"product","2":"type-product","3":"status-publish","4":"has-post-thumbnail","6":"product_cat-milk-steaming-pitcher","8":"first","9":"instock","10":"shipping-taxable","11":"product-type-simple"},"_links":{"self":[{"href":"https:\/\/pocencoffee.com\/pt\/wp-json\/wp\/v2\/product\/2263","targetHints":{"allow":["GET"]}}],"collection":[{"href":"https:\/\/pocencoffee.com\/pt\/wp-json\/wp\/v2\/product"}],"about":[{"href":"https:\/\/pocencoffee.com\/pt\/wp-json\/wp\/v2\/types\/product"}],"version-history":[{"count":1,"href":"https:\/\/pocencoffee.com\/pt\/wp-json\/wp\/v2\/product\/2263\/revisions"}],"predecessor-version":[{"id":2269,"href":"https:\/\/pocencoffee.com\/pt\/wp-json\/wp\/v2\/product\/2263\/revisions\/2269"}],"wp:featuredmedia":[{"embeddable":true,"href":"https:\/\/pocencoffee.com\/pt\/wp-json\/wp\/v2\/media\/2264"}],"wp:attachment":[{"href":"https:\/\/pocencoffee.com\/pt\/wp-json\/wp\/v2\/media?parent=2263"}],"wp:term":[{"taxonomy":"product_brand","embeddable":true,"href":"https:\/\/pocencoffee.com\/pt\/wp-json\/wp\/v2\/product_brand?post=2263"},{"taxonomy":"product_cat","embeddable":true,"href":"https:\/\/pocencoffee.com\/pt\/wp-json\/wp\/v2\/product_cat?post=2263"},{"taxonomy":"product_tag","embeddable":true,"href":"https:\/\/pocencoffee.com\/pt\/wp-json\/wp\/v2\/product_tag?post=2263"}],"curies":[{"name":"wp","href":"https:\/\/api.w.org\/{rel}","templated":true}]}}