{"id":2270,"date":"2024-03-30T06:49:38","date_gmt":"2024-03-30T13:49:38","guid":{"rendered":"https:\/\/pocencoffee.com\/?post_type=product&#038;p=2270"},"modified":"2024-03-30T06:49:39","modified_gmt":"2024-03-30T13:49:39","slug":"ferramentas-para-baristas-tampers-para-cafe","status":"publish","type":"product","link":"https:\/\/pocencoffee.com\/pt\/produto\/ferramentas-para-baristas-tampers-para-cafe\/","title":{"rendered":"Ferramentas para baristas: compactadores de caf\u00e9"},"content":{"rendered":"<p>Material: base s\u00f3lida de a\u00e7o inoxid\u00e1vel, al\u00e7a de liga de alum\u00ednio.<\/p>\n<p>Tamanho: 51 mm, 53 mm, 58 mm<\/p>\n<p>Op\u00e7\u00f5es de personaliza\u00e7\u00e3o: LOGOTIPO, cor, embalagem<\/p>\n<p>Design da base: plano, rosca ou qualquer personaliza\u00e7\u00e3o necess\u00e1ria.<\/p>","protected":false},"excerpt":{"rendered":"<p>Somos fabricantes de tampers para caf\u00e9 desde 2009 e prestamos servi\u00e7os personalizados para empresas de caf\u00e9.<\/p>","protected":false},"featured_media":2271,"template":"","meta":[],"product_brand":[],"product_cat":[23],"product_tag":[],"class_list":{"0":"post-2270","1":"product","2":"type-product","3":"status-publish","4":"has-post-thumbnail","6":"product_cat-coffee-tamperscoffee-coffee-leveler","8":"first","9":"instock","10":"shipping-taxable","11":"product-type-simple"},"_links":{"self":[{"href":"https:\/\/pocencoffee.com\/pt\/wp-json\/wp\/v2\/product\/2270","targetHints":{"allow":["GET"]}}],"collection":[{"href":"https:\/\/pocencoffee.com\/pt\/wp-json\/wp\/v2\/product"}],"about":[{"href":"https:\/\/pocencoffee.com\/pt\/wp-json\/wp\/v2\/types\/product"}],"version-history":[{"count":1,"href":"https:\/\/pocencoffee.com\/pt\/wp-json\/wp\/v2\/product\/2270\/revisions"}],"predecessor-version":[{"id":2274,"href":"https:\/\/pocencoffee.com\/pt\/wp-json\/wp\/v2\/product\/2270\/revisions\/2274"}],"wp:featuredmedia":[{"embeddable":true,"href":"https:\/\/pocencoffee.com\/pt\/wp-json\/wp\/v2\/media\/2271"}],"wp:attachment":[{"href":"https:\/\/pocencoffee.com\/pt\/wp-json\/wp\/v2\/media?parent=2270"}],"wp:term":[{"taxonomy":"product_brand","embeddable":true,"href":"https:\/\/pocencoffee.com\/pt\/wp-json\/wp\/v2\/product_brand?post=2270"},{"taxonomy":"product_cat","embeddable":true,"href":"https:\/\/pocencoffee.com\/pt\/wp-json\/wp\/v2\/product_cat?post=2270"},{"taxonomy":"product_tag","embeddable":true,"href":"https:\/\/pocencoffee.com\/pt\/wp-json\/wp\/v2\/product_tag?post=2270"}],"curies":[{"name":"wp","href":"https:\/\/api.w.org\/{rel}","templated":true}]}}