{"id":2275,"date":"2024-03-30T07:07:39","date_gmt":"2024-03-30T14:07:39","guid":{"rendered":"https:\/\/pocencoffee.com\/?post_type=product&#038;p=2275"},"modified":"2024-03-30T07:07:40","modified_gmt":"2024-03-30T14:07:40","slug":"tampoes-para-cafe-expresso-com-cabo-de-madeira","status":"publish","type":"product","link":"https:\/\/pocencoffee.com\/pt\/produto\/tampoes-para-cafe-expresso-com-cabo-de-madeira\/","title":{"rendered":"Calcadores para caf\u00e9 expresso com cabo de madeira"},"content":{"rendered":"<p>Material: base s\u00f3lida de a\u00e7o inoxid\u00e1vel, cabo de madeira.<\/p>\n<p>Tamanho: 51 mm, 53 mm, 58 mm<\/p>\n<p>Op\u00e7\u00f5es de personaliza\u00e7\u00e3o: LOGOTIPO, embalagem<\/p>\n<p>Design da base: design plano, de rosca e de personaliza\u00e7\u00e3o.<\/p>","protected":false},"excerpt":{"rendered":"<p>O cabo de madeira com cabe\u00e7a grande \u00e9 muito adequado para prensar o p\u00f3 de caf\u00e9.<\/p>","protected":false},"featured_media":2276,"template":"","meta":[],"product_brand":[],"product_cat":[23],"product_tag":[],"class_list":{"0":"post-2275","1":"product","2":"type-product","3":"status-publish","4":"has-post-thumbnail","6":"product_cat-coffee-tamperscoffee-coffee-leveler","8":"first","9":"instock","10":"shipping-taxable","11":"product-type-simple"},"_links":{"self":[{"href":"https:\/\/pocencoffee.com\/pt\/wp-json\/wp\/v2\/product\/2275","targetHints":{"allow":["GET"]}}],"collection":[{"href":"https:\/\/pocencoffee.com\/pt\/wp-json\/wp\/v2\/product"}],"about":[{"href":"https:\/\/pocencoffee.com\/pt\/wp-json\/wp\/v2\/types\/product"}],"version-history":[{"count":1,"href":"https:\/\/pocencoffee.com\/pt\/wp-json\/wp\/v2\/product\/2275\/revisions"}],"predecessor-version":[{"id":2281,"href":"https:\/\/pocencoffee.com\/pt\/wp-json\/wp\/v2\/product\/2275\/revisions\/2281"}],"wp:featuredmedia":[{"embeddable":true,"href":"https:\/\/pocencoffee.com\/pt\/wp-json\/wp\/v2\/media\/2276"}],"wp:attachment":[{"href":"https:\/\/pocencoffee.com\/pt\/wp-json\/wp\/v2\/media?parent=2275"}],"wp:term":[{"taxonomy":"product_brand","embeddable":true,"href":"https:\/\/pocencoffee.com\/pt\/wp-json\/wp\/v2\/product_brand?post=2275"},{"taxonomy":"product_cat","embeddable":true,"href":"https:\/\/pocencoffee.com\/pt\/wp-json\/wp\/v2\/product_cat?post=2275"},{"taxonomy":"product_tag","embeddable":true,"href":"https:\/\/pocencoffee.com\/pt\/wp-json\/wp\/v2\/product_tag?post=2275"}],"curies":[{"name":"wp","href":"https:\/\/api.w.org\/{rel}","templated":true}]}}