{"id":2291,"date":"2024-03-30T07:41:31","date_gmt":"2024-03-30T14:41:31","guid":{"rendered":"https:\/\/pocencoffee.com\/?post_type=product&#038;p=2291"},"modified":"2024-03-30T07:41:32","modified_gmt":"2024-03-30T14:41:32","slug":"melhores-tampers-de-cafe-para-baristas-da-fabrica","status":"publish","type":"product","link":"https:\/\/pocencoffee.com\/pt\/produto\/melhores-tampers-de-cafe-para-baristas-da-fabrica\/","title":{"rendered":"Os melhores compactadores de caf\u00e9 para baristas de f\u00e1brica"},"content":{"rendered":"<p><strong>Os melhores compactadores de caf\u00e9 para baristas de f\u00e1brica<\/strong><\/p>\n<p>Material: base de caf\u00e9 em a\u00e7o inoxid\u00e1vel s\u00f3lido, al\u00e7a de alum\u00ednio.<\/p>\n<p>Tamanho: 51 mm, 53 mm, 58 mm<\/p>\n<p>Op\u00e7\u00f5es de personaliza\u00e7\u00e3o: Cor, LOGOTIPO, embalagem<\/p>\n<p>Base: plana, rosca e personaliza\u00e7\u00e3o<\/p>","protected":false},"excerpt":{"rendered":"<p>A f\u00e1brica de ferramentas de caf\u00e9 e ferramentas para baristas oferece servi\u00e7os personalizados para tampers de caf\u00e9 para baristas.<\/p>","protected":false},"featured_media":2293,"template":"","meta":[],"product_brand":[],"product_cat":[23],"product_tag":[],"class_list":{"0":"post-2291","1":"product","2":"type-product","3":"status-publish","4":"has-post-thumbnail","6":"product_cat-coffee-tamperscoffee-coffee-leveler","8":"first","9":"instock","10":"shipping-taxable","11":"product-type-simple"},"_links":{"self":[{"href":"https:\/\/pocencoffee.com\/pt\/wp-json\/wp\/v2\/product\/2291","targetHints":{"allow":["GET"]}}],"collection":[{"href":"https:\/\/pocencoffee.com\/pt\/wp-json\/wp\/v2\/product"}],"about":[{"href":"https:\/\/pocencoffee.com\/pt\/wp-json\/wp\/v2\/types\/product"}],"version-history":[{"count":1,"href":"https:\/\/pocencoffee.com\/pt\/wp-json\/wp\/v2\/product\/2291\/revisions"}],"predecessor-version":[{"id":2294,"href":"https:\/\/pocencoffee.com\/pt\/wp-json\/wp\/v2\/product\/2291\/revisions\/2294"}],"wp:featuredmedia":[{"embeddable":true,"href":"https:\/\/pocencoffee.com\/pt\/wp-json\/wp\/v2\/media\/2293"}],"wp:attachment":[{"href":"https:\/\/pocencoffee.com\/pt\/wp-json\/wp\/v2\/media?parent=2291"}],"wp:term":[{"taxonomy":"product_brand","embeddable":true,"href":"https:\/\/pocencoffee.com\/pt\/wp-json\/wp\/v2\/product_brand?post=2291"},{"taxonomy":"product_cat","embeddable":true,"href":"https:\/\/pocencoffee.com\/pt\/wp-json\/wp\/v2\/product_cat?post=2291"},{"taxonomy":"product_tag","embeddable":true,"href":"https:\/\/pocencoffee.com\/pt\/wp-json\/wp\/v2\/product_tag?post=2291"}],"curies":[{"name":"wp","href":"https:\/\/api.w.org\/{rel}","templated":true}]}}