{"id":2295,"date":"2024-03-30T07:56:39","date_gmt":"2024-03-30T14:56:39","guid":{"rendered":"https:\/\/pocencoffee.com\/?post_type=product&#038;p=2295"},"modified":"2024-03-30T07:56:39","modified_gmt":"2024-03-30T14:56:39","slug":"nivelador-de-cafe-manual-mais-vendido","status":"publish","type":"product","link":"https:\/\/pocencoffee.com\/pt\/produto\/nivelador-de-cafe-manual-mais-vendido\/","title":{"rendered":"Nivelador manual de caf\u00e9 mais vendido"},"content":{"rendered":"<p><strong>Nivelador manual de caf\u00e9 mais vendido<\/strong><\/p>\n<p>Material: base de caf\u00e9 em a\u00e7o inoxid\u00e1vel s\u00f3lido, al\u00e7a de alum\u00ednio.<\/p>\n<p>Tamanho: 51 mm, 53 mm, 58 mm.<\/p>\n<p>Op\u00e7\u00f5es de personaliza\u00e7\u00e3o: Cor, LOGOTIPO, embalagem.<\/p>\n<p>Design da base: plano, rosca e personaliza\u00e7\u00e3o.<\/p>\n<p>&nbsp;<\/p>","protected":false},"excerpt":{"rendered":"<p>Esse produto ganha o t\u00edtulo de mais vendido todos os anos. Entre em contato conosco para fazer seus pedidos personalizados.<\/p>","protected":false},"featured_media":2296,"template":"","meta":[],"product_brand":[],"product_cat":[23],"product_tag":[],"class_list":{"0":"post-2295","1":"product","2":"type-product","3":"status-publish","4":"has-post-thumbnail","6":"product_cat-coffee-tamperscoffee-coffee-leveler","8":"first","9":"instock","10":"shipping-taxable","11":"product-type-simple"},"_links":{"self":[{"href":"https:\/\/pocencoffee.com\/pt\/wp-json\/wp\/v2\/product\/2295","targetHints":{"allow":["GET"]}}],"collection":[{"href":"https:\/\/pocencoffee.com\/pt\/wp-json\/wp\/v2\/product"}],"about":[{"href":"https:\/\/pocencoffee.com\/pt\/wp-json\/wp\/v2\/types\/product"}],"version-history":[{"count":1,"href":"https:\/\/pocencoffee.com\/pt\/wp-json\/wp\/v2\/product\/2295\/revisions"}],"predecessor-version":[{"id":2300,"href":"https:\/\/pocencoffee.com\/pt\/wp-json\/wp\/v2\/product\/2295\/revisions\/2300"}],"wp:featuredmedia":[{"embeddable":true,"href":"https:\/\/pocencoffee.com\/pt\/wp-json\/wp\/v2\/media\/2296"}],"wp:attachment":[{"href":"https:\/\/pocencoffee.com\/pt\/wp-json\/wp\/v2\/media?parent=2295"}],"wp:term":[{"taxonomy":"product_brand","embeddable":true,"href":"https:\/\/pocencoffee.com\/pt\/wp-json\/wp\/v2\/product_brand?post=2295"},{"taxonomy":"product_cat","embeddable":true,"href":"https:\/\/pocencoffee.com\/pt\/wp-json\/wp\/v2\/product_cat?post=2295"},{"taxonomy":"product_tag","embeddable":true,"href":"https:\/\/pocencoffee.com\/pt\/wp-json\/wp\/v2\/product_tag?post=2295"}],"curies":[{"name":"wp","href":"https:\/\/api.w.org\/{rel}","templated":true}]}}