{"id":2301,"date":"2024-03-30T08:25:17","date_gmt":"2024-03-30T15:25:17","guid":{"rendered":"https:\/\/pocencoffee.com\/?post_type=product&#038;p=2301"},"modified":"2024-03-30T08:25:17","modified_gmt":"2024-03-30T15:25:17","slug":"ferramentas-para-baristas-ferramentas-de-distribuicao-de-cafe","status":"publish","type":"product","link":"https:\/\/pocencoffee.com\/pt\/produto\/ferramentas-para-baristas-ferramentas-de-distribuicao-de-cafe\/","title":{"rendered":"Ferramentas para baristas Ferramentas para distribui\u00e7\u00e3o de caf\u00e9"},"content":{"rendered":"<p><strong>Ferramentas para baristas, ferramentas de distribui\u00e7\u00e3o de caf\u00e9<\/strong><\/p>\n<p>Material: base de caf\u00e9 em a\u00e7o inoxid\u00e1vel s\u00f3lido, al\u00e7a de alum\u00ednio.<\/p>\n<p>Tamanho: 51 mm, 53 mm, 58 mm<\/p>\n<p>Op\u00e7\u00f5es de personaliza\u00e7\u00e3o: Cor, LOGOTIPO, embalagem<\/p>\n<p>Base: plana, rosca e personaliza\u00e7\u00e3o<\/p>","protected":false},"excerpt":{"rendered":"<p>A f\u00e1brica de ferramentas de distribui\u00e7\u00e3o de caf\u00e9 com design de al\u00e7a suave oferece servi\u00e7os de OEM.<\/p>","protected":false},"featured_media":2302,"template":"","meta":[],"product_brand":[],"product_cat":[23],"product_tag":[],"class_list":{"0":"post-2301","1":"product","2":"type-product","3":"status-publish","4":"has-post-thumbnail","6":"product_cat-coffee-tamperscoffee-coffee-leveler","8":"first","9":"instock","10":"shipping-taxable","11":"product-type-simple"},"_links":{"self":[{"href":"https:\/\/pocencoffee.com\/pt\/wp-json\/wp\/v2\/product\/2301","targetHints":{"allow":["GET"]}}],"collection":[{"href":"https:\/\/pocencoffee.com\/pt\/wp-json\/wp\/v2\/product"}],"about":[{"href":"https:\/\/pocencoffee.com\/pt\/wp-json\/wp\/v2\/types\/product"}],"version-history":[{"count":2,"href":"https:\/\/pocencoffee.com\/pt\/wp-json\/wp\/v2\/product\/2301\/revisions"}],"predecessor-version":[{"id":2310,"href":"https:\/\/pocencoffee.com\/pt\/wp-json\/wp\/v2\/product\/2301\/revisions\/2310"}],"wp:featuredmedia":[{"embeddable":true,"href":"https:\/\/pocencoffee.com\/pt\/wp-json\/wp\/v2\/media\/2302"}],"wp:attachment":[{"href":"https:\/\/pocencoffee.com\/pt\/wp-json\/wp\/v2\/media?parent=2301"}],"wp:term":[{"taxonomy":"product_brand","embeddable":true,"href":"https:\/\/pocencoffee.com\/pt\/wp-json\/wp\/v2\/product_brand?post=2301"},{"taxonomy":"product_cat","embeddable":true,"href":"https:\/\/pocencoffee.com\/pt\/wp-json\/wp\/v2\/product_cat?post=2301"},{"taxonomy":"product_tag","embeddable":true,"href":"https:\/\/pocencoffee.com\/pt\/wp-json\/wp\/v2\/product_tag?post=2301"}],"curies":[{"name":"wp","href":"https:\/\/api.w.org\/{rel}","templated":true}]}}