{"id":2327,"date":"2024-03-30T09:09:01","date_gmt":"2024-03-30T16:09:01","guid":{"rendered":"https:\/\/pocencoffee.com\/?post_type=product&#038;p=2327"},"modified":"2024-03-30T09:09:01","modified_gmt":"2024-03-30T16:09:01","slug":"2-em-1-compactador-e-distribuidor-de-cafe","status":"publish","type":"product","link":"https:\/\/pocencoffee.com\/pt\/produto\/2-em-1-compactador-e-distribuidor-de-cafe\/","title":{"rendered":"2 em 1: compactador e distribuidor de caf\u00e9"},"content":{"rendered":"<p><strong>2 em 1: compactador e distribuidor de caf\u00e9<\/strong><\/p>\n<p>Material: base de caf\u00e9 em a\u00e7o inoxid\u00e1vel s\u00f3lido, al\u00e7a de alum\u00ednio.<\/p>\n<p>Tamanho: 51 mm, 53 mm, 58 mm<\/p>\n<p>Op\u00e7\u00f5es de personaliza\u00e7\u00e3o: Cor, LOGOTIPO, embalagem<\/p>\n<p>Base: plana, rosca e personaliza\u00e7\u00e3o<\/p>","protected":false},"excerpt":{"rendered":"<p>Entre em contato conosco para fazer um pedido de distribuidor de caf\u00e9 OEM ou ODM.<\/p>","protected":false},"featured_media":2328,"template":"","meta":[],"product_brand":[],"product_cat":[23],"product_tag":[],"class_list":{"0":"post-2327","1":"product","2":"type-product","3":"status-publish","4":"has-post-thumbnail","6":"product_cat-coffee-tamperscoffee-coffee-leveler","8":"first","9":"instock","10":"shipping-taxable","11":"product-type-simple"},"_links":{"self":[{"href":"https:\/\/pocencoffee.com\/pt\/wp-json\/wp\/v2\/product\/2327","targetHints":{"allow":["GET"]}}],"collection":[{"href":"https:\/\/pocencoffee.com\/pt\/wp-json\/wp\/v2\/product"}],"about":[{"href":"https:\/\/pocencoffee.com\/pt\/wp-json\/wp\/v2\/types\/product"}],"version-history":[{"count":1,"href":"https:\/\/pocencoffee.com\/pt\/wp-json\/wp\/v2\/product\/2327\/revisions"}],"predecessor-version":[{"id":2330,"href":"https:\/\/pocencoffee.com\/pt\/wp-json\/wp\/v2\/product\/2327\/revisions\/2330"}],"wp:featuredmedia":[{"embeddable":true,"href":"https:\/\/pocencoffee.com\/pt\/wp-json\/wp\/v2\/media\/2328"}],"wp:attachment":[{"href":"https:\/\/pocencoffee.com\/pt\/wp-json\/wp\/v2\/media?parent=2327"}],"wp:term":[{"taxonomy":"product_brand","embeddable":true,"href":"https:\/\/pocencoffee.com\/pt\/wp-json\/wp\/v2\/product_brand?post=2327"},{"taxonomy":"product_cat","embeddable":true,"href":"https:\/\/pocencoffee.com\/pt\/wp-json\/wp\/v2\/product_cat?post=2327"},{"taxonomy":"product_tag","embeddable":true,"href":"https:\/\/pocencoffee.com\/pt\/wp-json\/wp\/v2\/product_tag?post=2327"}],"curies":[{"name":"wp","href":"https:\/\/api.w.org\/{rel}","templated":true}]}}