{"id":2339,"date":"2024-03-31T00:33:09","date_gmt":"2024-03-31T07:33:09","guid":{"rendered":"https:\/\/pocencoffee.com\/?post_type=product&#038;p=2339"},"modified":"2024-03-31T00:33:09","modified_gmt":"2024-03-31T07:33:09","slug":"compressor-de-cafe-com-prensa-elastica","status":"publish","type":"product","link":"https:\/\/pocencoffee.com\/pt\/produto\/compressor-de-cafe-com-prensa-elastica\/","title":{"rendered":"Compressor el\u00e1stico para caf\u00e9"},"content":{"rendered":"<p><strong>Compressor el\u00e1stico para caf\u00e9<\/strong><\/p>\n<p>Material: base de caf\u00e9 em a\u00e7o inoxid\u00e1vel s\u00f3lido, al\u00e7a de alum\u00ednio.<\/p>\n<p>Tamanho: 51 mm, 53 mm, 58 mm<\/p>\n<p>Op\u00e7\u00f5es de personaliza\u00e7\u00e3o: Cor, LOGOTIPO, embalagem<\/p>\n<p>Base: plana, rosca e personaliza\u00e7\u00e3o<\/p>","protected":false},"excerpt":{"rendered":"<p>Mola interna para torn\u00e1-la el\u00e1stica. Entre em contato conosco para personalizar sua prensa de caf\u00e9 el\u00e1stica.<\/p>","protected":false},"featured_media":2340,"template":"","meta":[],"product_brand":[],"product_cat":[23],"product_tag":[],"class_list":{"0":"post-2339","1":"product","2":"type-product","3":"status-publish","4":"has-post-thumbnail","6":"product_cat-coffee-tamperscoffee-coffee-leveler","8":"first","9":"instock","10":"shipping-taxable","11":"product-type-simple"},"_links":{"self":[{"href":"https:\/\/pocencoffee.com\/pt\/wp-json\/wp\/v2\/product\/2339","targetHints":{"allow":["GET"]}}],"collection":[{"href":"https:\/\/pocencoffee.com\/pt\/wp-json\/wp\/v2\/product"}],"about":[{"href":"https:\/\/pocencoffee.com\/pt\/wp-json\/wp\/v2\/types\/product"}],"version-history":[{"count":1,"href":"https:\/\/pocencoffee.com\/pt\/wp-json\/wp\/v2\/product\/2339\/revisions"}],"predecessor-version":[{"id":2344,"href":"https:\/\/pocencoffee.com\/pt\/wp-json\/wp\/v2\/product\/2339\/revisions\/2344"}],"wp:featuredmedia":[{"embeddable":true,"href":"https:\/\/pocencoffee.com\/pt\/wp-json\/wp\/v2\/media\/2340"}],"wp:attachment":[{"href":"https:\/\/pocencoffee.com\/pt\/wp-json\/wp\/v2\/media?parent=2339"}],"wp:term":[{"taxonomy":"product_brand","embeddable":true,"href":"https:\/\/pocencoffee.com\/pt\/wp-json\/wp\/v2\/product_brand?post=2339"},{"taxonomy":"product_cat","embeddable":true,"href":"https:\/\/pocencoffee.com\/pt\/wp-json\/wp\/v2\/product_cat?post=2339"},{"taxonomy":"product_tag","embeddable":true,"href":"https:\/\/pocencoffee.com\/pt\/wp-json\/wp\/v2\/product_tag?post=2339"}],"curies":[{"name":"wp","href":"https:\/\/api.w.org\/{rel}","templated":true}]}}