{"id":2345,"date":"2024-03-31T00:49:39","date_gmt":"2024-03-31T07:49:39","guid":{"rendered":"https:\/\/pocencoffee.com\/?post_type=product&#038;p=2345"},"modified":"2024-03-31T00:49:39","modified_gmt":"2024-03-31T07:49:39","slug":"compressor-de-cafe-de-madeira-oem","status":"publish","type":"product","link":"https:\/\/pocencoffee.com\/pt\/produto\/compressor-de-cafe-de-madeira-oem\/","title":{"rendered":"Compressor de caf\u00e9 em madeira OEM"},"content":{"rendered":"<p><strong>Compressor de caf\u00e9 de madeira de boa qualidade<\/strong><\/p>\n<p>Material: base de caf\u00e9 em a\u00e7o inoxid\u00e1vel s\u00f3lido, al\u00e7a de alum\u00ednio.<\/p>\n<p>Tamanho: 51 mm, 53 mm, 58 mm<\/p>\n<p>Op\u00e7\u00f5es de personaliza\u00e7\u00e3o: Cor, LOGOTIPO, embalagem<\/p>\n<p>Base: plana, rosca e personaliza\u00e7\u00e3o<\/p>","protected":false},"excerpt":{"rendered":"<p>Base de caf\u00e9 s\u00f3lida de a\u00e7o inoxid\u00e1vel, padr\u00e3o de grau aliment\u00edcio, pre\u00e7o de f\u00e1brica, a mesma qualidade da marca famosa.<\/p>","protected":false},"featured_media":2347,"template":"","meta":[],"product_brand":[],"product_cat":[23],"product_tag":[],"class_list":{"0":"post-2345","1":"product","2":"type-product","3":"status-publish","4":"has-post-thumbnail","6":"product_cat-coffee-tamperscoffee-coffee-leveler","8":"first","9":"instock","10":"shipping-taxable","11":"product-type-simple"},"_links":{"self":[{"href":"https:\/\/pocencoffee.com\/pt\/wp-json\/wp\/v2\/product\/2345","targetHints":{"allow":["GET"]}}],"collection":[{"href":"https:\/\/pocencoffee.com\/pt\/wp-json\/wp\/v2\/product"}],"about":[{"href":"https:\/\/pocencoffee.com\/pt\/wp-json\/wp\/v2\/types\/product"}],"version-history":[{"count":1,"href":"https:\/\/pocencoffee.com\/pt\/wp-json\/wp\/v2\/product\/2345\/revisions"}],"predecessor-version":[{"id":2350,"href":"https:\/\/pocencoffee.com\/pt\/wp-json\/wp\/v2\/product\/2345\/revisions\/2350"}],"wp:featuredmedia":[{"embeddable":true,"href":"https:\/\/pocencoffee.com\/pt\/wp-json\/wp\/v2\/media\/2347"}],"wp:attachment":[{"href":"https:\/\/pocencoffee.com\/pt\/wp-json\/wp\/v2\/media?parent=2345"}],"wp:term":[{"taxonomy":"product_brand","embeddable":true,"href":"https:\/\/pocencoffee.com\/pt\/wp-json\/wp\/v2\/product_brand?post=2345"},{"taxonomy":"product_cat","embeddable":true,"href":"https:\/\/pocencoffee.com\/pt\/wp-json\/wp\/v2\/product_cat?post=2345"},{"taxonomy":"product_tag","embeddable":true,"href":"https:\/\/pocencoffee.com\/pt\/wp-json\/wp\/v2\/product_tag?post=2345"}],"curies":[{"name":"wp","href":"https:\/\/api.w.org\/{rel}","templated":true}]}}