{"id":2366,"date":"2024-03-31T01:22:52","date_gmt":"2024-03-31T08:22:52","guid":{"rendered":"https:\/\/pocencoffee.com\/?post_type=product&#038;p=2366"},"modified":"2024-03-31T01:22:52","modified_gmt":"2024-03-31T08:22:52","slug":"agitador-de-cafe-expresso-agulha-de-cafe","status":"publish","type":"product","link":"https:\/\/pocencoffee.com\/pt\/produto\/agitador-de-cafe-expresso-agulha-de-cafe\/","title":{"rendered":"Agitador de caf\u00e9 expresso agulha para caf\u00e9"},"content":{"rendered":"<p>Agitador de caf\u00e9 expresso agulha para caf\u00e9<\/p>\n<p>Material: agulha de a\u00e7o inoxid\u00e1vel, cabo de madeira.<\/p>\n<p>Tamanho: 3 agulhas<\/p>\n<p>Op\u00e7\u00f5es de personaliza\u00e7\u00e3o: Cor, LOGOTIPO, embalagem<\/p>\n<p><img decoding=\"async\" class=\"alignnone size-medium wp-image-2369\" src=\"https:\/\/pocencoffee.com\/wp-content\/uploads\/2024\/03\/size-300x103.jpg\" alt=\"\" width=\"300\" height=\"103\" title=\"\" srcset=\"https:\/\/pocencoffee.com\/wp-content\/uploads\/2024\/03\/size-300x103.jpg 300w, https:\/\/pocencoffee.com\/wp-content\/uploads\/2024\/03\/size.jpg 500w\" sizes=\"(max-width: 300px) 100vw, 300px\" \/><\/p>","protected":false},"excerpt":{"rendered":"<p>O design da extremidade da agulha deste produto para caf\u00e9 com um pequeno c\u00edrculo \u00e9 bom para bater o p\u00f3 de caf\u00e9 de forma solta.<\/p>","protected":false},"featured_media":2367,"template":"","meta":[],"product_brand":[],"product_cat":[23],"product_tag":[],"class_list":{"0":"post-2366","1":"product","2":"type-product","3":"status-publish","4":"has-post-thumbnail","6":"product_cat-coffee-tamperscoffee-coffee-leveler","8":"first","9":"instock","10":"shipping-taxable","11":"product-type-simple"},"_links":{"self":[{"href":"https:\/\/pocencoffee.com\/pt\/wp-json\/wp\/v2\/product\/2366","targetHints":{"allow":["GET"]}}],"collection":[{"href":"https:\/\/pocencoffee.com\/pt\/wp-json\/wp\/v2\/product"}],"about":[{"href":"https:\/\/pocencoffee.com\/pt\/wp-json\/wp\/v2\/types\/product"}],"version-history":[{"count":1,"href":"https:\/\/pocencoffee.com\/pt\/wp-json\/wp\/v2\/product\/2366\/revisions"}],"predecessor-version":[{"id":2370,"href":"https:\/\/pocencoffee.com\/pt\/wp-json\/wp\/v2\/product\/2366\/revisions\/2370"}],"wp:featuredmedia":[{"embeddable":true,"href":"https:\/\/pocencoffee.com\/pt\/wp-json\/wp\/v2\/media\/2367"}],"wp:attachment":[{"href":"https:\/\/pocencoffee.com\/pt\/wp-json\/wp\/v2\/media?parent=2366"}],"wp:term":[{"taxonomy":"product_brand","embeddable":true,"href":"https:\/\/pocencoffee.com\/pt\/wp-json\/wp\/v2\/product_brand?post=2366"},{"taxonomy":"product_cat","embeddable":true,"href":"https:\/\/pocencoffee.com\/pt\/wp-json\/wp\/v2\/product_cat?post=2366"},{"taxonomy":"product_tag","embeddable":true,"href":"https:\/\/pocencoffee.com\/pt\/wp-json\/wp\/v2\/product_tag?post=2366"}],"curies":[{"name":"wp","href":"https:\/\/api.w.org\/{rel}","templated":true}]}}