{"id":2439,"date":"2024-04-09T06:31:16","date_gmt":"2024-04-09T13:31:16","guid":{"rendered":"https:\/\/pocencoffee.com\/?post_type=product&#038;p=2439"},"modified":"2024-04-09T06:31:16","modified_gmt":"2024-04-09T13:31:16","slug":"os-baristas-escolhem-o-tapete-macio-de-compactacao-de-cafe","status":"publish","type":"product","link":"https:\/\/pocencoffee.com\/pt\/produto\/os-baristas-escolhem-o-tapete-macio-de-compactacao-de-cafe\/","title":{"rendered":"Os baristas escolhem tapetes macios para compactar o caf\u00e9"},"content":{"rendered":"<p><strong>Os baristas escolhem tapetes macios para compactar o caf\u00e9<\/strong><\/p>\n<p>\u00c9 feito de silicone macio e o canto de 3 cm adapta-se \u00e0 maioria das bordas das mesas.<\/p>\n<p>O di\u00e2metro da base \u00e9 de 60 mm e fornece um suporte macio para todos os tipos de compactador de caf\u00e9, nivelador e porta-filtro.<\/p>\n<p>Somos um fabricante que oferece servi\u00e7os de personaliza\u00e7\u00e3o de logotipo, cor e embalagem. Entre em contato conosco para fazer seus pedidos.<\/p>","protected":false},"excerpt":{"rendered":"<p>Tapete de silicone macio para canto de caf\u00e9 para baristas.<\/p>\n<p>Material: borracha de silicone<\/p>\n<p>Tamanho: 21 cm x 15 cm<\/p>\n<p>Op\u00e7\u00f5es de personaliza\u00e7\u00e3o: LOGOTIPO, embalagem<\/p>\n<p>Base: o di\u00e2metro da base \u00e9 de 60 mm. .<\/p>","protected":false},"featured_media":2440,"template":"","meta":[],"product_brand":[],"product_cat":[26],"product_tag":[],"class_list":{"0":"post-2439","1":"product","2":"type-product","3":"status-publish","4":"has-post-thumbnail","6":"product_cat-coffee-corner-mat","8":"first","9":"instock","10":"shipping-taxable","11":"product-type-simple"},"_links":{"self":[{"href":"https:\/\/pocencoffee.com\/pt\/wp-json\/wp\/v2\/product\/2439","targetHints":{"allow":["GET"]}}],"collection":[{"href":"https:\/\/pocencoffee.com\/pt\/wp-json\/wp\/v2\/product"}],"about":[{"href":"https:\/\/pocencoffee.com\/pt\/wp-json\/wp\/v2\/types\/product"}],"version-history":[{"count":1,"href":"https:\/\/pocencoffee.com\/pt\/wp-json\/wp\/v2\/product\/2439\/revisions"}],"predecessor-version":[{"id":2442,"href":"https:\/\/pocencoffee.com\/pt\/wp-json\/wp\/v2\/product\/2439\/revisions\/2442"}],"wp:featuredmedia":[{"embeddable":true,"href":"https:\/\/pocencoffee.com\/pt\/wp-json\/wp\/v2\/media\/2440"}],"wp:attachment":[{"href":"https:\/\/pocencoffee.com\/pt\/wp-json\/wp\/v2\/media?parent=2439"}],"wp:term":[{"taxonomy":"product_brand","embeddable":true,"href":"https:\/\/pocencoffee.com\/pt\/wp-json\/wp\/v2\/product_brand?post=2439"},{"taxonomy":"product_cat","embeddable":true,"href":"https:\/\/pocencoffee.com\/pt\/wp-json\/wp\/v2\/product_cat?post=2439"},{"taxonomy":"product_tag","embeddable":true,"href":"https:\/\/pocencoffee.com\/pt\/wp-json\/wp\/v2\/product_tag?post=2439"}],"curies":[{"name":"wp","href":"https:\/\/api.w.org\/{rel}","templated":true}]}}