{"id":2443,"date":"2024-04-09T06:31:48","date_gmt":"2024-04-09T13:31:48","guid":{"rendered":"https:\/\/pocencoffee.com\/?post_type=product&#038;p=2443"},"modified":"2024-04-09T06:35:17","modified_gmt":"2024-04-09T13:35:17","slug":"tapete-de-canto-para-cafe-de-base-unica-de-tamanho-medio","status":"publish","type":"product","link":"https:\/\/pocencoffee.com\/pt\/produto\/tapete-de-canto-para-cafe-de-base-unica-de-tamanho-medio\/","title":{"rendered":"Tapete de canto para caf\u00e9 de tamanho m\u00e9dio com base \u00fanica"},"content":{"rendered":"<p><strong>Tapete de canto para caf\u00e9 de tamanho m\u00e9dio com base \u00fanica<\/strong><\/p>\n<p>\u00c9 feito de silicone macio e o canto de 3 cm adapta-se \u00e0 maioria das bordas das mesas.<\/p>\n<p>O di\u00e2metro da base \u00e9 de 60 mm e fornece um suporte macio para todos os tipos de compactador de caf\u00e9, nivelador e porta-filtro.<\/p>\n<p>Somos um fabricante que oferece servi\u00e7os de personaliza\u00e7\u00e3o de logotipo, cor e embalagem. Entre em contato conosco para fazer seus pedidos.<\/p>","protected":false},"excerpt":{"rendered":"<p><strong>tapete para cantinho do caf\u00e9<\/strong><\/p>\n<p>Material: borracha de silicone<\/p>\n<p>Tamanho: 17,5 cm x 12,5 cm<\/p>\n<p>Op\u00e7\u00f5es de personaliza\u00e7\u00e3o: LOGOTIPO, embalagem<\/p>\n<p>Base: o di\u00e2metro da base \u00e9 de 60 mm. .<\/p>","protected":false},"featured_media":2444,"template":"","meta":[],"product_brand":[],"product_cat":[26],"product_tag":[],"class_list":{"0":"post-2443","1":"product","2":"type-product","3":"status-publish","4":"has-post-thumbnail","6":"product_cat-coffee-corner-mat","8":"first","9":"instock","10":"shipping-taxable","11":"product-type-simple"},"_links":{"self":[{"href":"https:\/\/pocencoffee.com\/pt\/wp-json\/wp\/v2\/product\/2443","targetHints":{"allow":["GET"]}}],"collection":[{"href":"https:\/\/pocencoffee.com\/pt\/wp-json\/wp\/v2\/product"}],"about":[{"href":"https:\/\/pocencoffee.com\/pt\/wp-json\/wp\/v2\/types\/product"}],"version-history":[{"count":2,"href":"https:\/\/pocencoffee.com\/pt\/wp-json\/wp\/v2\/product\/2443\/revisions"}],"predecessor-version":[{"id":2448,"href":"https:\/\/pocencoffee.com\/pt\/wp-json\/wp\/v2\/product\/2443\/revisions\/2448"}],"wp:featuredmedia":[{"embeddable":true,"href":"https:\/\/pocencoffee.com\/pt\/wp-json\/wp\/v2\/media\/2444"}],"wp:attachment":[{"href":"https:\/\/pocencoffee.com\/pt\/wp-json\/wp\/v2\/media?parent=2443"}],"wp:term":[{"taxonomy":"product_brand","embeddable":true,"href":"https:\/\/pocencoffee.com\/pt\/wp-json\/wp\/v2\/product_brand?post=2443"},{"taxonomy":"product_cat","embeddable":true,"href":"https:\/\/pocencoffee.com\/pt\/wp-json\/wp\/v2\/product_cat?post=2443"},{"taxonomy":"product_tag","embeddable":true,"href":"https:\/\/pocencoffee.com\/pt\/wp-json\/wp\/v2\/product_tag?post=2443"}],"curies":[{"name":"wp","href":"https:\/\/api.w.org\/{rel}","templated":true}]}}