{"id":2463,"date":"2024-04-09T07:00:36","date_gmt":"2024-04-09T14:00:36","guid":{"rendered":"https:\/\/pocencoffee.com\/?post_type=product&#038;p=2463"},"modified":"2024-04-09T07:10:35","modified_gmt":"2024-04-09T14:10:35","slug":"fabricante-de-tamper-de-cafe-e-porta-filtros","status":"publish","type":"product","link":"https:\/\/pocencoffee.com\/pt\/produto\/fabricante-de-tamper-de-cafe-e-porta-filtros\/","title":{"rendered":"Fabricante de compactadores de caf\u00e9 e suportes para porta-filtros"},"content":{"rendered":"<p><strong>Fabricante de compactadores de caf\u00e9 e suportes para porta-filtros<\/strong><\/p>\n<p>A parte superior e inferior s\u00e3o de borracha de silicone macia e suportes SS.  Essa esta\u00e7\u00e3o de tamper os re\u00fane como um porta-filtro, um suporte para tamper de caf\u00e9 e uma esta\u00e7\u00e3o.<\/p>\n<p>O di\u00e2metro da base \u00e9 de 60 mm e fornece um suporte macio para todos os tipos de compactador de caf\u00e9, nivelador e porta-filtro.<\/p>\n<p>Somos um fabricante que oferece servi\u00e7os de personaliza\u00e7\u00e3o de logotipo, cor e embalagem. Entre em contato conosco para fazer seus pedidos.<\/p>","protected":false},"excerpt":{"rendered":"<p><strong>Suporte para tamper e porta-filtro de caf\u00e9<\/strong><\/p>\n<p>Material: borracha de silicone, a\u00e7o inoxid\u00e1vel.<\/p>\n<p>Tamanho: 14\u00d77,5\u00d75,6 cm<\/p>\n<p>Op\u00e7\u00f5es de personaliza\u00e7\u00e3o: LOGOTIPO, embalagem<\/p>\n<p>Base: o di\u00e2metro da base \u00e9 de 60 mm. .<\/p>","protected":false},"featured_media":2464,"template":"","meta":[],"product_brand":[],"product_cat":[26],"product_tag":[],"class_list":{"0":"post-2463","1":"product","2":"type-product","3":"status-publish","4":"has-post-thumbnail","6":"product_cat-coffee-corner-mat","8":"first","9":"instock","10":"shipping-taxable","11":"product-type-simple"},"_links":{"self":[{"href":"https:\/\/pocencoffee.com\/pt\/wp-json\/wp\/v2\/product\/2463","targetHints":{"allow":["GET"]}}],"collection":[{"href":"https:\/\/pocencoffee.com\/pt\/wp-json\/wp\/v2\/product"}],"about":[{"href":"https:\/\/pocencoffee.com\/pt\/wp-json\/wp\/v2\/types\/product"}],"version-history":[{"count":1,"href":"https:\/\/pocencoffee.com\/pt\/wp-json\/wp\/v2\/product\/2463\/revisions"}],"predecessor-version":[{"id":2468,"href":"https:\/\/pocencoffee.com\/pt\/wp-json\/wp\/v2\/product\/2463\/revisions\/2468"}],"wp:featuredmedia":[{"embeddable":true,"href":"https:\/\/pocencoffee.com\/pt\/wp-json\/wp\/v2\/media\/2464"}],"wp:attachment":[{"href":"https:\/\/pocencoffee.com\/pt\/wp-json\/wp\/v2\/media?parent=2463"}],"wp:term":[{"taxonomy":"product_brand","embeddable":true,"href":"https:\/\/pocencoffee.com\/pt\/wp-json\/wp\/v2\/product_brand?post=2463"},{"taxonomy":"product_cat","embeddable":true,"href":"https:\/\/pocencoffee.com\/pt\/wp-json\/wp\/v2\/product_cat?post=2463"},{"taxonomy":"product_tag","embeddable":true,"href":"https:\/\/pocencoffee.com\/pt\/wp-json\/wp\/v2\/product_tag?post=2463"}],"curies":[{"name":"wp","href":"https:\/\/api.w.org\/{rel}","templated":true}]}}