{"id":2469,"date":"2024-04-09T07:13:26","date_gmt":"2024-04-09T14:13:26","guid":{"rendered":"https:\/\/pocencoffee.com\/?post_type=product&#038;p=2469"},"modified":"2024-04-09T07:31:00","modified_gmt":"2024-04-09T14:31:00","slug":"mini-suporte-unico-para-tampoes-de-cafe","status":"publish","type":"product","link":"https:\/\/pocencoffee.com\/pt\/produto\/mini-suporte-unico-para-tampoes-de-cafe\/","title":{"rendered":"Suporte individual mini para compactadores de caf\u00e9"},"content":{"rendered":"<p><strong>Suporte individual mini para compactadores de caf\u00e9<\/strong><\/p>\n<p>Ele \u00e9 feito de silicone macio.<\/p>\n<p>O di\u00e2metro da base \u00e9 de 75 mm e fornece suporte macio para todos os tipos de tamper, nivelador e porta-filtro de caf\u00e9.<\/p>\n<p>Somos um fabricante que oferece servi\u00e7os de personaliza\u00e7\u00e3o de logotipo, cor e embalagem. Entre em contato conosco para fazer seus pedidos.<\/p>","protected":false},"excerpt":{"rendered":"<p><strong>suporte para tamp\u00f5es de caf\u00e9<\/strong><\/p>\n<p>Material: borracha de silicone<\/p>\n<p>Tamanho: 7,5X7,5CM<\/p>\n<p>Op\u00e7\u00f5es de personaliza\u00e7\u00e3o: LOGOTIPO, embalagem<\/p>\n<p>Base: Serve para todos os tipos de tamper ou nivelador de caf\u00e9 que tenham um di\u00e2metro de at\u00e9 60 mm.<\/p>","protected":false},"featured_media":2470,"template":"","meta":[],"product_brand":[],"product_cat":[26],"product_tag":[],"class_list":{"0":"post-2469","1":"product","2":"type-product","3":"status-publish","4":"has-post-thumbnail","6":"product_cat-coffee-corner-mat","8":"first","9":"instock","10":"shipping-taxable","11":"product-type-simple"},"_links":{"self":[{"href":"https:\/\/pocencoffee.com\/pt\/wp-json\/wp\/v2\/product\/2469","targetHints":{"allow":["GET"]}}],"collection":[{"href":"https:\/\/pocencoffee.com\/pt\/wp-json\/wp\/v2\/product"}],"about":[{"href":"https:\/\/pocencoffee.com\/pt\/wp-json\/wp\/v2\/types\/product"}],"version-history":[{"count":4,"href":"https:\/\/pocencoffee.com\/pt\/wp-json\/wp\/v2\/product\/2469\/revisions"}],"predecessor-version":[{"id":2476,"href":"https:\/\/pocencoffee.com\/pt\/wp-json\/wp\/v2\/product\/2469\/revisions\/2476"}],"wp:featuredmedia":[{"embeddable":true,"href":"https:\/\/pocencoffee.com\/pt\/wp-json\/wp\/v2\/media\/2470"}],"wp:attachment":[{"href":"https:\/\/pocencoffee.com\/pt\/wp-json\/wp\/v2\/media?parent=2469"}],"wp:term":[{"taxonomy":"product_brand","embeddable":true,"href":"https:\/\/pocencoffee.com\/pt\/wp-json\/wp\/v2\/product_brand?post=2469"},{"taxonomy":"product_cat","embeddable":true,"href":"https:\/\/pocencoffee.com\/pt\/wp-json\/wp\/v2\/product_cat?post=2469"},{"taxonomy":"product_tag","embeddable":true,"href":"https:\/\/pocencoffee.com\/pt\/wp-json\/wp\/v2\/product_tag?post=2469"}],"curies":[{"name":"wp","href":"https:\/\/api.w.org\/{rel}","templated":true}]}}