{"id":2485,"date":"2024-04-10T02:01:45","date_gmt":"2024-04-10T09:01:45","guid":{"rendered":"https:\/\/pocencoffee.com\/?post_type=product&#038;p=2485"},"modified":"2024-04-10T02:06:07","modified_gmt":"2024-04-10T09:06:07","slug":"caixa-para-borras-de-cafe-com-tampa-de-madeira-de-3000-ml","status":"publish","type":"product","link":"https:\/\/pocencoffee.com\/pt\/produto\/caixa-para-borras-de-cafe-com-tampa-de-madeira-de-3000-ml\/","title":{"rendered":"Caixa para borras de caf\u00e9 com tampa de madeira de 3000 ml"},"content":{"rendered":"<p><strong>Caixa para borras de caf\u00e9 com tampa de madeira de 3000 ml<\/strong><\/p>\n<p>Esta caixa para borras vem com uma tampa externa de madeira e uma caixa para borras de a\u00e7o inoxid\u00e1vel.<\/p>\n<p>A vara de bater \u00e9 revestida com um material espesso e macio. \u00c9 resistente o suficiente para suportar todas as batidas, al\u00e9m de emitir um som baixo.<\/p>\n<p>A capacidade de 1500 ml oferece um bom espa\u00e7o para coletar os gr\u00e3os de caf\u00e9.<\/p>\n<p>Entre em contato conosco para obter um or\u00e7amento para o seu pedido.<\/p>\n<p>&nbsp;<\/p>","protected":false},"excerpt":{"rendered":"<p>Caixa para borras de caf\u00e9 com capacidade para 3000 ml<\/p>\n<p>Material: madeira, a\u00e7o inoxid\u00e1vel 201, haste macia.<\/p>\n<p>Tamanho: 27,5 x 17,5 x 12,5 cm<\/p>\n<p>Cor: conforme a imagem.<\/p>\n<p>Requisitos personalizados: logotipo, embalagem<\/p>","protected":false},"featured_media":2486,"template":"","meta":[],"product_brand":[],"product_cat":[25],"product_tag":[],"class_list":{"0":"post-2485","1":"product","2":"type-product","3":"status-publish","4":"has-post-thumbnail","6":"product_cat-knock-box","8":"first","9":"instock","10":"shipping-taxable","11":"product-type-simple"},"_links":{"self":[{"href":"https:\/\/pocencoffee.com\/pt\/wp-json\/wp\/v2\/product\/2485","targetHints":{"allow":["GET"]}}],"collection":[{"href":"https:\/\/pocencoffee.com\/pt\/wp-json\/wp\/v2\/product"}],"about":[{"href":"https:\/\/pocencoffee.com\/pt\/wp-json\/wp\/v2\/types\/product"}],"version-history":[{"count":1,"href":"https:\/\/pocencoffee.com\/pt\/wp-json\/wp\/v2\/product\/2485\/revisions"}],"predecessor-version":[{"id":2494,"href":"https:\/\/pocencoffee.com\/pt\/wp-json\/wp\/v2\/product\/2485\/revisions\/2494"}],"wp:featuredmedia":[{"embeddable":true,"href":"https:\/\/pocencoffee.com\/pt\/wp-json\/wp\/v2\/media\/2486"}],"wp:attachment":[{"href":"https:\/\/pocencoffee.com\/pt\/wp-json\/wp\/v2\/media?parent=2485"}],"wp:term":[{"taxonomy":"product_brand","embeddable":true,"href":"https:\/\/pocencoffee.com\/pt\/wp-json\/wp\/v2\/product_brand?post=2485"},{"taxonomy":"product_cat","embeddable":true,"href":"https:\/\/pocencoffee.com\/pt\/wp-json\/wp\/v2\/product_cat?post=2485"},{"taxonomy":"product_tag","embeddable":true,"href":"https:\/\/pocencoffee.com\/pt\/wp-json\/wp\/v2\/product_tag?post=2485"}],"curies":[{"name":"wp","href":"https:\/\/api.w.org\/{rel}","templated":true}]}}