{"id":2514,"date":"2024-04-10T02:45:41","date_gmt":"2024-04-10T09:45:41","guid":{"rendered":"https:\/\/pocencoffee.com\/?post_type=product&#038;p=2514"},"modified":"2024-04-10T02:53:33","modified_gmt":"2024-04-10T09:53:33","slug":"preco-de-atacado-s-s-s-coffee-knock-box","status":"publish","type":"product","link":"https:\/\/pocencoffee.com\/pt\/produto\/preco-de-atacado-s-s-s-coffee-knock-box\/","title":{"rendered":"Pre\u00e7o de atacado da caixa coletora de caf\u00e9 S\/S"},"content":{"rendered":"<p><strong>Pre\u00e7o de atacado Caixa de a\u00e7o inoxid\u00e1vel para caf\u00e9<\/strong><\/p>\n<p>Essa caixa de batida \u00e9 feita de a\u00e7o inoxid\u00e1vel, com as bordas superior e inferior cobertas com borracha de silicone para evitar escorreg\u00f5es. Assim como a haste de batida macia.<\/p>\n<p>A vara de bater \u00e9 revestida com um material espesso e macio. \u00c9 resistente o suficiente para suportar todas as batidas, al\u00e9m de emitir um som baixo.<\/p>\n<p>A capacidade de 1800 ml oferece um bom espa\u00e7o para coletar a borra de caf\u00e9.<\/p>\n<p>Entre em contato conosco para obter um or\u00e7amento para o seu pedido.<\/p>","protected":false},"excerpt":{"rendered":"<p>Caixa de bater por atacado<\/p>\n<p>Material: a\u00e7o inoxid\u00e1vel 201, haste macia.<\/p>\n<p>Tamanho: 17 x 17 x 16 cm (interno 14,5 cm)<\/p>\n<p>Cor: como na imagem, ou preto.<\/p>\n<p>Requisitos personalizados: logotipo, embalagem<\/p>","protected":false},"featured_media":2515,"template":"","meta":[],"product_brand":[],"product_cat":[25],"product_tag":[],"class_list":{"0":"post-2514","1":"product","2":"type-product","3":"status-publish","4":"has-post-thumbnail","6":"product_cat-knock-box","8":"first","9":"instock","10":"shipping-taxable","11":"product-type-simple"},"_links":{"self":[{"href":"https:\/\/pocencoffee.com\/pt\/wp-json\/wp\/v2\/product\/2514","targetHints":{"allow":["GET"]}}],"collection":[{"href":"https:\/\/pocencoffee.com\/pt\/wp-json\/wp\/v2\/product"}],"about":[{"href":"https:\/\/pocencoffee.com\/pt\/wp-json\/wp\/v2\/types\/product"}],"version-history":[{"count":1,"href":"https:\/\/pocencoffee.com\/pt\/wp-json\/wp\/v2\/product\/2514\/revisions"}],"predecessor-version":[{"id":2519,"href":"https:\/\/pocencoffee.com\/pt\/wp-json\/wp\/v2\/product\/2514\/revisions\/2519"}],"wp:featuredmedia":[{"embeddable":true,"href":"https:\/\/pocencoffee.com\/pt\/wp-json\/wp\/v2\/media\/2515"}],"wp:attachment":[{"href":"https:\/\/pocencoffee.com\/pt\/wp-json\/wp\/v2\/media?parent=2514"}],"wp:term":[{"taxonomy":"product_brand","embeddable":true,"href":"https:\/\/pocencoffee.com\/pt\/wp-json\/wp\/v2\/product_brand?post=2514"},{"taxonomy":"product_cat","embeddable":true,"href":"https:\/\/pocencoffee.com\/pt\/wp-json\/wp\/v2\/product_cat?post=2514"},{"taxonomy":"product_tag","embeddable":true,"href":"https:\/\/pocencoffee.com\/pt\/wp-json\/wp\/v2\/product_tag?post=2514"}],"curies":[{"name":"wp","href":"https:\/\/api.w.org\/{rel}","templated":true}]}}