{"id":2520,"date":"2024-04-10T07:34:16","date_gmt":"2024-04-10T14:34:16","guid":{"rendered":"https:\/\/pocencoffee.com\/?post_type=product&#038;p=2520"},"modified":"2024-04-10T07:44:41","modified_gmt":"2024-04-10T14:44:41","slug":"preco-de-atacado-caixa-de-batida-de-cafe-preto-s-s","status":"publish","type":"product","link":"https:\/\/pocencoffee.com\/pt\/produto\/preco-de-atacado-caixa-de-batida-de-cafe-preto-s-s\/","title":{"rendered":"Pre\u00e7o de atacado da caixa preta para caf\u00e9 S\/S"},"content":{"rendered":"<p><strong>Pre\u00e7o de atacado da caixa preta para caf\u00e9 S\/S<\/strong><\/p>\n<p>Essa caixa de batida \u00e9 feita de a\u00e7o inoxid\u00e1vel, com as bordas superior e inferior cobertas com borracha de silicone para evitar escorreg\u00f5es. Assim como a haste de batida macia.<\/p>\n<p>A vara de bater \u00e9 revestida com um material espesso e macio. \u00c9 resistente o suficiente para suportar todas as batidas, al\u00e9m de emitir um som baixo.<\/p>\n<p>A capacidade de 1800 ml oferece um bom espa\u00e7o para coletar a borra de caf\u00e9.<\/p>\n<p>Entre em contato conosco para obter um or\u00e7amento para o seu pedido.<\/p>","protected":false},"excerpt":{"rendered":"<p>Caixa de bater por atacado<\/p>\n<p>Material: a\u00e7o inoxid\u00e1vel 201, haste macia.<\/p>\n<p>Tamanho: 11,4 x 11,4 x 11,5cm; 14x14x14cm;<\/p>\n<p>Cor: preto, branco, cor natural S\/S.<\/p>\n<p>Requisitos personalizados: logotipo, embalagem<\/p>","protected":false},"featured_media":2522,"template":"","meta":[],"product_brand":[],"product_cat":[25],"product_tag":[],"class_list":{"0":"post-2520","1":"product","2":"type-product","3":"status-publish","4":"has-post-thumbnail","6":"product_cat-knock-box","8":"first","9":"instock","10":"shipping-taxable","11":"product-type-simple"},"_links":{"self":[{"href":"https:\/\/pocencoffee.com\/pt\/wp-json\/wp\/v2\/product\/2520","targetHints":{"allow":["GET"]}}],"collection":[{"href":"https:\/\/pocencoffee.com\/pt\/wp-json\/wp\/v2\/product"}],"about":[{"href":"https:\/\/pocencoffee.com\/pt\/wp-json\/wp\/v2\/types\/product"}],"version-history":[{"count":1,"href":"https:\/\/pocencoffee.com\/pt\/wp-json\/wp\/v2\/product\/2520\/revisions"}],"predecessor-version":[{"id":2527,"href":"https:\/\/pocencoffee.com\/pt\/wp-json\/wp\/v2\/product\/2520\/revisions\/2527"}],"wp:featuredmedia":[{"embeddable":true,"href":"https:\/\/pocencoffee.com\/pt\/wp-json\/wp\/v2\/media\/2522"}],"wp:attachment":[{"href":"https:\/\/pocencoffee.com\/pt\/wp-json\/wp\/v2\/media?parent=2520"}],"wp:term":[{"taxonomy":"product_brand","embeddable":true,"href":"https:\/\/pocencoffee.com\/pt\/wp-json\/wp\/v2\/product_brand?post=2520"},{"taxonomy":"product_cat","embeddable":true,"href":"https:\/\/pocencoffee.com\/pt\/wp-json\/wp\/v2\/product_cat?post=2520"},{"taxonomy":"product_tag","embeddable":true,"href":"https:\/\/pocencoffee.com\/pt\/wp-json\/wp\/v2\/product_tag?post=2520"}],"curies":[{"name":"wp","href":"https:\/\/api.w.org\/{rel}","templated":true}]}}