{"id":2528,"date":"2024-04-12T06:56:45","date_gmt":"2024-04-12T13:56:45","guid":{"rendered":"https:\/\/pocencoffee.com\/?post_type=product&#038;p=2528"},"modified":"2024-04-12T07:04:18","modified_gmt":"2024-04-12T14:04:18","slug":"tampoes-de-cafe-de-clique-de-madeira-no-atacado","status":"publish","type":"product","link":"https:\/\/pocencoffee.com\/pt\/produto\/tampoes-de-cafe-de-clique-de-madeira-no-atacado\/","title":{"rendered":"Venda por atacado de compactadores de caf\u00e9 de madeira com encaixe"},"content":{"rendered":"<p><strong>Venda por atacado de compactadores de caf\u00e9 de madeira com encaixe<\/strong><\/p>\n<p>Esse tamper de caf\u00e9 \u00e9 feito de uma base de caf\u00e9 s\u00f3lida de a\u00e7o inoxid\u00e1vel, uma al\u00e7a de madeira s\u00f3lida e um parafuso de metal no interior.<\/p>\n<p>Esse tipo de material combina com a qualidade premium dos tampers para caf\u00e9.<\/p>\n<p>Se estiver procurando tampers de caf\u00e9 de boa qualidade, entre em contato conosco.<\/p>\n<p>Oferecemos servi\u00e7os personalizados, como LOGOTIPO, COR e EMBALAGEM.<\/p>","protected":false},"excerpt":{"rendered":"<p>Material: base de caf\u00e9 em a\u00e7o inoxid\u00e1vel s\u00f3lido, al\u00e7a de madeira s\u00f3lida.<\/p>\n<p>Tamanho: 51 mm, 53 mm, 58 mm<\/p>\n<p>Op\u00e7\u00f5es de personaliza\u00e7\u00e3o: Cor, LOGOTIPO, embalagem<\/p>\n<p>Base: plana, rosca e personaliza\u00e7\u00e3o<\/p>","protected":false},"featured_media":2529,"template":"","meta":[],"product_brand":[],"product_cat":[23],"product_tag":[],"class_list":{"0":"post-2528","1":"product","2":"type-product","3":"status-publish","4":"has-post-thumbnail","6":"product_cat-coffee-tamperscoffee-coffee-leveler","8":"first","9":"instock","10":"shipping-taxable","11":"product-type-simple"},"_links":{"self":[{"href":"https:\/\/pocencoffee.com\/pt\/wp-json\/wp\/v2\/product\/2528","targetHints":{"allow":["GET"]}}],"collection":[{"href":"https:\/\/pocencoffee.com\/pt\/wp-json\/wp\/v2\/product"}],"about":[{"href":"https:\/\/pocencoffee.com\/pt\/wp-json\/wp\/v2\/types\/product"}],"version-history":[{"count":2,"href":"https:\/\/pocencoffee.com\/pt\/wp-json\/wp\/v2\/product\/2528\/revisions"}],"predecessor-version":[{"id":2533,"href":"https:\/\/pocencoffee.com\/pt\/wp-json\/wp\/v2\/product\/2528\/revisions\/2533"}],"wp:featuredmedia":[{"embeddable":true,"href":"https:\/\/pocencoffee.com\/pt\/wp-json\/wp\/v2\/media\/2529"}],"wp:attachment":[{"href":"https:\/\/pocencoffee.com\/pt\/wp-json\/wp\/v2\/media?parent=2528"}],"wp:term":[{"taxonomy":"product_brand","embeddable":true,"href":"https:\/\/pocencoffee.com\/pt\/wp-json\/wp\/v2\/product_brand?post=2528"},{"taxonomy":"product_cat","embeddable":true,"href":"https:\/\/pocencoffee.com\/pt\/wp-json\/wp\/v2\/product_cat?post=2528"},{"taxonomy":"product_tag","embeddable":true,"href":"https:\/\/pocencoffee.com\/pt\/wp-json\/wp\/v2\/product_tag?post=2528"}],"curies":[{"name":"wp","href":"https:\/\/api.w.org\/{rel}","templated":true}]}}