{"id":2534,"date":"2024-04-12T07:09:35","date_gmt":"2024-04-12T14:09:35","guid":{"rendered":"https:\/\/pocencoffee.com\/?post_type=product&#038;p=2534"},"modified":"2024-04-12T07:26:24","modified_gmt":"2024-04-12T14:26:24","slug":"caixa-de-plastico-com-logotipo-personalizado-e-design-de-barriga","status":"publish","type":"product","link":"https:\/\/pocencoffee.com\/pt\/produto\/caixa-de-plastico-com-logotipo-personalizado-e-design-de-barriga\/","title":{"rendered":"Caixa pl\u00e1stica personalizada com design de logotipo na parte inferior"},"content":{"rendered":"<p><strong>Caixa pl\u00e1stica personalizada com design de logotipo na parte inferior<\/strong><\/p>\n<p>A haste de batida \u00e9 feita de pl\u00e1stico macio, o que a torna mais silenciosa ao bater.<\/p>\n<p>A caixa de batida \u00e9 feita de pl\u00e1stico ABS, um material pl\u00e1stico dur\u00e1vel.<\/p>\n<p>Entre em contato conosco para obter um or\u00e7amento para o seu pedido.<\/p>\n<p><img fetchpriority=\"high\" decoding=\"async\" class=\"alignnone size-medium wp-image-2538\" src=\"https:\/\/pocencoffee.com\/wp-content\/uploads\/2024\/04\/CKH-knock-box-size-300x174.jpg\" alt=\"\" width=\"300\" height=\"174\" title=\"\" srcset=\"https:\/\/pocencoffee.com\/wp-content\/uploads\/2024\/04\/CKH-knock-box-size-300x174.jpg 300w, https:\/\/pocencoffee.com\/wp-content\/uploads\/2024\/04\/CKH-knock-box-size.jpg 558w\" sizes=\"(max-width: 300px) 100vw, 300px\" \/><\/p>","protected":false},"excerpt":{"rendered":"<p>Caixa pl\u00e1stica para caf\u00e9<\/p>\n<p>Material: Pl\u00e1stico ABS.<\/p>\n<p>Tamanho: Di\u00e2metro m\u00e1ximo. 16 x A 15 cm x Di\u00e2metro superior. 15 cm; H frontal 11cm<\/p>\n<p>Cor: conforme a imagem.<\/p>\n<p>Requisitos personalizados: logotipo, embalagem<\/p>","protected":false},"featured_media":2535,"template":"","meta":[],"product_brand":[],"product_cat":[25],"product_tag":[],"class_list":{"0":"post-2534","1":"product","2":"type-product","3":"status-publish","4":"has-post-thumbnail","6":"product_cat-knock-box","8":"first","9":"instock","10":"shipping-taxable","11":"product-type-simple"},"_links":{"self":[{"href":"https:\/\/pocencoffee.com\/pt\/wp-json\/wp\/v2\/product\/2534","targetHints":{"allow":["GET"]}}],"collection":[{"href":"https:\/\/pocencoffee.com\/pt\/wp-json\/wp\/v2\/product"}],"about":[{"href":"https:\/\/pocencoffee.com\/pt\/wp-json\/wp\/v2\/types\/product"}],"version-history":[{"count":3,"href":"https:\/\/pocencoffee.com\/pt\/wp-json\/wp\/v2\/product\/2534\/revisions"}],"predecessor-version":[{"id":2541,"href":"https:\/\/pocencoffee.com\/pt\/wp-json\/wp\/v2\/product\/2534\/revisions\/2541"}],"wp:featuredmedia":[{"embeddable":true,"href":"https:\/\/pocencoffee.com\/pt\/wp-json\/wp\/v2\/media\/2535"}],"wp:attachment":[{"href":"https:\/\/pocencoffee.com\/pt\/wp-json\/wp\/v2\/media?parent=2534"}],"wp:term":[{"taxonomy":"product_brand","embeddable":true,"href":"https:\/\/pocencoffee.com\/pt\/wp-json\/wp\/v2\/product_brand?post=2534"},{"taxonomy":"product_cat","embeddable":true,"href":"https:\/\/pocencoffee.com\/pt\/wp-json\/wp\/v2\/product_cat?post=2534"},{"taxonomy":"product_tag","embeddable":true,"href":"https:\/\/pocencoffee.com\/pt\/wp-json\/wp\/v2\/product_tag?post=2534"}],"curies":[{"name":"wp","href":"https:\/\/api.w.org\/{rel}","templated":true}]}}