{"id":2542,"date":"2024-04-12T07:27:59","date_gmt":"2024-04-12T14:27:59","guid":{"rendered":"https:\/\/pocencoffee.com\/?post_type=product&#038;p=2542"},"modified":"2024-04-12T07:35:14","modified_gmt":"2024-04-12T14:35:14","slug":"calha-de-borra-de-cafe-sem-fundo-no-atacado","status":"publish","type":"product","link":"https:\/\/pocencoffee.com\/pt\/produto\/calha-de-borra-de-cafe-sem-fundo-no-atacado\/","title":{"rendered":"Rampa para borras de caf\u00e9 sem fundo para venda por atacado"},"content":{"rendered":"<p><strong>Rampa para borras de caf\u00e9 sem fundo para venda por atacado<\/strong><\/p>\n<p>Essa caixa de batida \u00e9 feita de a\u00e7o inoxid\u00e1vel, com as bordas superiores cobertas com borracha de silicone para diminuir o ru\u00eddo da batida. Assim como a haste de batida macia.<\/p>\n<p>A vara de bater \u00e9 revestida com um material espesso e macio. \u00c9 resistente o suficiente para suportar todas as batidas, al\u00e9m de emitir um som baixo.<\/p>\n<p>Entre em contato conosco para obter um or\u00e7amento para o seu pedido.<\/p>\n<p><img fetchpriority=\"high\" decoding=\"async\" class=\"alignnone size-medium wp-image-2548\" src=\"https:\/\/pocencoffee.com\/wp-content\/uploads\/2024\/04\/CKI-coffee-chute-300x226.jpg\" alt=\"\" width=\"300\" height=\"226\" title=\"\" srcset=\"https:\/\/pocencoffee.com\/wp-content\/uploads\/2024\/04\/CKI-coffee-chute-300x226.jpg 300w, https:\/\/pocencoffee.com\/wp-content\/uploads\/2024\/04\/CKI-coffee-chute-600x451.jpg 600w, https:\/\/pocencoffee.com\/wp-content\/uploads\/2024\/04\/CKI-coffee-chute.jpg 722w\" sizes=\"(max-width: 300px) 100vw, 300px\" \/><\/p>","protected":false},"excerpt":{"rendered":"<p><strong>Canal de borra de caf\u00e9 sem fundo<\/strong><\/p>\n<p>Material: a\u00e7o inoxid\u00e1vel 201, haste macia.<\/p>\n<p>Tamanho: 16,7x18x11cm<\/p>\n<p>Cor: preto, cor natural do a\u00e7o inoxid\u00e1vel ou cor personalizada.<\/p>\n<p>Requisitos personalizados: logotipo, embalagem<\/p>","protected":false},"featured_media":2543,"template":"","meta":[],"product_brand":[],"product_cat":[25],"product_tag":[],"class_list":{"0":"post-2542","1":"product","2":"type-product","3":"status-publish","4":"has-post-thumbnail","6":"product_cat-knock-box","8":"first","9":"instock","10":"shipping-taxable","11":"product-type-simple"},"_links":{"self":[{"href":"https:\/\/pocencoffee.com\/pt\/wp-json\/wp\/v2\/product\/2542","targetHints":{"allow":["GET"]}}],"collection":[{"href":"https:\/\/pocencoffee.com\/pt\/wp-json\/wp\/v2\/product"}],"about":[{"href":"https:\/\/pocencoffee.com\/pt\/wp-json\/wp\/v2\/types\/product"}],"version-history":[{"count":1,"href":"https:\/\/pocencoffee.com\/pt\/wp-json\/wp\/v2\/product\/2542\/revisions"}],"predecessor-version":[{"id":2549,"href":"https:\/\/pocencoffee.com\/pt\/wp-json\/wp\/v2\/product\/2542\/revisions\/2549"}],"wp:featuredmedia":[{"embeddable":true,"href":"https:\/\/pocencoffee.com\/pt\/wp-json\/wp\/v2\/media\/2543"}],"wp:attachment":[{"href":"https:\/\/pocencoffee.com\/pt\/wp-json\/wp\/v2\/media?parent=2542"}],"wp:term":[{"taxonomy":"product_brand","embeddable":true,"href":"https:\/\/pocencoffee.com\/pt\/wp-json\/wp\/v2\/product_brand?post=2542"},{"taxonomy":"product_cat","embeddable":true,"href":"https:\/\/pocencoffee.com\/pt\/wp-json\/wp\/v2\/product_cat?post=2542"},{"taxonomy":"product_tag","embeddable":true,"href":"https:\/\/pocencoffee.com\/pt\/wp-json\/wp\/v2\/product_tag?post=2542"}],"curies":[{"name":"wp","href":"https:\/\/api.w.org\/{rel}","templated":true}]}}