{"id":2550,"date":"2024-04-12T07:44:20","date_gmt":"2024-04-12T14:44:20","guid":{"rendered":"https:\/\/pocencoffee.com\/?post_type=product&#038;p=2550"},"modified":"2024-04-12T07:48:23","modified_gmt":"2024-04-12T14:48:23","slug":"mini-caixa-de-cafe-com-logotipo-personalizado","status":"publish","type":"product","link":"https:\/\/pocencoffee.com\/pt\/produto\/mini-caixa-de-cafe-com-logotipo-personalizado\/","title":{"rendered":"Mini caixa para borras de caf\u00e9 com LOGO personalizado"},"content":{"rendered":"<p><strong>Mini caixa para borras de caf\u00e9 com LOGO personalizado<\/strong><\/p>\n<p>A haste de batida \u00e9 feita de pl\u00e1stico macio, o que a torna mais silenciosa ao bater.<\/p>\n<p>A caixa de batida \u00e9 feita de pl\u00e1stico ABS, um material pl\u00e1stico dur\u00e1vel.<\/p>\n<p>Um tamanho mini \u00e9 muito bom para seu cantinho do caf\u00e9 em casa ou no escrit\u00f3rio.<\/p>\n<p>Entre em contato conosco para obter um or\u00e7amento para o seu pedido.<\/p>\n<p><img fetchpriority=\"high\" decoding=\"async\" class=\"alignnone size-medium wp-image-2555\" src=\"https:\/\/pocencoffee.com\/wp-content\/uploads\/2024\/04\/CKJ-size-300x265.jpg\" alt=\"\" width=\"300\" height=\"265\" title=\"\" srcset=\"https:\/\/pocencoffee.com\/wp-content\/uploads\/2024\/04\/CKJ-size-300x265.jpg 300w, https:\/\/pocencoffee.com\/wp-content\/uploads\/2024\/04\/CKJ-size.jpg 594w\" sizes=\"(max-width: 300px) 100vw, 300px\" \/><\/p>","protected":false},"excerpt":{"rendered":"<p><strong>Mini coffee knock box<\/strong><\/p>\n<p>Material: Pl\u00e1stico ABS.<\/p>\n<p>Tamanho: 10x10x11cm<\/p>\n<p>Cor: conforme a imagem.<\/p>\n<p>Requisitos personalizados: logotipo, embalagem<\/p>","protected":false},"featured_media":2551,"template":"","meta":[],"product_brand":[],"product_cat":[25],"product_tag":[],"class_list":{"0":"post-2550","1":"product","2":"type-product","3":"status-publish","4":"has-post-thumbnail","6":"product_cat-knock-box","8":"first","9":"instock","10":"shipping-taxable","11":"product-type-simple"},"_links":{"self":[{"href":"https:\/\/pocencoffee.com\/pt\/wp-json\/wp\/v2\/product\/2550","targetHints":{"allow":["GET"]}}],"collection":[{"href":"https:\/\/pocencoffee.com\/pt\/wp-json\/wp\/v2\/product"}],"about":[{"href":"https:\/\/pocencoffee.com\/pt\/wp-json\/wp\/v2\/types\/product"}],"version-history":[{"count":1,"href":"https:\/\/pocencoffee.com\/pt\/wp-json\/wp\/v2\/product\/2550\/revisions"}],"predecessor-version":[{"id":2556,"href":"https:\/\/pocencoffee.com\/pt\/wp-json\/wp\/v2\/product\/2550\/revisions\/2556"}],"wp:featuredmedia":[{"embeddable":true,"href":"https:\/\/pocencoffee.com\/pt\/wp-json\/wp\/v2\/media\/2551"}],"wp:attachment":[{"href":"https:\/\/pocencoffee.com\/pt\/wp-json\/wp\/v2\/media?parent=2550"}],"wp:term":[{"taxonomy":"product_brand","embeddable":true,"href":"https:\/\/pocencoffee.com\/pt\/wp-json\/wp\/v2\/product_brand?post=2550"},{"taxonomy":"product_cat","embeddable":true,"href":"https:\/\/pocencoffee.com\/pt\/wp-json\/wp\/v2\/product_cat?post=2550"},{"taxonomy":"product_tag","embeddable":true,"href":"https:\/\/pocencoffee.com\/pt\/wp-json\/wp\/v2\/product_tag?post=2550"}],"curies":[{"name":"wp","href":"https:\/\/api.w.org\/{rel}","templated":true}]}}