{"id":2557,"date":"2024-04-12T07:49:59","date_gmt":"2024-04-12T14:49:59","guid":{"rendered":"https:\/\/pocencoffee.com\/?post_type=product&#038;p=2557"},"modified":"2024-04-12T07:57:54","modified_gmt":"2024-04-12T14:57:54","slug":"encomenda-oem-de-caixote-para-borras-de-cafe","status":"publish","type":"product","link":"https:\/\/pocencoffee.com\/pt\/produto\/encomenda-oem-de-caixote-para-borras-de-cafe\/","title":{"rendered":"Encomenda OEM S\/S caixa para borras de caf\u00e9"},"content":{"rendered":"<p><strong>Encomenda OEM S\/S caixa para borras de caf\u00e9<\/strong><\/p>\n<p>Esta caixa para borras \u00e9 feita de a\u00e7o inoxid\u00e1vel, com um fundo macio em EVA para evitar deslizamentos. Assim como a vara macia para bater.<\/p>\n<p>A haste macia para bater \u00e9 revestida com um material espesso e macio. \u00c9 resistente o suficiente para suportar todas as batidas, al\u00e9m de emitir um som baixo.<\/p>\n<p>Entre em contato conosco para obter um or\u00e7amento para o seu pedido.<\/p>","protected":false},"excerpt":{"rendered":"<p><strong>caixote para borras de caf\u00e9<\/strong><\/p>\n<p>Material: a\u00e7o inoxid\u00e1vel 201, haste macia.<\/p>\n<p>Tamanho: A 11,2 x 11,2 cm; A 15,8 x 14 cm;<\/p>\n<p>Cor: preto, cor natural S\/S.<\/p>\n<p>Requisitos personalizados: logotipo, embalagem<\/p>","protected":false},"featured_media":2558,"template":"","meta":[],"product_brand":[],"product_cat":[25],"product_tag":[],"class_list":{"0":"post-2557","1":"product","2":"type-product","3":"status-publish","4":"has-post-thumbnail","6":"product_cat-knock-box","8":"first","9":"instock","10":"shipping-taxable","11":"product-type-simple"},"_links":{"self":[{"href":"https:\/\/pocencoffee.com\/pt\/wp-json\/wp\/v2\/product\/2557","targetHints":{"allow":["GET"]}}],"collection":[{"href":"https:\/\/pocencoffee.com\/pt\/wp-json\/wp\/v2\/product"}],"about":[{"href":"https:\/\/pocencoffee.com\/pt\/wp-json\/wp\/v2\/types\/product"}],"version-history":[{"count":3,"href":"https:\/\/pocencoffee.com\/pt\/wp-json\/wp\/v2\/product\/2557\/revisions"}],"predecessor-version":[{"id":2566,"href":"https:\/\/pocencoffee.com\/pt\/wp-json\/wp\/v2\/product\/2557\/revisions\/2566"}],"wp:featuredmedia":[{"embeddable":true,"href":"https:\/\/pocencoffee.com\/pt\/wp-json\/wp\/v2\/media\/2558"}],"wp:attachment":[{"href":"https:\/\/pocencoffee.com\/pt\/wp-json\/wp\/v2\/media?parent=2557"}],"wp:term":[{"taxonomy":"product_brand","embeddable":true,"href":"https:\/\/pocencoffee.com\/pt\/wp-json\/wp\/v2\/product_brand?post=2557"},{"taxonomy":"product_cat","embeddable":true,"href":"https:\/\/pocencoffee.com\/pt\/wp-json\/wp\/v2\/product_cat?post=2557"},{"taxonomy":"product_tag","embeddable":true,"href":"https:\/\/pocencoffee.com\/pt\/wp-json\/wp\/v2\/product_tag?post=2557"}],"curies":[{"name":"wp","href":"https:\/\/api.w.org\/{rel}","templated":true}]}}