{"id":2567,"date":"2024-04-12T07:58:20","date_gmt":"2024-04-12T14:58:20","guid":{"rendered":"https:\/\/pocencoffee.com\/?post_type=product&#038;p=2567"},"modified":"2024-04-12T08:09:42","modified_gmt":"2024-04-12T15:09:42","slug":"caixa-de-batida-de-aco-inoxidavel-de-fabrica","status":"publish","type":"product","link":"https:\/\/pocencoffee.com\/pt\/produto\/caixa-de-batida-de-aco-inoxidavel-de-fabrica\/","title":{"rendered":"Caixa de res\u00edduos de a\u00e7o inoxid\u00e1vel de f\u00e1brica"},"content":{"rendered":"<p><strong>Caixa de res\u00edduos de a\u00e7o inoxid\u00e1vel de f\u00e1brica<\/strong><\/p>\n<p>Essa caixa de batida \u00e9 feita de a\u00e7o inoxid\u00e1vel, com uma haste de batida macia.<\/p>\n<p>A vara de bater \u00e9 revestida com um material espesso e macio. \u00c9 resistente o suficiente para suportar todas as batidas, al\u00e9m de emitir um som baixo.<\/p>\n<p>H\u00e1 tr\u00eas tamanhos.<\/p>\n<p>Entre em contato conosco para obter um or\u00e7amento para o seu pedido.<\/p>\n<p><img fetchpriority=\"high\" decoding=\"async\" class=\"alignnone size-medium wp-image-2572\" style=\"font-weight: inherit;\" src=\"https:\/\/pocencoffee.com\/wp-content\/uploads\/2024\/04\/CKL-small-SS-knock-bin-300x300.jpg\" alt=\"\" width=\"300\" height=\"300\" title=\"\" srcset=\"https:\/\/pocencoffee.com\/wp-content\/uploads\/2024\/04\/CKL-small-SS-knock-bin-300x300.jpg 300w, https:\/\/pocencoffee.com\/wp-content\/uploads\/2024\/04\/CKL-small-SS-knock-bin-150x150.jpg 150w, https:\/\/pocencoffee.com\/wp-content\/uploads\/2024\/04\/CKL-small-SS-knock-bin-100x100.jpg 100w, https:\/\/pocencoffee.com\/wp-content\/uploads\/2024\/04\/CKL-small-SS-knock-bin.jpg 600w\" sizes=\"(max-width: 300px) 100vw, 300px\" \/><img decoding=\"async\" class=\"alignnone size-medium wp-image-2571\" src=\"https:\/\/pocencoffee.com\/wp-content\/uploads\/2024\/04\/CKL-large-knock-bin-300x300.jpg\" alt=\"\" width=\"300\" height=\"300\" title=\"\" srcset=\"https:\/\/pocencoffee.com\/wp-content\/uploads\/2024\/04\/CKL-large-knock-bin-300x300.jpg 300w, https:\/\/pocencoffee.com\/wp-content\/uploads\/2024\/04\/CKL-large-knock-bin-150x150.jpg 150w, https:\/\/pocencoffee.com\/wp-content\/uploads\/2024\/04\/CKL-large-knock-bin-100x100.jpg 100w, https:\/\/pocencoffee.com\/wp-content\/uploads\/2024\/04\/CKL-large-knock-bin.jpg 600w\" sizes=\"(max-width: 300px) 100vw, 300px\" \/> \u00a0<img decoding=\"async\" class=\"alignnone size-medium wp-image-2573\" src=\"https:\/\/pocencoffee.com\/wp-content\/uploads\/2024\/04\/CKL-xl-knock-bin-300x300.jpg\" alt=\"\" width=\"300\" height=\"300\" title=\"\" srcset=\"https:\/\/pocencoffee.com\/wp-content\/uploads\/2024\/04\/CKL-xl-knock-bin-300x300.jpg 300w, https:\/\/pocencoffee.com\/wp-content\/uploads\/2024\/04\/CKL-xl-knock-bin-150x150.jpg 150w, https:\/\/pocencoffee.com\/wp-content\/uploads\/2024\/04\/CKL-xl-knock-bin-100x100.jpg 100w, https:\/\/pocencoffee.com\/wp-content\/uploads\/2024\/04\/CKL-xl-knock-bin.jpg 600w\" sizes=\"(max-width: 300px) 100vw, 300px\" \/><\/p>","protected":false},"excerpt":{"rendered":"<p><strong>Caixa de batida de a\u00e7o inoxid\u00e1vel<\/strong><\/p>\n<p>Material: a\u00e7o inoxid\u00e1vel 201, haste macia.<\/p>\n<p>Tamanho: 18x16x9,5cm; 17,5\u00d716,5\u00d714,5cm; 26,5x16x10cm.<\/p>\n<p>Cor: como na imagem, ou preto.<\/p>\n<p>Requisitos personalizados: logotipo, embalagem<\/p>","protected":false},"featured_media":2568,"template":"","meta":[],"product_brand":[],"product_cat":[25],"product_tag":[],"class_list":{"0":"post-2567","1":"product","2":"type-product","3":"status-publish","4":"has-post-thumbnail","6":"product_cat-knock-box","8":"first","9":"instock","10":"shipping-taxable","11":"product-type-simple"},"_links":{"self":[{"href":"https:\/\/pocencoffee.com\/pt\/wp-json\/wp\/v2\/product\/2567","targetHints":{"allow":["GET"]}}],"collection":[{"href":"https:\/\/pocencoffee.com\/pt\/wp-json\/wp\/v2\/product"}],"about":[{"href":"https:\/\/pocencoffee.com\/pt\/wp-json\/wp\/v2\/types\/product"}],"version-history":[{"count":1,"href":"https:\/\/pocencoffee.com\/pt\/wp-json\/wp\/v2\/product\/2567\/revisions"}],"predecessor-version":[{"id":2574,"href":"https:\/\/pocencoffee.com\/pt\/wp-json\/wp\/v2\/product\/2567\/revisions\/2574"}],"wp:featuredmedia":[{"embeddable":true,"href":"https:\/\/pocencoffee.com\/pt\/wp-json\/wp\/v2\/media\/2568"}],"wp:attachment":[{"href":"https:\/\/pocencoffee.com\/pt\/wp-json\/wp\/v2\/media?parent=2567"}],"wp:term":[{"taxonomy":"product_brand","embeddable":true,"href":"https:\/\/pocencoffee.com\/pt\/wp-json\/wp\/v2\/product_brand?post=2567"},{"taxonomy":"product_cat","embeddable":true,"href":"https:\/\/pocencoffee.com\/pt\/wp-json\/wp\/v2\/product_cat?post=2567"},{"taxonomy":"product_tag","embeddable":true,"href":"https:\/\/pocencoffee.com\/pt\/wp-json\/wp\/v2\/product_tag?post=2567"}],"curies":[{"name":"wp","href":"https:\/\/api.w.org\/{rel}","templated":true}]}}