{"id":2592,"date":"2024-04-25T00:15:05","date_gmt":"2024-04-25T07:15:05","guid":{"rendered":"https:\/\/pocencoffee.com\/?post_type=product&#038;p=2592"},"modified":"2024-04-25T00:52:07","modified_gmt":"2024-04-25T07:52:07","slug":"chaleira-de-cafe-manual-preta","status":"publish","type":"product","link":"https:\/\/pocencoffee.com\/pt\/produto\/chaleira-de-cafe-manual-preta\/","title":{"rendered":"Chaleira para caf\u00e9 preta para servir manualmente"},"content":{"rendered":"<p><strong>Chaleira para caf\u00e9 preta para servir manualmente<\/strong><\/p>\n<p>Esta chaleira tem um design perfeito para o bico e a al\u00e7a de servir.<\/p>\n<p>O pesco\u00e7o longo e o \u00e2ngulo perfeito do bico de vazamento proporcionam um bom controle sobre o fluxo de \u00e1gua.<\/p>\n<p>A al\u00e7a \u00e9 adequada para segurar com a m\u00e3o e ajusta a a\u00e7\u00e3o de servir.<\/p>\n<p>&nbsp;<\/p>","protected":false},"excerpt":{"rendered":"<p>Chaleira de caf\u00e9 com orif\u00edcio de ar para inserir o leitor de temperatura<\/p>\n<p>Normas: LFGB, FDA. .<\/p>\n<p>Material: A\u00e7o inoxid\u00e1vel 304<\/p>\n<p>Capacidade: 350 ml; 600 ml.<\/p>\n<p>Cor: preto ou personaliza\u00e7\u00e3o.<\/p>\n<p>Personaliza\u00e7\u00e3o: cor, tamanho, embalagem, logotipo.<\/p>","protected":false},"featured_media":2595,"template":"","meta":[],"product_brand":[],"product_cat":[24],"product_tag":[],"class_list":{"0":"post-2592","1":"product","2":"type-product","3":"status-publish","4":"has-post-thumbnail","6":"product_cat-pour-over-kettle","8":"first","9":"instock","10":"shipping-taxable","11":"product-type-simple"},"_links":{"self":[{"href":"https:\/\/pocencoffee.com\/pt\/wp-json\/wp\/v2\/product\/2592","targetHints":{"allow":["GET"]}}],"collection":[{"href":"https:\/\/pocencoffee.com\/pt\/wp-json\/wp\/v2\/product"}],"about":[{"href":"https:\/\/pocencoffee.com\/pt\/wp-json\/wp\/v2\/types\/product"}],"version-history":[{"count":1,"href":"https:\/\/pocencoffee.com\/pt\/wp-json\/wp\/v2\/product\/2592\/revisions"}],"predecessor-version":[{"id":2603,"href":"https:\/\/pocencoffee.com\/pt\/wp-json\/wp\/v2\/product\/2592\/revisions\/2603"}],"wp:featuredmedia":[{"embeddable":true,"href":"https:\/\/pocencoffee.com\/pt\/wp-json\/wp\/v2\/media\/2595"}],"wp:attachment":[{"href":"https:\/\/pocencoffee.com\/pt\/wp-json\/wp\/v2\/media?parent=2592"}],"wp:term":[{"taxonomy":"product_brand","embeddable":true,"href":"https:\/\/pocencoffee.com\/pt\/wp-json\/wp\/v2\/product_brand?post=2592"},{"taxonomy":"product_cat","embeddable":true,"href":"https:\/\/pocencoffee.com\/pt\/wp-json\/wp\/v2\/product_cat?post=2592"},{"taxonomy":"product_tag","embeddable":true,"href":"https:\/\/pocencoffee.com\/pt\/wp-json\/wp\/v2\/product_tag?post=2592"}],"curies":[{"name":"wp","href":"https:\/\/api.w.org\/{rel}","templated":true}]}}